{"id":147998,"date":"2021-01-15T10:56:24","date_gmt":"2021-01-15T10:56:24","guid":{"rendered":"https:\/\/codengine3.ch\/?product=import-placeholder-for-207203"},"modified":"2023-01-30T16:40:05","modified_gmt":"2023-01-30T15:40:05","slug":"glaces-arts-experiences-et-techniques","status":"publish","type":"product","link":"https:\/\/pizbube.ch\/en\/shop\/glaces-arts-experiences-et-techniques\/","title":{"rendered":"GLACES &#8211; arts, exp\u00e9riences et techniques"},"content":{"rendered":"<p>Glaces: arts, exp\u00e9rience et technique<br \/>\nCe livre pr\u00e9sente l\u2019escalade sur glace depuis les ascensions alpines jusqu\u2019\u00e0<br \/>\nla pratique du &#8218;Dry-tooling&#8216; en abordant ses aspects historiques, mat\u00e9riels et<br \/>\ntechniques.<br \/>\nMais il va au-del\u00e0 en proposant pour la premi\u00e8re fois une m\u00e9thode der\u00e9duction<br \/>\ndes risques, le &#8218;check &amp; go&#8216;, qui comporte une analyse des diff\u00e9rentes<br \/>\nstructures de glace.<\/p>\n<p>Avec une vis\u00e9e p\u00e9dagogique, il r\u00e9pond \u00e0 de multiples questions que peuvent se<br \/>\nposer les d\u00e9butants comme les experts mais aussi lesencadrants techniques de<br \/>\ncette activit\u00e9, en club et collectivit\u00e9s.<br \/>\nIl est par ailleurs illustr\u00e9 par des t\u00e9moignages et des photos d\u2019alpinistes<br \/>\ninternationaux qui font aujourd\u2019hui r\u00e9f\u00e9rence dans ce milieu.<br \/>\n264 pages en quadrichromie, format : 210 x 265, couverture cartonn\u00e9e avec<br \/>\nrabats.<\/p>","protected":false},"excerpt":{"rendered":"<ul>\n<li><a href=\"https:\/\/youtu.be\/7xFPIOBNj4c#!\" target=\"_blank\" rel=\"noopener\">Video: Glaces, le livre<\/a><\/li>\n<\/ul>","protected":false},"featured_media":36847,"template":"","meta":[],"product_brand":[],"product_cat":[21538],"product_tag":[],"class_list":{"0":"post-147998","1":"product","2":"type-product","3":"status-publish","4":"has-post-thumbnail","6":"product_cat-lehrbuecher","7":"pa_autor-blanc-gras-ibarra","8":"pa_erscheinungsjahr-21610","9":"pa_region-alpin-winter","10":"pa_sprache-fr","12":"first","13":"outofstock","14":"taxable","15":"shipping-taxable","16":"purchasable","17":"product-type-simple"},"_links":{"self":[{"href":"https:\/\/pizbube.ch\/en\/wp-json\/wp\/v2\/product\/147998","targetHints":{"allow":["GET"]}}],"collection":[{"href":"https:\/\/pizbube.ch\/en\/wp-json\/wp\/v2\/product"}],"about":[{"href":"https:\/\/pizbube.ch\/en\/wp-json\/wp\/v2\/types\/product"}],"wp:featuredmedia":[{"embeddable":true,"href":"https:\/\/pizbube.ch\/en\/wp-json\/wp\/v2\/media\/36847"}],"wp:attachment":[{"href":"https:\/\/pizbube.ch\/en\/wp-json\/wp\/v2\/media?parent=147998"}],"wp:term":[{"taxonomy":"product_brand","embeddable":true,"href":"https:\/\/pizbube.ch\/en\/wp-json\/wp\/v2\/product_brand?post=147998"},{"taxonomy":"product_cat","embeddable":true,"href":"https:\/\/pizbube.ch\/en\/wp-json\/wp\/v2\/product_cat?post=147998"},{"taxonomy":"product_tag","embeddable":true,"href":"https:\/\/pizbube.ch\/en\/wp-json\/wp\/v2\/product_tag?post=147998"}],"curies":[{"name":"wp","href":"https:\/\/api.w.org\/{rel}","templated":true}]}}