{"id":147999,"date":"2021-01-15T10:56:24","date_gmt":"2021-01-15T10:56:24","guid":{"rendered":"https:\/\/codengine3.ch\/?product=import-placeholder-for-207555"},"modified":"2021-01-15T16:04:34","modified_gmt":"2021-01-15T16:04:34","slug":"das-eiskletterbuch","status":"publish","type":"product","link":"https:\/\/pizbube.ch\/en\/shop\/das-eiskletterbuch\/","title":{"rendered":"DAS EISKLETTERBUCH"},"content":{"rendered":"<p>Richtig Bewegen und Sichern im Eis.<\/p>\n<p>&#171;Das Eiskletterbuch &#8211; Richtig Bewegen und Sichern im Eis&#187; erscheint in der<br \/>\nFachbuchreihe \u201eWissen f\u00fcr die Praxis\u201c und beschreibt ausf\u00fchrlich alle, f\u00fcr das<br \/>\nEisklettern relevanten Themenbereiche: Die richtige Ausr\u00fcstung, die<br \/>\nverschiedenen Eisarten, die Risiken und das Risikomanagement, bis hin zur<br \/>\nEiskletter-Technik und den Sicherungsm\u00f6glichkeiten im Eis.<\/p>\n<p>Das Buch h\u00e4lt sich fachlich an die aktuelle Lehr- und Schulmeinung der<br \/>\n\u00f6sterreichischen Bergf\u00fchrerausbildung und ber\u00fccksichtigt neueste Erkenntnisse,<br \/>\nEmpfehlungen und Untersuchungsergebnisse alpiner und staatlicher<br \/>\nInstitutionen.<\/p>\n<p>Der Autor arbeitet die einzelnen Themen umfassend auf, ohne sich im Detail zu<br \/>\nverlieren. Die wichtigsten Themenbereiche werden sehr deutlich und klar<br \/>\nillustriert.<\/p>\n<p>F\u00fcr den Einsteiger dient das Buch als Lehrbuch. Der fortgeschrittene<br \/>\nEiskletterer findet so manchen Trick und kann sein Wissen in vielen Bereichen<br \/>\nweiter vertiefen. Das Eiskletterbuch ist aber auch als Kursunterlage oder als<br \/>\nLeitfaden f\u00fcr den Eiskletterkurs gedacht und deshalb auch f\u00fcr jeden Kursleiter<br \/>\nsowie Berg- und Skif\u00fchrer interessant.<\/p>","protected":false},"excerpt":{"rendered":"<ul>\n<li><a href=\"https:\/\/pizbube.ch\/wp-content\/uploads\/attachments\/a_025\/94895CB9FFAB188E535D4461CC55B839.pdf\" target=\"_blank\" rel=\"noopener\">PDF: Leseprobe Eiskletterlehrbuch<\/a><\/li>\n<\/ul>","protected":false},"featured_media":37797,"template":"","meta":[],"product_brand":[],"product_cat":[21538],"product_tag":[],"class_list":{"0":"post-147999","1":"product","2":"type-product","3":"status-publish","4":"has-post-thumbnail","6":"product_cat-lehrbuecher","7":"pa_autor-moser","8":"pa_erscheinungsjahr-21568","9":"pa_region-alpin-winter","10":"pa_sprache-de","12":"first","13":"instock","14":"taxable","15":"shipping-taxable","16":"purchasable","17":"product-type-simple"},"_links":{"self":[{"href":"https:\/\/pizbube.ch\/en\/wp-json\/wp\/v2\/product\/147999","targetHints":{"allow":["GET"]}}],"collection":[{"href":"https:\/\/pizbube.ch\/en\/wp-json\/wp\/v2\/product"}],"about":[{"href":"https:\/\/pizbube.ch\/en\/wp-json\/wp\/v2\/types\/product"}],"wp:featuredmedia":[{"embeddable":true,"href":"https:\/\/pizbube.ch\/en\/wp-json\/wp\/v2\/media\/37797"}],"wp:attachment":[{"href":"https:\/\/pizbube.ch\/en\/wp-json\/wp\/v2\/media?parent=147999"}],"wp:term":[{"taxonomy":"product_brand","embeddable":true,"href":"https:\/\/pizbube.ch\/en\/wp-json\/wp\/v2\/product_brand?post=147999"},{"taxonomy":"product_cat","embeddable":true,"href":"https:\/\/pizbube.ch\/en\/wp-json\/wp\/v2\/product_cat?post=147999"},{"taxonomy":"product_tag","embeddable":true,"href":"https:\/\/pizbube.ch\/en\/wp-json\/wp\/v2\/product_tag?post=147999"}],"curies":[{"name":"wp","href":"https:\/\/api.w.org\/{rel}","templated":true}]}}