{"id":148000,"date":"2021-01-15T10:56:24","date_gmt":"2021-01-15T10:56:24","guid":{"rendered":"https:\/\/codengine3.ch\/?product=import-placeholder-for-207811"},"modified":"2021-01-15T16:58:53","modified_gmt":"2021-01-15T16:58:53","slug":"les-sept-vies-de-francois-damilano","status":"publish","type":"product","link":"https:\/\/pizbube.ch\/en\/shop\/les-sept-vies-de-francois-damilano\/","title":{"rendered":"Les sept vies de Fran\u00e7ois Damilano"},"content":{"rendered":"<p>Lundi 24 ao\u00fbt 1992, dernier jour de la grande travers\u00e9e en solitaire du massif<br \/>\ndu Mont-Blanc par les cimes pour Fran\u00e7ois : quelques pas sur l\u2019ar\u00eate K\u00fcffner<br \/>\ntrop enneig\u00e9e \u00e0 son go\u00fbt. Plan B : \u00e9peron de la Brenva par les pentes<br \/>\nG\u00fcssfeld, mont Blanc, aiguille de Bionnassay en glace, puis descente vers le<br \/>\nrefuge Durier et son gardien incr\u00e9dule. \u2013 Vous \u00eates le guide qui traverse ? \u2013<br \/>\nOui \u2013 All\u00f4, le PG, le guide qui traverse est l\u00e0, faut pas s\u2019inqui\u00e9ter !<\/p>\n<p>Le guide qui traverse\u2026 quel beau titre pour un chef-d\u2019\u0153uvre, pour une vie qui<br \/>\nse joue \u00e0 d\u00e9cliner toutes les expressions de la verticalit\u00e9. \u00bb Dans les ann\u00e9es<br \/>\n1980, Fran\u00e7ois Damilano est entr\u00e9 dans le petit cercle des grands noms de<br \/>\nl\u2019alpinisme fran\u00e7ais en inscrivant la cascade de glace comme une discipline<br \/>\nnouvelle puis bient\u00f4t r\u00e9f\u00e9rentielle dans les pratiques de montagne. La cord\u00e9e<br \/>\nqu\u2019il va former avec son ami Godefroy Perroux sera pour beaucoup dans l\u2019essor<br \/>\nde l\u2019escalade sur glace.  <\/p>\n<p>Lui, Fran\u00e7ois, le jeune gar\u00e7on du Mans, nourri par les r\u00e9cits de ses a\u00een\u00e9s et<br \/>\nles sorties familiales au grand air, s\u2019est invent\u00e9 un destin, sept vies m\u00eame,<br \/>\npour assouvir ses passions, renon\u00e7ant \u00e0 choisir entre tous les possibles d\u2019une<br \/>\nvie r\u00eav\u00e9e d\u2019aventurier, les pieds sur terre. Guide de haute montagne comme une<br \/>\n\u00e9vidence, il s\u2019est \u00e9galement r\u00e9alis\u00e9 dans une pratique de haut niveau, solide<br \/>\net exigeante, entre solos et exp\u00e9ditions, entre Alpes et Himalaya. Il devient<br \/>\n\u00e9diteur, auteur de topos, r\u00e9alisateur de films jusqu\u2019au sommet de l\u2019Everest en<br \/>\n2014, fid\u00e8le \u00e0 ce d\u00e9sir de \u00ab penser \u00bb son univers, le partager et le<br \/>\ntransmettre.<\/p>\n<p>Fran\u00e7ois Damilano a bien sept vies. Pas une de moins, men\u00e9es tambour battant,<br \/>\nen plus de celle que tout le monde poursuit.  <\/p>","protected":false},"excerpt":{"rendered":"<ul>\n<li><a href=\"https:\/\/youtu.be\/WoRBSlowefM\" target=\"_blank\" rel=\"noopener\">Video: Les 7 vies de Fran\u00e7ois Damilano<\/a><\/li>\n<\/ul>","protected":false},"featured_media":38519,"template":"","meta":[],"product_brand":[],"product_cat":[21542],"product_tag":[],"class_list":{"0":"post-148000","1":"product","2":"type-product","3":"status-publish","4":"has-post-thumbnail","6":"product_cat-sachbuecher-dokumentationen","7":"pa_autor-sapin-defour","8":"pa_erscheinungsjahr-21546","9":"pa_region-frankreich","10":"pa_sprache-fr","12":"first","13":"instock","14":"taxable","15":"shipping-taxable","16":"purchasable","17":"product-type-simple"},"_links":{"self":[{"href":"https:\/\/pizbube.ch\/en\/wp-json\/wp\/v2\/product\/148000","targetHints":{"allow":["GET"]}}],"collection":[{"href":"https:\/\/pizbube.ch\/en\/wp-json\/wp\/v2\/product"}],"about":[{"href":"https:\/\/pizbube.ch\/en\/wp-json\/wp\/v2\/types\/product"}],"wp:featuredmedia":[{"embeddable":true,"href":"https:\/\/pizbube.ch\/en\/wp-json\/wp\/v2\/media\/38519"}],"wp:attachment":[{"href":"https:\/\/pizbube.ch\/en\/wp-json\/wp\/v2\/media?parent=148000"}],"wp:term":[{"taxonomy":"product_brand","embeddable":true,"href":"https:\/\/pizbube.ch\/en\/wp-json\/wp\/v2\/product_brand?post=148000"},{"taxonomy":"product_cat","embeddable":true,"href":"https:\/\/pizbube.ch\/en\/wp-json\/wp\/v2\/product_cat?post=148000"},{"taxonomy":"product_tag","embeddable":true,"href":"https:\/\/pizbube.ch\/en\/wp-json\/wp\/v2\/product_tag?post=148000"}],"curies":[{"name":"wp","href":"https:\/\/api.w.org\/{rel}","templated":true}]}}