{"id":148001,"date":"2021-01-15T10:56:24","date_gmt":"2021-01-15T10:56:24","guid":{"rendered":"https:\/\/codengine3.ch\/?product=import-placeholder-for-203186"},"modified":"2021-01-15T12:54:55","modified_gmt":"2021-01-15T12:54:55","slug":"parco-naturale-alpe-veglia-e-alpe-devero-valle-antigorio-val-formazza-val-divedro-domodossola-150000","status":"publish","type":"product","link":"https:\/\/pizbube.ch\/en\/shop\/parco-naturale-alpe-veglia-e-alpe-devero-valle-antigorio-val-formazza-val-divedro-domodossola-150000\/","title":{"rendered":"Parco Naturale Alpe Veglia e Alpe Devero, Valle Antigorio, Val Formazza, Val Divedro, Domodossola 1:50&#8217;000"},"content":{"rendered":"<p>\u00c1lpe D\u00e9vero, Bac\u00e9no, Bogn\u00e1nco F\u00f3nti, Cr\u00f3do, Form\u00e1zza, Santa Maria Maggi\u00f3re,<br \/>\nVillad\u00f3ssola, Valledi C\u00e1mpo, Zwischbergen.<br \/>\nBlatt 89 \/ WK 89  <\/p>\n<p>Mit Skirouten; Con itinerari sci alpinismo. Sentieri e rifugi. In<br \/>\nPlastikh\u00fclle.<\/p>\n<p>4in1 Wanderkarte &#8211; Englisch \/ Deutsch \/ Italienisch, mit Aktiv Guide, Karten;<br \/>\nmit Download-M\u00f6glichkeit Kompass-App<br \/>\nDie 4in1 Wanderkarte ist jetzt noch \u00fcbersichtlicher und besser lesbar. Die<br \/>\nWanderkarten aus den Top-Wanderregionen sind mit einer zus\u00e4tzlichen Karte im<br \/>\nDetailma\u00dfstab ausgestattet. Der Aktiv Guide informiert Sie rund um das Thema<br \/>\nOutdoor und die kostenlose App f\u00fcr unterwegs gibt es auch noch dazu. Das<br \/>\nbildet die perfekte Grundlage f\u00fcr die Planung einer Wandertour. Die pr\u00e4zise<br \/>\nKartografie zeigt alle begehbaren Wanderwege inklusive Klassifizierung.<br \/>\nInformationen wie Schwimmb\u00e4der, Klettersteige, Kinderspielpl\u00e4tze, H\u00fctten und<br \/>\nvieles mehr sind in der Karte ebenfalls enthalten. Dank der rei\u00df- und<br \/>\nwetterfesten Papierqualit\u00e4t ist die Karte bei jedem Wetter ein treuer<br \/>\nBegleiter.<\/p>","protected":false},"excerpt":{"rendered":"<p>\u00c1lpe D\u00e9vero, Bac\u00e9no, Bogn\u00e1nco F\u00f3nti, Cr\u00f3do, Form\u00e1zza, Santa Maria Maggi\u00f3re, Villad\u00f3ssola, Valledi C\u00e1mpo, Zwischbergen. Blatt 89 \/ WK 89 Mit Skirouten; Con itinerari sci alpinismo. Sentieri e rifugi. In Plastikh\u00fclle. 4in1 Wanderkarte &#8211; Englisch \/ Deutsch \/ Italienisch, mit Aktiv Guide, Karten; mit Download-M\u00f6glichkeit Kompass-App Die 4in1 Wanderkarte ist jetzt noch \u00fcbersichtlicher und besser lesbar. [&#8230;]\n","protected":false},"featured_media":33047,"template":"","meta":[],"product_brand":[],"product_cat":[21543],"product_tag":[],"class_list":{"0":"post-148001","1":"product","2":"type-product","3":"status-publish","4":"has-post-thumbnail","6":"product_cat-landkarten","7":"pa_autor-kompass","8":"pa_erscheinungsjahr-21546","9":"pa_region-italien","10":"pa_sprache-de-it","12":"first","13":"instock","14":"taxable","15":"shipping-taxable","16":"purchasable","17":"product-type-simple"},"_links":{"self":[{"href":"https:\/\/pizbube.ch\/en\/wp-json\/wp\/v2\/product\/148001","targetHints":{"allow":["GET"]}}],"collection":[{"href":"https:\/\/pizbube.ch\/en\/wp-json\/wp\/v2\/product"}],"about":[{"href":"https:\/\/pizbube.ch\/en\/wp-json\/wp\/v2\/types\/product"}],"wp:featuredmedia":[{"embeddable":true,"href":"https:\/\/pizbube.ch\/en\/wp-json\/wp\/v2\/media\/33047"}],"wp:attachment":[{"href":"https:\/\/pizbube.ch\/en\/wp-json\/wp\/v2\/media?parent=148001"}],"wp:term":[{"taxonomy":"product_brand","embeddable":true,"href":"https:\/\/pizbube.ch\/en\/wp-json\/wp\/v2\/product_brand?post=148001"},{"taxonomy":"product_cat","embeddable":true,"href":"https:\/\/pizbube.ch\/en\/wp-json\/wp\/v2\/product_cat?post=148001"},{"taxonomy":"product_tag","embeddable":true,"href":"https:\/\/pizbube.ch\/en\/wp-json\/wp\/v2\/product_tag?post=148001"}],"curies":[{"name":"wp","href":"https:\/\/api.w.org\/{rel}","templated":true}]}}