{"id":148002,"date":"2021-01-15T10:56:24","date_gmt":"2021-01-15T10:56:24","guid":{"rendered":"https:\/\/codengine3.ch\/?product=import-placeholder-for-208173"},"modified":"2022-12-01T16:56:35","modified_gmt":"2022-12-01T15:56:35","slug":"lalpe-78-climat-sale-temps-pour-les-glaciers","status":"publish","type":"product","link":"https:\/\/pizbube.ch\/en\/shop\/lalpe-78-climat-sale-temps-pour-les-glaciers\/","title":{"rendered":"L\u2019Alpe 78: Climat &#8211; sale temps pour les glaciers"},"content":{"rendered":"<p>Pour vous, le r\u00e9chauffement climatique n\u2019\u00e9voque rien ? Pas \u00e9tonnant ! On<br \/>\nconfond encore trop facilement m\u00e9t\u00e9o et climat. Alors, venez donc dans les<br \/>\nAlpes\u2026 Installez-vous avec moi sur cette magnifique terrasse de bistrot en<br \/>\nface des glaciers de la Meije et puis retournez-y un an plus tard. Vous<br \/>\ncomprendrez tout ! Ceux qui vivent aujourd\u2019hui en montagne visualisent en<br \/>\ntemps r\u00e9el les d\u00e9g\u00e2ts caus\u00e9s. Allez Donald, fais un effort. Je t\u2019offre une<br \/>\nmousse \u00e0 La Grave (ou tu m\u2019invites dans les Rocheuses) et tu y verras fondre<br \/>\nles glaciers. Quasiment \u00e0 vue d\u2019\u0153il !<\/p>\n<p><span id=\"ctl00_Content_reviewBox\" class=\"DefaultText\">Alors que la COP 23 se tiendra du 6 au 17 novembre \u00e0 Bonn, la revue L&#8217;ALPE consacre son num\u00e9ro d&#8217;automne au climat, th\u00e8me crucial pour notre g\u00e9n\u00e9ration et celles \u00e0 venir en croisant les apports de diff\u00e9rentes disciplines (arch\u00e9ologie, glaciologie, botanique, histoire, beaux-arts, etc.). \u00c0 l&#8217;instar des deux p\u00f4les, les Alpes sont un lieu d&#8217;observation privil\u00e9gi\u00e9 du r\u00e9chauffement climatique, o\u00f9 la fonte des glaciers ne rel\u00e8ve pas de la th\u00e9orie mais se constate de visu. Un laboratoire \u00e0 ciel ouvert pour les scientifiques qui \u00e9tudient son impact sur la flore et la faune en utilisant les variations de temp\u00e9rature selon l&#8217;altitude.<\/span><\/p>\n<p>L\u2019Alpe ist die erste Zeitschrift, die sich ausschlie\u00dflich dem alpinen<br \/>\nKulturerbe Europas widmet, und wendet sich an eine Leserschaft, die ihren<br \/>\nWissenshorizont erweitern und hinterfragen m\u00f6chte. Ihr Ziel : \u00fcber<br \/>\nSprachbarrieren hinweg informieren. Als Forum f\u00fcr Entdeckungen und Begegnungen<br \/>\nrichtet L\u2019Alpe das Augenmerk auf die Menschen, die sich zwischen Donau und<br \/>\nRh\u00f4ne einem einzigartigen Lebensraum angepasst haben.<\/p>\n<p>L\u2019Alpe weist sowohl Merkmale eines Buches als auch eines Magazins auf : Auf<br \/>\nder einen Seite enth\u00e4lt L\u2019Alpe Beitr\u00e4ge renommierter Autoren zu einem<br \/>\nthematischen Schwerpunkt, die sich durch analytische Klarheit und ein hohes<br \/>\nNiveau auszeichnen. Auf der anderen Seite erscheint L\u2019Alpe in<br \/>\nviertelj\u00e4hrlichen Abst\u00e4nden und bietet so hinreichend Raum f\u00fcr Diskussionen.<br \/>\nAuch die vielseitige Illustration, die journalistische Neugier und der<br \/>\ndidaktische Ansatz sind Kennzeichen eines anspruchsvollen Magazins.<\/p>\n<p>Obwohl L\u2019Alpe sich auf ein solides Faktenwissen st\u00fctzt, erhebt die Zeitschrift<br \/>\nkeinen wissenschaftlichen Anspruch ; Geschichte, Geographie, Arch\u00e4ologie und<br \/>\nEthnologie dienen als Rahmen, um Spuren und Zeugnisse, welche die Menschen im<br \/>\nAlpenraum hinterlassen haben, richtig einordnen zu k\u00f6nnen. Doch L\u2019Alpe wendet<br \/>\nden Blick nicht nur in die Vergangenheit, sondern ist auch offen f\u00fcr<br \/>\nDiskussionen \u00fcber die Zukunft der Alpen und der Gebirgsregionen in aller Welt.<\/p>","protected":false},"excerpt":{"rendered":"<p>Pour vous, le r\u00e9chauffement climatique n\u2019\u00e9voque rien ? Pas \u00e9tonnant ! On confond encore trop facilement m\u00e9t\u00e9o et climat. Alors, venez donc dans les Alpes\u2026 Installez-vous avec moi sur cette magnifique terrasse de bistrot en face des glaciers de la Meije et puis retournez-y un an plus tard. Vous comprendrez tout ! Ceux qui vivent [&#8230;]\n","protected":false},"featured_media":39560,"template":"","meta":[],"product_brand":[],"product_cat":[21541],"product_tag":[],"class_list":{"0":"post-148002","1":"product","2":"type-product","3":"status-publish","4":"has-post-thumbnail","6":"product_cat-zeitschriften","7":"pa_autor-glenat","8":"pa_erscheinungsjahr-21574","9":"pa_region-frankreich","10":"pa_sprache-fr-en","12":"first","13":"onbackorder","14":"taxable","15":"shipping-taxable","16":"purchasable","17":"product-type-simple"},"_links":{"self":[{"href":"https:\/\/pizbube.ch\/en\/wp-json\/wp\/v2\/product\/148002","targetHints":{"allow":["GET"]}}],"collection":[{"href":"https:\/\/pizbube.ch\/en\/wp-json\/wp\/v2\/product"}],"about":[{"href":"https:\/\/pizbube.ch\/en\/wp-json\/wp\/v2\/types\/product"}],"wp:featuredmedia":[{"embeddable":true,"href":"https:\/\/pizbube.ch\/en\/wp-json\/wp\/v2\/media\/39560"}],"wp:attachment":[{"href":"https:\/\/pizbube.ch\/en\/wp-json\/wp\/v2\/media?parent=148002"}],"wp:term":[{"taxonomy":"product_brand","embeddable":true,"href":"https:\/\/pizbube.ch\/en\/wp-json\/wp\/v2\/product_brand?post=148002"},{"taxonomy":"product_cat","embeddable":true,"href":"https:\/\/pizbube.ch\/en\/wp-json\/wp\/v2\/product_cat?post=148002"},{"taxonomy":"product_tag","embeddable":true,"href":"https:\/\/pizbube.ch\/en\/wp-json\/wp\/v2\/product_tag?post=148002"}],"curies":[{"name":"wp","href":"https:\/\/api.w.org\/{rel}","templated":true}]}}