{"id":148003,"date":"2021-01-15T10:56:24","date_gmt":"2021-01-15T10:56:24","guid":{"rendered":"https:\/\/codengine3.ch\/?product=import-placeholder-for-200327"},"modified":"2023-10-18T15:32:44","modified_gmt":"2023-10-18T13:32:44","slug":"sierra-nevada-140-000-western-part","status":"publish","type":"product","link":"https:\/\/pizbube.ch\/en\/shop\/sierra-nevada-140-000-western-part\/","title":{"rendered":"Sierra Nevada National Park &#8211; La Alpujarra, Marquesado Del Zenete 1:40 000"},"content":{"rendered":"<p>Sierra Nevada in Spain on a contoured, GPS compatible map at 1:40,000 from Editorial Penibetica, double-sided to provide coverage of its main trekking area on one map. Accompanying English language booklet provides descriptions of over 40 walks, details of campsites and huts, etc.<\/p>\n<p>The map covers Alpujarras and Marquesado del Zenete, the western and central parts of the Sierra Nevada range, from just east of Granada to the A337 road crossing the mountains over the Puerto de la Ragua Pass, and shows both the southern and the northern approaches to the peaks including popular holiday bases of Lanjarn and Orgiva. Contours are at 20m intervals enhanced by relief shading. The overprint highlights hiking trails, including the GR and PR routes, as well as cycling routes and cross-country or Nordic ski routes. Symbols indicate areas for climbing, canyoning and canoeing, refuges and mountain shelters, petrol stations on local roads, etc. The map has a 1-km UTM grid, plus latitude and longitude margin ticks. Map legend includes English.<\/p>\n<p>The map comes with a 56-page booklet in English, providing descriptions of over 40 recommended hiking trails, including more challenging itineraries in higher altitudes, as well as notes about the GR7, recommendations for car tours, contact details for mountain huts and campsites, etc<\/p>\n<p>Mapa y gu\u00eda excursionista del Parque Nacional de Sierra Nevada (provincia de Granada) de escala 1:40.000. Incluye la Alpujarra y el Marquesado de Zenete. La gu\u00eda que acompa\u00f1a al mapa aporta informaci\u00f3n sobre ecolog\u00eda, geograf\u00eda e historia de Sierra Nevada, y datos pr\u00e1cticos sobre refugios, vivacs, campings y tel\u00e9fonos de inter\u00e9s. Incluye la descripci\u00f3n de un total de itinerarios a pie, la integral de los 3.000, el GR7, el Gr-Sulayr, la Transnevada, se pueden descargar track de itinerario con c\u00f3digo QR.<\/p>\n<p>Page Size: 125 x 215 mm<br \/>\nPublisher: Editorial Penibetica<br \/>\nPublished Date: April 2021<br \/>\nEdition: 2021<br \/>\nBinding: Sheet map (folded)<\/p>","protected":false},"excerpt":{"rendered":"<p>Sierra Nevada in Spain on a contoured, GPS compatible map at 1:40,000 from Editorial Penibetica, double-sided to provide coverage of its main trekking area on one map. Accompanying English language booklet provides descriptions of over 40 walks, details of campsites and huts, etc. The map covers Alpujarras and Marquesado del Zenete, the western and central [&#8230;]\n","protected":false},"featured_media":170003,"template":"","meta":[],"product_brand":[],"product_cat":[21543],"product_tag":[],"class_list":{"0":"post-148003","1":"product","2":"type-product","3":"status-publish","4":"has-post-thumbnail","6":"product_cat-landkarten","7":"pa_autor-penibetica","8":"pa_erscheinungsjahr-25440","9":"pa_region-spanien","10":"pa_sprache-en-es","12":"first","13":"instock","14":"taxable","15":"shipping-taxable","16":"purchasable","17":"product-type-simple"},"_links":{"self":[{"href":"https:\/\/pizbube.ch\/en\/wp-json\/wp\/v2\/product\/148003","targetHints":{"allow":["GET"]}}],"collection":[{"href":"https:\/\/pizbube.ch\/en\/wp-json\/wp\/v2\/product"}],"about":[{"href":"https:\/\/pizbube.ch\/en\/wp-json\/wp\/v2\/types\/product"}],"wp:featuredmedia":[{"embeddable":true,"href":"https:\/\/pizbube.ch\/en\/wp-json\/wp\/v2\/media\/170003"}],"wp:attachment":[{"href":"https:\/\/pizbube.ch\/en\/wp-json\/wp\/v2\/media?parent=148003"}],"wp:term":[{"taxonomy":"product_brand","embeddable":true,"href":"https:\/\/pizbube.ch\/en\/wp-json\/wp\/v2\/product_brand?post=148003"},{"taxonomy":"product_cat","embeddable":true,"href":"https:\/\/pizbube.ch\/en\/wp-json\/wp\/v2\/product_cat?post=148003"},{"taxonomy":"product_tag","embeddable":true,"href":"https:\/\/pizbube.ch\/en\/wp-json\/wp\/v2\/product_tag?post=148003"}],"curies":[{"name":"wp","href":"https:\/\/api.w.org\/{rel}","templated":true}]}}