{"id":148004,"date":"2021-01-15T10:56:24","date_gmt":"2021-01-15T10:56:24","guid":{"rendered":"https:\/\/codengine3.ch\/?product=import-placeholder-for-202723"},"modified":"2021-01-15T12:38:47","modified_gmt":"2021-01-15T12:38:47","slug":"esqui-de-montana-en-sierra-nevada","status":"publish","type":"product","link":"https:\/\/pizbube.ch\/en\/shop\/esqui-de-montana-en-sierra-nevada\/","title":{"rendered":"Esqu\u00ed de monta\u00f1a en Sierra Nevada"},"content":{"rendered":"<p>Las soberbias formaciones geogr\u00e1ficas de Sierra Nevada constituyen el sistema<br \/>\nmonta\u00f1oso m\u00e1s elevado de la pen\u00ednsula, coronado por la cumbre del Mulhac\u00e9n<br \/>\n(3.483 m). La esbelta cordillera es un macizo alargado de este a oeste, a lo<br \/>\nlargo de 90 kil\u00f3metros, a caballo de las provincias de Granada y Almer\u00eda. Un<br \/>\nterreno de aventura ideal para la pr\u00e1ctica del esqu\u00ed de monta\u00f1a, alejados de<br \/>\nsus bulliciosas pistas de esqu\u00ed.<br \/>\nCada itinerario se acompa\u00f1a de una descripci\u00f3n pormenorizada con su<br \/>\ncorrespondiente ficha t\u00e9cnica, croquis y perfil de ruta, as\u00ed como todos los<br \/>\ndatos pr\u00e1cticos necesarios para que planifiques f\u00e1cilmente tus incursiones<br \/>\ninvernales.  <\/p>","protected":false},"excerpt":{"rendered":"<p>Las soberbias formaciones geogr\u00e1ficas de Sierra Nevada constituyen el sistema monta\u00f1oso m\u00e1s elevado de la pen\u00ednsula, coronado por la cumbre del Mulhac\u00e9n (3.483 m). La esbelta cordillera es un macizo alargado de este a oeste, a lo largo de 90 kil\u00f3metros, a caballo de las provincias de Granada y Almer\u00eda. Un terreno de aventura ideal [&#8230;]\n","protected":false},"featured_media":30161,"template":"","meta":[],"product_brand":[],"product_cat":[21540],"product_tag":[],"class_list":{"0":"post-148004","1":"product","2":"type-product","3":"status-publish","4":"has-post-thumbnail","6":"product_cat-fuehrerliteratur-alpin-winter","7":"pa_autor-mir","8":"pa_erscheinungsjahr-21920","9":"pa_region-spanien","10":"pa_sprache-sp","12":"first","13":"instock","14":"taxable","15":"shipping-taxable","16":"purchasable","17":"product-type-simple"},"_links":{"self":[{"href":"https:\/\/pizbube.ch\/en\/wp-json\/wp\/v2\/product\/148004","targetHints":{"allow":["GET"]}}],"collection":[{"href":"https:\/\/pizbube.ch\/en\/wp-json\/wp\/v2\/product"}],"about":[{"href":"https:\/\/pizbube.ch\/en\/wp-json\/wp\/v2\/types\/product"}],"wp:featuredmedia":[{"embeddable":true,"href":"https:\/\/pizbube.ch\/en\/wp-json\/wp\/v2\/media\/30161"}],"wp:attachment":[{"href":"https:\/\/pizbube.ch\/en\/wp-json\/wp\/v2\/media?parent=148004"}],"wp:term":[{"taxonomy":"product_brand","embeddable":true,"href":"https:\/\/pizbube.ch\/en\/wp-json\/wp\/v2\/product_brand?post=148004"},{"taxonomy":"product_cat","embeddable":true,"href":"https:\/\/pizbube.ch\/en\/wp-json\/wp\/v2\/product_cat?post=148004"},{"taxonomy":"product_tag","embeddable":true,"href":"https:\/\/pizbube.ch\/en\/wp-json\/wp\/v2\/product_tag?post=148004"}],"curies":[{"name":"wp","href":"https:\/\/api.w.org\/{rel}","templated":true}]}}