{"id":148005,"date":"2021-01-15T10:56:24","date_gmt":"2021-01-15T10:56:24","guid":{"rendered":"https:\/\/codengine3.ch\/?product=import-placeholder-for-204259"},"modified":"2021-01-15T14:31:25","modified_gmt":"2021-01-15T14:31:25","slug":"walking-and-trekking-in-the-sierra-nevada","status":"publish","type":"product","link":"https:\/\/pizbube.ch\/en\/shop\/walking-and-trekking-in-the-sierra-nevada\/","title":{"rendered":"Walking and Trekking in the Sierra Nevada"},"content":{"rendered":"<p>38 walks, scrambles and multi-day traverses<\/p>\n<p>Guidebook to walks and multi-day treks in the Sierra Nevada mountain range in<br \/>\nSpain&#8217;s Andalucia. The 38 routes include the highest point of continental<br \/>\nSpain, Mulhac\u00e9n, and take in villages including Trev\u00e9lez, Lanjar\u00f3n and<br \/>\nCapileira. Includes main ridge traverses, high mountain scrambles and a<br \/>\nSpanish Three Peaks challenge.<\/p>\n<p>This guidebook presents 33 graded walks and 5 high mountain scrambles in the<br \/>\nstriking Sierra Nevada, the highest mountain range in mainland Spain and in<br \/>\nwestern Europe outside the Alps. Easily accessible from Granada and M\u00e1laga, it<br \/>\nis a world of soaring, snow-clad peaks and deep valleys, far removed from the<br \/>\ncrowded beaches of the Costa del Sol just two hours away. The routes are<br \/>\nspread across the national park, with attractive towns and villages such as<br \/>\nTrev\u00e9lez, Lanjar\u00f3n, Hoya de la Mora and Cumbres Verdes serving as potential<br \/>\nbases for a walking holiday.<\/p>\n<p>The walks have been carefully chosen to showcase the Sierra Nevada&#8217;s dramatic<br \/>\nscenery, taking in barren rocky peaks, lush green valleys, arid badlands and<br \/>\ntranquil lakes. From more leisurely outings in the Cumbres Verde area to<br \/>\nascents of mainland Spain&#8217;s highest summit, Mulhac\u00e9n, there are routes to suit<br \/>\na range of abilities, although most require a reasonable degree of fitness,<br \/>\nnavigational skill and experience of high mountain terrain. Whilst some are<br \/>\nday or half-day walks, others take advantage of the region&#8217;s network of<br \/>\nmountain shelters or offer an opportunity to wild camp.<\/p>\n<p>Also included are three longer traverses: &#8218;Los Tres Picos&#8216; (the Spanish Three<br \/>\nPeaks \u2013 Veleta, Mulhac\u00e9n and Alcazaba), &#8218;Los Tres Miles&#8216; Integral (a multi-day<br \/>\ntrek covering all the major 3000m peaks in the range) and an overview of the<br \/>\n302km Sulayr GR240. The walks can be enjoyed most of the year, however<br \/>\nconditions may prove too hot at the peak of summer and extra care and<br \/>\nequipment will be required in snow or ice: the descriptions assume summer<br \/>\nconditions, but include additional notes for winter walking.<\/p>\n<p>The guide also includes advice on transport, bases and safety, a tick-list of<br \/>\nthe 3000m peaks and a Spanish-English glossary. Information on plants,<br \/>\nwildlife and local points of interest will further enhance your visit and the<br \/>\nglorious colour photos provide a taste of what the region has to offer. For<br \/>\nthose who like their mountains rough and rugged, Walking and Trekking in the<br \/>\nSierra Nevada is a perfect companion to escaping the crowds and discovering a<br \/>\ndifferent side to Andaluc\u00eda.<\/p>\n<p>Graded routes of varying difficulty, from easy half-day jaunts and day-trips<br \/>\nto tough multi-day treks. High-level routes but also superb lower-level<br \/>\nalternatives, including eight walks in the Cumbres Verdes and D\u00edlar Valley<br \/>\nhills SE of Granada. Five high mountain scrambles for the more adventurous<br \/>\n(graded 2 to 3S).  <\/p>","protected":false},"excerpt":{"rendered":"<p>38 walks, scrambles and multi-day traverses Guidebook to walks and multi-day treks in the Sierra Nevada mountain range in Spain&#8217;s Andalucia. The 38 routes include the highest point of continental Spain, Mulhac\u00e9n, and take in villages including Trev\u00e9lez, Lanjar\u00f3n and Capileira. Includes main ridge traverses, high mountain scrambles and a Spanish Three Peaks challenge. This [&#8230;]\n","protected":false},"featured_media":40464,"template":"","meta":[],"product_brand":[],"product_cat":[21605],"product_tag":[],"class_list":{"0":"post-148005","1":"product","2":"type-product","3":"status-publish","4":"has-post-thumbnail","6":"product_cat-wanderfuehrer-trekking","7":"pa_autor-hartley","8":"pa_erscheinungsjahr-21574","9":"pa_region-spanien","10":"pa_sprache-en","12":"first","13":"instock","14":"taxable","15":"shipping-taxable","16":"purchasable","17":"product-type-simple"},"_links":{"self":[{"href":"https:\/\/pizbube.ch\/en\/wp-json\/wp\/v2\/product\/148005","targetHints":{"allow":["GET"]}}],"collection":[{"href":"https:\/\/pizbube.ch\/en\/wp-json\/wp\/v2\/product"}],"about":[{"href":"https:\/\/pizbube.ch\/en\/wp-json\/wp\/v2\/types\/product"}],"wp:featuredmedia":[{"embeddable":true,"href":"https:\/\/pizbube.ch\/en\/wp-json\/wp\/v2\/media\/40464"}],"wp:attachment":[{"href":"https:\/\/pizbube.ch\/en\/wp-json\/wp\/v2\/media?parent=148005"}],"wp:term":[{"taxonomy":"product_brand","embeddable":true,"href":"https:\/\/pizbube.ch\/en\/wp-json\/wp\/v2\/product_brand?post=148005"},{"taxonomy":"product_cat","embeddable":true,"href":"https:\/\/pizbube.ch\/en\/wp-json\/wp\/v2\/product_cat?post=148005"},{"taxonomy":"product_tag","embeddable":true,"href":"https:\/\/pizbube.ch\/en\/wp-json\/wp\/v2\/product_tag?post=148005"}],"curies":[{"name":"wp","href":"https:\/\/api.w.org\/{rel}","templated":true}]}}