{"id":148006,"date":"2021-01-15T10:56:24","date_gmt":"2021-01-15T10:56:24","guid":{"rendered":"https:\/\/codengine3.ch\/?product=import-placeholder-for-204866"},"modified":"2021-04-08T10:01:25","modified_gmt":"2021-04-08T08:01:25","slug":"andalusien-sued","status":"publish","type":"product","link":"https:\/\/pizbube.ch\/en\/shop\/andalusien-sued\/","title":{"rendered":"Andalusien S\u00fcd"},"content":{"rendered":"<p>Costa del Sol &#8211; Costa de la Luz &#8211; Sierra Nevada<\/p>\n<p>Besonderheiten haben daran ebenso ihren Anteil wie die Natur. W\u00e4hrend die<br \/>\nBadetouristen sich auf dem schmalen K\u00fcstenstreifen der Costa del Sol dr\u00e4ngen,<br \/>\nf\u00fchrt Sie der Autor auf teilweise fast noch unber\u00fchrten Pfaden zu den Sch\u00e4tzen<br \/>\ndes Hinterlandes &#8211; durch m\u00e4rchenhafte mediterrane W\u00e4lder und spektakul\u00e4re<br \/>\nSchluchten, vorbei an wei\u00dfen Bergd\u00f6rfern und einsamen Cortijos, auf luftige<br \/>\nGrate oder verkarstete Bergr\u00fccken und zu abgelegenen Bergseen &#8211; aber auch zu<br \/>\nmalerisch gelegenen Fischerd\u00f6rfern und zu naturbelassenen Traumstr\u00e4nden.<\/p>\n<p>Es ist bezeichnend, dass die meisten Wanderungen in gesch\u00fctzten Gebieten<br \/>\nverlaufen. Ob gem\u00fctliche Strandbummeleien, beschauliche Spazierg\u00e4nge zwischen<br \/>\nD\u00f6rfern oder stramme Gipfelaufstiege, bei denen auch ge\u00fcbte Alpeng\u00e4nger ins<br \/>\nSchwitzen kommen- der F\u00fchrer hat f\u00fcr jeden Geschmack etwas zu bieten.<\/p>\n<p>Rund 50 detailliert beschriebene Wanderungen mit Wanderk\u00e4rtchen, praktischen<br \/>\nInfos und Fotos laden Sie ein, die sch\u00f6nsten Orte des s\u00fcdlichen Andalusiens zu<br \/>\nFu\u00df zu entdecken. Dabei erlaubt es der Ma\u00dfstab, die attraktivsten Teilregionen<br \/>\nnicht nur oberfl\u00e4chlich, sondern durchaus n\u00e4her und unter verschiedenen<br \/>\nBlickwinkeln kennenzulernen. Wo immer sinnvoll, werden Hinweise auf<br \/>\nKombinationsm\u00f6glichkeiten oder lohnende Varianten gegeben.<br \/>\n183 Seiten mit 95 Farbabbildungen<\/p>\n<p>49 Wanderk\u00e4rtchen im Ma\u00dfstab 1:50.000 \/ 1:75.000 \/ 1:100.000, drei<br \/>\n\u00dcbersichtskarten im Ma\u00dfstab 1:850.000 und 1:2.500.000<br \/>\n6. \u00fcberarbeitete Auflage 2020<\/p>","protected":false},"excerpt":{"rendered":"<ul>\n<li><a href=\"https:\/\/pizbube.ch\/wp-content\/uploads\/attachments\/a_031\/F42549FA9063FB513D811E4234183D5F.pdf\" target=\"_blank\" rel=\"noopener\">PDF: inhalt_andalusien_sud.pdf<\/a><\/li>\n<\/ul>","protected":false},"featured_media":156779,"template":"","meta":[],"product_brand":[],"product_cat":[21605],"product_tag":[],"class_list":{"0":"post-148006","1":"product","2":"type-product","3":"status-publish","4":"has-post-thumbnail","6":"product_cat-wanderfuehrer-trekking","7":"pa_autor-plikat","8":"pa_erscheinungsjahr-21558","9":"pa_region-spanien","10":"pa_sprache-de","12":"first","13":"instock","14":"taxable","15":"shipping-taxable","16":"purchasable","17":"product-type-simple"},"_links":{"self":[{"href":"https:\/\/pizbube.ch\/en\/wp-json\/wp\/v2\/product\/148006","targetHints":{"allow":["GET"]}}],"collection":[{"href":"https:\/\/pizbube.ch\/en\/wp-json\/wp\/v2\/product"}],"about":[{"href":"https:\/\/pizbube.ch\/en\/wp-json\/wp\/v2\/types\/product"}],"wp:featuredmedia":[{"embeddable":true,"href":"https:\/\/pizbube.ch\/en\/wp-json\/wp\/v2\/media\/156779"}],"wp:attachment":[{"href":"https:\/\/pizbube.ch\/en\/wp-json\/wp\/v2\/media?parent=148006"}],"wp:term":[{"taxonomy":"product_brand","embeddable":true,"href":"https:\/\/pizbube.ch\/en\/wp-json\/wp\/v2\/product_brand?post=148006"},{"taxonomy":"product_cat","embeddable":true,"href":"https:\/\/pizbube.ch\/en\/wp-json\/wp\/v2\/product_cat?post=148006"},{"taxonomy":"product_tag","embeddable":true,"href":"https:\/\/pizbube.ch\/en\/wp-json\/wp\/v2\/product_tag?post=148006"}],"curies":[{"name":"wp","href":"https:\/\/api.w.org\/{rel}","templated":true}]}}