{"id":148007,"date":"2021-01-15T10:56:24","date_gmt":"2021-01-15T10:56:24","guid":{"rendered":"https:\/\/codengine3.ch\/?product=import-placeholder-for-206417"},"modified":"2021-01-15T14:48:47","modified_gmt":"2021-01-15T14:48:47","slug":"sierra-nevada-inedita","status":"publish","type":"product","link":"https:\/\/pizbube.ch\/en\/shop\/sierra-nevada-inedita\/","title":{"rendered":"Sierra Nevada in\u00e9dita"},"content":{"rendered":"<p>40 itinerarios a pie por baja y alta monta\u00f1a, 10 traves\u00edas en esqu\u00eds<br \/>\nascendiendo a los picos m\u00e1s importantes y por supuesto, la integral de los<br \/>\n3000. Nos ofrecen 14 v\u00edas de escalada que transcurren por las principales<br \/>\nzonas del macizo. y una amplia informaci\u00f3n sobre los refugios de Sierra<br \/>\nNevada.  <\/p>","protected":false},"excerpt":{"rendered":"<p>40 itinerarios a pie por baja y alta monta\u00f1a, 10 traves\u00edas en esqu\u00eds ascendiendo a los picos m\u00e1s importantes y por supuesto, la integral de los 3000. Nos ofrecen 14 v\u00edas de escalada que transcurren por las principales zonas del macizo. y una amplia informaci\u00f3n sobre los refugios de Sierra Nevada.<\/p>","protected":false},"featured_media":35446,"template":"","meta":[],"product_brand":[],"product_cat":[21544],"product_tag":[],"class_list":{"0":"post-148007","1":"product","2":"type-product","3":"status-publish","4":"has-post-thumbnail","6":"product_cat-fuehrerliteratur-alpin-sommer","7":"pa_autor-del-castillo","8":"pa_erscheinungsjahr-21830","9":"pa_region-spanien","10":"pa_sprache-sp","12":"first","13":"instock","14":"taxable","15":"shipping-taxable","16":"purchasable","17":"product-type-simple"},"_links":{"self":[{"href":"https:\/\/pizbube.ch\/en\/wp-json\/wp\/v2\/product\/148007","targetHints":{"allow":["GET"]}}],"collection":[{"href":"https:\/\/pizbube.ch\/en\/wp-json\/wp\/v2\/product"}],"about":[{"href":"https:\/\/pizbube.ch\/en\/wp-json\/wp\/v2\/types\/product"}],"wp:featuredmedia":[{"embeddable":true,"href":"https:\/\/pizbube.ch\/en\/wp-json\/wp\/v2\/media\/35446"}],"wp:attachment":[{"href":"https:\/\/pizbube.ch\/en\/wp-json\/wp\/v2\/media?parent=148007"}],"wp:term":[{"taxonomy":"product_brand","embeddable":true,"href":"https:\/\/pizbube.ch\/en\/wp-json\/wp\/v2\/product_brand?post=148007"},{"taxonomy":"product_cat","embeddable":true,"href":"https:\/\/pizbube.ch\/en\/wp-json\/wp\/v2\/product_cat?post=148007"},{"taxonomy":"product_tag","embeddable":true,"href":"https:\/\/pizbube.ch\/en\/wp-json\/wp\/v2\/product_tag?post=148007"}],"curies":[{"name":"wp","href":"https:\/\/api.w.org\/{rel}","templated":true}]}}