{"id":148009,"date":"2021-01-15T10:56:24","date_gmt":"2021-01-15T10:56:24","guid":{"rendered":"https:\/\/codengine3.ch\/?product=import-placeholder-for-202630"},"modified":"2021-01-15T12:38:00","modified_gmt":"2021-01-15T12:38:00","slug":"sierra-nevada-en-esquis","status":"publish","type":"product","link":"https:\/\/pizbube.ch\/en\/shop\/sierra-nevada-en-esquis\/","title":{"rendered":"Sierra Nevada en esquis"},"content":{"rendered":"<p>96 itinerarios para esquis de montagna desde los Almeria a la vega de Granada<br \/>\nEste es un libro de esqu\u00ed de monta\u00f1a, para utilizar los esqu\u00eds como una forma<br \/>\nde adaptarse al medio, en vez de adaptar el medio a nosotros. En el interior<br \/>\nhay una gu\u00eda para subir y bajar todas las cumbres de Sierra Nevada, las<br \/>\nconocidas, las cl\u00e1sicas, las grandes, los tresmiles, pero tambi\u00e9n las<br \/>\nolvidadas, las peque\u00f1as y las ex\u00f3ticas. Todas son hermosas; f\u00e1ciles o<br \/>\ndif\u00edciles, cada cual puede encontrar una monta\u00f1a a su medida. De la Polarda al<br \/>\nCerro del Caballo, se ofrecen 96 itinerarios para acercarse respetuosamente a<br \/>\nlas cimas  <\/p>","protected":false},"excerpt":{"rendered":"<p>96 itinerarios para esquis de montagna desde los Almeria a la vega de Granada Este es un libro de esqu\u00ed de monta\u00f1a, para utilizar los esqu\u00eds como una forma de adaptarse al medio, en vez de adaptar el medio a nosotros. En el interior hay una gu\u00eda para subir y bajar todas las cumbres de [&#8230;]\n","protected":false},"featured_media":30049,"template":"","meta":[],"product_brand":[],"product_cat":[21540],"product_tag":[],"class_list":{"0":"post-148009","1":"product","2":"type-product","3":"status-publish","4":"has-post-thumbnail","6":"product_cat-fuehrerliteratur-alpin-winter","7":"pa_autor-mir","8":"pa_erscheinungsjahr-22137","9":"pa_region-spanien","10":"pa_sprache-espagnol","12":"first","13":"instock","14":"taxable","15":"shipping-taxable","16":"purchasable","17":"product-type-simple"},"_links":{"self":[{"href":"https:\/\/pizbube.ch\/en\/wp-json\/wp\/v2\/product\/148009","targetHints":{"allow":["GET"]}}],"collection":[{"href":"https:\/\/pizbube.ch\/en\/wp-json\/wp\/v2\/product"}],"about":[{"href":"https:\/\/pizbube.ch\/en\/wp-json\/wp\/v2\/types\/product"}],"wp:featuredmedia":[{"embeddable":true,"href":"https:\/\/pizbube.ch\/en\/wp-json\/wp\/v2\/media\/30049"}],"wp:attachment":[{"href":"https:\/\/pizbube.ch\/en\/wp-json\/wp\/v2\/media?parent=148009"}],"wp:term":[{"taxonomy":"product_brand","embeddable":true,"href":"https:\/\/pizbube.ch\/en\/wp-json\/wp\/v2\/product_brand?post=148009"},{"taxonomy":"product_cat","embeddable":true,"href":"https:\/\/pizbube.ch\/en\/wp-json\/wp\/v2\/product_cat?post=148009"},{"taxonomy":"product_tag","embeddable":true,"href":"https:\/\/pizbube.ch\/en\/wp-json\/wp\/v2\/product_tag?post=148009"}],"curies":[{"name":"wp","href":"https:\/\/api.w.org\/{rel}","templated":true}]}}