{"id":148011,"date":"2021-01-15T10:56:24","date_gmt":"2021-01-15T10:56:24","guid":{"rendered":"https:\/\/codengine3.ch\/?product=import-placeholder-for-202954"},"modified":"2021-01-15T12:52:45","modified_gmt":"2021-01-15T12:52:45","slug":"die-bezwingung-des-everest-dvd","status":"publish","type":"product","link":"https:\/\/pizbube.ch\/en\/shop\/die-bezwingung-des-everest-dvd\/","title":{"rendered":"Die Bezwingung des Everest DVD"},"content":{"rendered":"<p>Dieser Film berichtet \u00fcber die Geschichte des Everest, schildert Planung,<br \/>\nVorbereitung und Durchf\u00fchrung des entscheidenden Unternehmens des<br \/>\nNeuseel\u00e4nders Hillary und Sherpa Tensing am 29. Mai 1953. Er bringt herrliche,<br \/>\npackende Aufnahmen von den gewaltigen Gebirgsz\u00fcgen des Himalayas. DVD, 75 min.  <\/p>\n<p>Die Erstbesteigung des Mount Everest durch den Neuseel\u00e4nder Edmund Hillary und<br \/>\nden Scherpa Tensing war 1953 eine Weltsensation. Seit 1921 hatten Bergsteiger<br \/>\naus aller Welt vergeblich versucht, den Gipfel des 8.872 Meter hohen Bergs zu<br \/>\nerreichen. 1952 schlie\u00dflich stellte der britische Oberst John Hunt eine<br \/>\nMannschaft aus 14 Bergsteigern und zahlreichen Scherpas zusammen und arbeitete<br \/>\neine neue Route aus. Sie f\u00fchrte nicht wie bis dahin \u00fcblich \u00fcber Tibet, sondern<br \/>\n\u00fcber das s\u00fcdlich liegende Nepal. Im Mai 1953 brach Hunts Gruppe in Kathmandu<br \/>\nzu dem 17 Tage dauernden Marsch zum Fu\u00dfe des Everest auf. Dort begann dann f\u00fcr<br \/>\ndie 14 Bergsteiger, darunter Kameramann Thomas Stobart, der eigentliche<br \/>\nAufstieg. Am 29. Mai 1953 wagen sich Edmund Hillary und der Scherpa Tensing<br \/>\naus dem letzten Lager in 8.000 Meter H\u00f6he auf den Gipfel.<\/p>","protected":false},"excerpt":{"rendered":"<ul>\n<li><a href=\"https:\/\/youtu.be\/UcIod7nbo3k\" target=\"_blank\" rel=\"noopener\">Video: TEMPLATE PIZ Attachment > Webvideo [KOPIE]<\/a><\/li>\n<\/ul>\n","protected":false},"featured_media":30450,"template":"","meta":[],"product_brand":[],"product_cat":[21628],"product_tag":[],"class_list":{"0":"post-148011","1":"product","2":"type-product","3":"status-publish","4":"has-post-thumbnail","6":"product_cat-video-dvd-multimedia","7":"pa_autor-stobart","8":"pa_erscheinungsjahr-22150","9":"pa_region-asien","10":"pa_sprache-de","12":"first","13":"instock","14":"taxable","15":"shipping-taxable","16":"purchasable","17":"product-type-simple"},"_links":{"self":[{"href":"https:\/\/pizbube.ch\/en\/wp-json\/wp\/v2\/product\/148011","targetHints":{"allow":["GET"]}}],"collection":[{"href":"https:\/\/pizbube.ch\/en\/wp-json\/wp\/v2\/product"}],"about":[{"href":"https:\/\/pizbube.ch\/en\/wp-json\/wp\/v2\/types\/product"}],"wp:featuredmedia":[{"embeddable":true,"href":"https:\/\/pizbube.ch\/en\/wp-json\/wp\/v2\/media\/30450"}],"wp:attachment":[{"href":"https:\/\/pizbube.ch\/en\/wp-json\/wp\/v2\/media?parent=148011"}],"wp:term":[{"taxonomy":"product_brand","embeddable":true,"href":"https:\/\/pizbube.ch\/en\/wp-json\/wp\/v2\/product_brand?post=148011"},{"taxonomy":"product_cat","embeddable":true,"href":"https:\/\/pizbube.ch\/en\/wp-json\/wp\/v2\/product_cat?post=148011"},{"taxonomy":"product_tag","embeddable":true,"href":"https:\/\/pizbube.ch\/en\/wp-json\/wp\/v2\/product_tag?post=148011"}],"curies":[{"name":"wp","href":"https:\/\/api.w.org\/{rel}","templated":true}]}}