{"id":148012,"date":"2021-01-15T10:56:24","date_gmt":"2021-01-15T10:56:24","guid":{"rendered":"https:\/\/codengine3.ch\/?product=import-placeholder-for-203309"},"modified":"2021-01-15T14:22:00","modified_gmt":"2021-01-15T14:22:00","slug":"3000er-in-den-alpen-die-normalwege-suedliche-ostalpen-mit-dolomiten","status":"publish","type":"product","link":"https:\/\/pizbube.ch\/en\/shop\/3000er-in-den-alpen-die-normalwege-suedliche-ostalpen-mit-dolomiten\/","title":{"rendered":"3000er in den Alpen Die Normalwege S\u00fcdliche Ostalpen mit Dolomiten"},"content":{"rendered":"<p>Goedeke stellt die ber\u00fchmtesten und beliebtesten 3000er in den s\u00fcdlichen<br \/>\nOstalpen mit Routenbeschreibung und allen wichtigen Informationen vor. Vom<br \/>\nWanderweg bis zur anspruchsvollen Kletterroute ist alles dabei. S\u00fcdliche<br \/>\nOstalpen mit Dolomiten; Vom Pizzo Tambo \u00fcber den Roseg, Kesch, Disgrazia,<br \/>\nOrtler bis zur Tofana. 224 Seiten, mit 180 Abbildungen.  <\/p>","protected":false},"excerpt":{"rendered":"<p>Goedeke stellt die ber\u00fchmtesten und beliebtesten 3000er in den s\u00fcdlichen Ostalpen mit Routenbeschreibung und allen wichtigen Informationen vor. Vom Wanderweg bis zur anspruchsvollen Kletterroute ist alles dabei. S\u00fcdliche Ostalpen mit Dolomiten; Vom Pizzo Tambo \u00fcber den Roseg, Kesch, Disgrazia, Ortler bis zur Tofana. 224 Seiten, mit 180 Abbildungen.<\/p>","protected":false},"featured_media":30892,"template":"","meta":[],"product_brand":[],"product_cat":[21544],"product_tag":[],"class_list":{"0":"post-148012","1":"product","2":"type-product","3":"status-publish","4":"has-post-thumbnail","6":"product_cat-fuehrerliteratur-alpin-sommer","7":"pa_autor-goedeke","8":"pa_erscheinungsjahr-21920","9":"pa_region-italien","10":"pa_sprache-de","12":"first","13":"outofstock","14":"taxable","15":"shipping-taxable","16":"purchasable","17":"product-type-simple"},"_links":{"self":[{"href":"https:\/\/pizbube.ch\/en\/wp-json\/wp\/v2\/product\/148012","targetHints":{"allow":["GET"]}}],"collection":[{"href":"https:\/\/pizbube.ch\/en\/wp-json\/wp\/v2\/product"}],"about":[{"href":"https:\/\/pizbube.ch\/en\/wp-json\/wp\/v2\/types\/product"}],"wp:featuredmedia":[{"embeddable":true,"href":"https:\/\/pizbube.ch\/en\/wp-json\/wp\/v2\/media\/30892"}],"wp:attachment":[{"href":"https:\/\/pizbube.ch\/en\/wp-json\/wp\/v2\/media?parent=148012"}],"wp:term":[{"taxonomy":"product_brand","embeddable":true,"href":"https:\/\/pizbube.ch\/en\/wp-json\/wp\/v2\/product_brand?post=148012"},{"taxonomy":"product_cat","embeddable":true,"href":"https:\/\/pizbube.ch\/en\/wp-json\/wp\/v2\/product_cat?post=148012"},{"taxonomy":"product_tag","embeddable":true,"href":"https:\/\/pizbube.ch\/en\/wp-json\/wp\/v2\/product_tag?post=148012"}],"curies":[{"name":"wp","href":"https:\/\/api.w.org\/{rel}","templated":true}]}}