{"id":148014,"date":"2021-01-15T10:56:24","date_gmt":"2021-01-15T10:56:24","guid":{"rendered":"https:\/\/codengine3.ch\/?product=import-placeholder-for-206456"},"modified":"2021-01-15T14:49:06","modified_gmt":"2021-01-15T14:49:06","slug":"leichte-3000er-in-der-schweiz","status":"publish","type":"product","link":"https:\/\/pizbube.ch\/en\/shop\/leichte-3000er-in-der-schweiz\/","title":{"rendered":"Leichte 3000er in der Schweiz"},"content":{"rendered":"<p>\u00dcber Wege und Steige auf 46 hohe Gipfel  <\/p>\n<p>Die Schweizer Bergwelt ist ber\u00fchmt f\u00fcr ihre Viertausender, doch auch f\u00fcr<br \/>\nGenusswanderer bieten sich viele einfache, sch\u00f6ne Ziele rund um die 3000 Meter<br \/>\nan. Gebietskenner Peter Deuble beschreibt 45 Touren auf leichte Dreitausender<br \/>\nzwischen Graub\u00fcnden und Wallis und erg\u00e4nzt das Angebot durch lohnende Routen<br \/>\nauf Gipfel knapp unterhalb dieser Marke, wie auf Pizzo Centrale oder Piz<br \/>\nBeverin. Detailkarten und viele Infos helfen bei der Planung Ihrer neuen<br \/>\nLieblingstour!  <\/p>","protected":false},"excerpt":{"rendered":"<ul>\n<li><b>INFO: Vergriffen, keine Neuauflage <b><\/li>\n<\/ul>","protected":false},"featured_media":35501,"template":"","meta":[],"product_brand":[],"product_cat":[21544],"product_tag":[],"class_list":{"0":"post-148014","1":"product","2":"type-product","3":"status-publish","4":"has-post-thumbnail","6":"product_cat-fuehrerliteratur-alpin-sommer","7":"pa_autor-deuble","8":"pa_erscheinungsjahr-21610","9":"pa_region-schweiz","10":"pa_sprache-de","12":"first","13":"outofstock","14":"taxable","15":"shipping-taxable","16":"purchasable","17":"product-type-simple"},"_links":{"self":[{"href":"https:\/\/pizbube.ch\/en\/wp-json\/wp\/v2\/product\/148014","targetHints":{"allow":["GET"]}}],"collection":[{"href":"https:\/\/pizbube.ch\/en\/wp-json\/wp\/v2\/product"}],"about":[{"href":"https:\/\/pizbube.ch\/en\/wp-json\/wp\/v2\/types\/product"}],"wp:featuredmedia":[{"embeddable":true,"href":"https:\/\/pizbube.ch\/en\/wp-json\/wp\/v2\/media\/35501"}],"wp:attachment":[{"href":"https:\/\/pizbube.ch\/en\/wp-json\/wp\/v2\/media?parent=148014"}],"wp:term":[{"taxonomy":"product_brand","embeddable":true,"href":"https:\/\/pizbube.ch\/en\/wp-json\/wp\/v2\/product_brand?post=148014"},{"taxonomy":"product_cat","embeddable":true,"href":"https:\/\/pizbube.ch\/en\/wp-json\/wp\/v2\/product_cat?post=148014"},{"taxonomy":"product_tag","embeddable":true,"href":"https:\/\/pizbube.ch\/en\/wp-json\/wp\/v2\/product_tag?post=148014"}],"curies":[{"name":"wp","href":"https:\/\/api.w.org\/{rel}","templated":true}]}}