{"id":148015,"date":"2021-01-15T10:56:25","date_gmt":"2021-01-15T10:56:25","guid":{"rendered":"https:\/\/codengine3.ch\/?product=import-placeholder-for-200556"},"modified":"2022-06-21T11:09:09","modified_gmt":"2022-06-21T09:09:09","slug":"wanderbare-3000er-in-suedtirol","status":"publish","type":"product","link":"https:\/\/pizbube.ch\/en\/shop\/wanderbare-3000er-in-suedtirol\/","title":{"rendered":"Wanderbare 3000er in S\u00fcdtirol"},"content":{"rendered":"<p>\u00dcber Wege und Steige auf 40 hohe Gipfel<\/p>\n<p>Mit Leichtigkeit hoch hinaus! F\u00fcr viele Wanderer ist 2000 eine magische<br \/>\nGrenze. Kein Wunder: Schlie\u00dflich fl\u00f6\u00dfen Gipfel mit einer \u00bb3\u00ab vorneweg Respekt<br \/>\nein. Dass es ganz einfach sein kann, einige dieser Berge zu erklimmen, zeigen<br \/>\nJanina und Markus Meier mit ihrem S\u00fcdtirol-Wanderf\u00fchrer. Umsichtig lotsen sie<br \/>\ngenussfreudige Bergwanderer auf leichte 3000er in S\u00fcdtirol: vom Piz Bo\u00e8 in den<br \/>\nDolomiten bis zur Zielspitze in den \u00d6tztaler Alpen.<\/p>\n<p>160 Seiten, ca. 140 Abbildungen, Format 16,5 x 23,5 cm, Klappenbroschur mit<br \/>\nFadenheftung<\/p>","protected":false},"excerpt":{"rendered":"<p>\u00dcber Wege und Steige auf 40 hohe Gipfel Mit Leichtigkeit hoch hinaus! F\u00fcr viele Wanderer ist 2000 eine magische Grenze. Kein Wunder: Schlie\u00dflich fl\u00f6\u00dfen Gipfel mit einer \u00bb3\u00ab vorneweg Respekt ein. Dass es ganz einfach sein kann, einige dieser Berge zu erklimmen, zeigen Janina und Markus Meier mit ihrem S\u00fcdtirol-Wanderf\u00fchrer. Umsichtig lotsen sie genussfreudige Bergwanderer [&#8230;]\n","protected":false},"featured_media":27278,"template":"","meta":[],"product_brand":[],"product_cat":[21605],"product_tag":[],"class_list":{"0":"post-148015","1":"product","2":"type-product","3":"status-publish","4":"has-post-thumbnail","6":"product_cat-wanderfuehrer-trekking","7":"pa_autor-meier-bernhart","8":"pa_erscheinungsjahr-21597","9":"pa_region-italien","10":"pa_sprache-de","12":"first","13":"outofstock","14":"taxable","15":"shipping-taxable","16":"purchasable","17":"product-type-simple"},"_links":{"self":[{"href":"https:\/\/pizbube.ch\/en\/wp-json\/wp\/v2\/product\/148015","targetHints":{"allow":["GET"]}}],"collection":[{"href":"https:\/\/pizbube.ch\/en\/wp-json\/wp\/v2\/product"}],"about":[{"href":"https:\/\/pizbube.ch\/en\/wp-json\/wp\/v2\/types\/product"}],"wp:featuredmedia":[{"embeddable":true,"href":"https:\/\/pizbube.ch\/en\/wp-json\/wp\/v2\/media\/27278"}],"wp:attachment":[{"href":"https:\/\/pizbube.ch\/en\/wp-json\/wp\/v2\/media?parent=148015"}],"wp:term":[{"taxonomy":"product_brand","embeddable":true,"href":"https:\/\/pizbube.ch\/en\/wp-json\/wp\/v2\/product_brand?post=148015"},{"taxonomy":"product_cat","embeddable":true,"href":"https:\/\/pizbube.ch\/en\/wp-json\/wp\/v2\/product_cat?post=148015"},{"taxonomy":"product_tag","embeddable":true,"href":"https:\/\/pizbube.ch\/en\/wp-json\/wp\/v2\/product_tag?post=148015"}],"curies":[{"name":"wp","href":"https:\/\/api.w.org\/{rel}","templated":true}]}}