{"id":148016,"date":"2021-01-15T10:56:25","date_gmt":"2021-01-15T10:56:25","guid":{"rendered":"https:\/\/codengine3.ch\/?product=import-placeholder-for-204460"},"modified":"2024-05-29T09:47:37","modified_gmt":"2024-05-29T07:47:37","slug":"zu-den-hoechsten-wandergipfeln-der-schweiz","status":"publish","type":"product","link":"https:\/\/pizbube.ch\/en\/shop\/zu-den-hoechsten-wandergipfeln-der-schweiz\/","title":{"rendered":"Zu den h\u00f6chsten Wandergipfeln der Schweiz"},"content":{"rendered":"<p>Die sch\u00f6nsten 3000er der Schweiz f\u00fcr Wanderer.<br \/>\nHohe Gipfel auf leichten Routen. 3000er mit normaler Wanderausr\u00fcstung.<br \/>\nWandervorschl\u00e4ge mit allen praktischen Informationen und vielen erstklassigen<br \/>\nFotos.<\/p>\n<p>Hohe Gipfel, die auf leichten Routen und mit normaler Wanderausr\u00fcstung zu<br \/>\nbesteigen sind &#8211; das ist der Traum vieler Wanderinnen und Wanderer. Von den<br \/>\nh\u00f6chsten Wandergipfeln der Schweizer Alpen &#8211; die meisten von ihnen liegen im<br \/>\nWallis und im Engadin &#8211; wurden f\u00fcr dieses Buch 30 besonders attraktive<br \/>\nausgew\u00e4hlt, die alle auf gut begehbaren markierten Wegen oder zumindest<br \/>\nWegspuren zu erreichen sind.<\/p>\n<p>Nat\u00fcrlich sind hier die Verh\u00e4ltnisse alpiner, die Luft ist d\u00fcnner, das Wetter<br \/>\nweniger berechenbar, die Wege etwas anspruchsvoller. Doch dies ist die W\u00fcrze,<br \/>\ndie einen erf\u00fcllten Tag in grossartiger Gebirgslandschaft ausmacht. Die<br \/>\nmeisten der Gipfel sind dank Postauto und Seilbahnen als Tagestouren begehbar.<br \/>\nBegleitet werden die Wandervorschl\u00e4ge von gehaltvollen Texten, allen<br \/>\nnotwendigen praktischen Informationen und erstklassigen Fotos, die Vorfreude<br \/>\nwecken und die Erinnerung an wunderbare Tage in den Bergen wach halten.<\/p>\n<p>Gebunden; 208 Seiten; Format: 21 cm x 28 cm<\/p>","protected":false},"excerpt":{"rendered":"<p>Die sch\u00f6nsten 3000er der Schweiz f\u00fcr Wanderer. Hohe Gipfel auf leichten Routen. 3000er mit normaler Wanderausr\u00fcstung. Wandervorschl\u00e4ge mit allen praktischen Informationen und vielen erstklassigen Fotos. Hohe Gipfel, die auf leichten Routen und mit normaler Wanderausr\u00fcstung zu besteigen sind &#8211; das ist der Traum vieler Wanderinnen und Wanderer. Von den h\u00f6chsten Wandergipfeln der Schweizer Alpen &#8211; [&#8230;]\n","protected":false},"featured_media":32359,"template":"","meta":[],"product_brand":[],"product_cat":[21605],"product_tag":[],"class_list":{"0":"post-148016","1":"product","2":"type-product","3":"status-publish","4":"has-post-thumbnail","6":"product_cat-wanderfuehrer-trekking","7":"pa_autor-joss","8":"pa_erscheinungsjahr-21586","9":"pa_region-schweiz","10":"pa_sprache-de","12":"first","13":"instock","14":"taxable","15":"shipping-taxable","16":"purchasable","17":"product-type-simple"},"_links":{"self":[{"href":"https:\/\/pizbube.ch\/en\/wp-json\/wp\/v2\/product\/148016","targetHints":{"allow":["GET"]}}],"collection":[{"href":"https:\/\/pizbube.ch\/en\/wp-json\/wp\/v2\/product"}],"about":[{"href":"https:\/\/pizbube.ch\/en\/wp-json\/wp\/v2\/types\/product"}],"wp:featuredmedia":[{"embeddable":true,"href":"https:\/\/pizbube.ch\/en\/wp-json\/wp\/v2\/media\/32359"}],"wp:attachment":[{"href":"https:\/\/pizbube.ch\/en\/wp-json\/wp\/v2\/media?parent=148016"}],"wp:term":[{"taxonomy":"product_brand","embeddable":true,"href":"https:\/\/pizbube.ch\/en\/wp-json\/wp\/v2\/product_brand?post=148016"},{"taxonomy":"product_cat","embeddable":true,"href":"https:\/\/pizbube.ch\/en\/wp-json\/wp\/v2\/product_cat?post=148016"},{"taxonomy":"product_tag","embeddable":true,"href":"https:\/\/pizbube.ch\/en\/wp-json\/wp\/v2\/product_tag?post=148016"}],"curies":[{"name":"wp","href":"https:\/\/api.w.org\/{rel}","templated":true}]}}