{"id":148017,"date":"2021-01-15T10:56:25","date_gmt":"2021-01-15T10:56:25","guid":{"rendered":"https:\/\/codengine3.ch\/?product=import-placeholder-for-207312"},"modified":"2021-01-15T16:01:55","modified_gmt":"2021-01-15T16:01:55","slug":"die-seven-summits-der-alpen","status":"publish","type":"product","link":"https:\/\/pizbube.ch\/en\/shop\/die-seven-summits-der-alpen\/","title":{"rendered":"Die Seven Summits der Alpen"},"content":{"rendered":"<p>44 Traumtouren auf und um die h\u00f6chsten Gipfel der Alpenl\u00e4nder<\/p>\n<p>Die glorreichen Sieben<br \/>\nSie sind die h\u00f6chsten Gipfel der sieben Alpenl\u00e4nder: der slowenische Triglav,<br \/>\nder \u00f6sterreichische Gro\u00dfglockner, die deutsche Zugspitze, der italienische<br \/>\nGran Paradiso, die Schweizer Dufourspitze, der franz\u00f6sische Mont Blanc und die<br \/>\nLiechtensteiner Grauspitze. Zu erobern wahlweise als Besteigungsserie oder \u0096<br \/>\netwas entspannter \u0096 mit zus\u00e4tzlichen Touren im jeweiligen Gebiet. 44 Touren<br \/>\nf\u00fcr unterschiedliche Anspr\u00fcche: Unvergessliche Bergwochen garantiert!<br \/>\n192 Seiten, ca. 160 Abbildungen, Format 16,5 x 23,5 cm, Klappenbroschur mit<br \/>\nFadenheftung<\/p>","protected":false},"excerpt":{"rendered":"<p>44 Traumtouren auf und um die h\u00f6chsten Gipfel der Alpenl\u00e4nder Die glorreichen Sieben Sie sind die h\u00f6chsten Gipfel der sieben Alpenl\u00e4nder: der slowenische Triglav, der \u00f6sterreichische Gro\u00dfglockner, die deutsche Zugspitze, der italienische Gran Paradiso, die Schweizer Dufourspitze, der franz\u00f6sische Mont Blanc und die Liechtensteiner Grauspitze. Zu erobern wahlweise als Besteigungsserie oder \u0096 etwas entspannter \u0096 [&#8230;]\n","protected":false},"featured_media":37099,"template":"","meta":[],"product_brand":[],"product_cat":[21544],"product_tag":[],"class_list":{"0":"post-148017","1":"product","2":"type-product","3":"status-publish","4":"has-post-thumbnail","6":"product_cat-fuehrerliteratur-alpin-sommer","7":"pa_autor-dick-heiligensetzer","8":"pa_erscheinungsjahr-21550","9":"pa_region-uebrigers-europa","10":"pa_sprache-de","12":"first","13":"outofstock","14":"taxable","15":"shipping-taxable","16":"purchasable","17":"product-type-simple"},"_links":{"self":[{"href":"https:\/\/pizbube.ch\/en\/wp-json\/wp\/v2\/product\/148017","targetHints":{"allow":["GET"]}}],"collection":[{"href":"https:\/\/pizbube.ch\/en\/wp-json\/wp\/v2\/product"}],"about":[{"href":"https:\/\/pizbube.ch\/en\/wp-json\/wp\/v2\/types\/product"}],"wp:featuredmedia":[{"embeddable":true,"href":"https:\/\/pizbube.ch\/en\/wp-json\/wp\/v2\/media\/37099"}],"wp:attachment":[{"href":"https:\/\/pizbube.ch\/en\/wp-json\/wp\/v2\/media?parent=148017"}],"wp:term":[{"taxonomy":"product_brand","embeddable":true,"href":"https:\/\/pizbube.ch\/en\/wp-json\/wp\/v2\/product_brand?post=148017"},{"taxonomy":"product_cat","embeddable":true,"href":"https:\/\/pizbube.ch\/en\/wp-json\/wp\/v2\/product_cat?post=148017"},{"taxonomy":"product_tag","embeddable":true,"href":"https:\/\/pizbube.ch\/en\/wp-json\/wp\/v2\/product_tag?post=148017"}],"curies":[{"name":"wp","href":"https:\/\/api.w.org\/{rel}","templated":true}]}}