{"id":148018,"date":"2021-01-15T10:56:25","date_gmt":"2021-01-15T10:56:25","guid":{"rendered":"https:\/\/codengine3.ch\/?product=import-placeholder-for-208233"},"modified":"2025-02-25T10:48:06","modified_gmt":"2025-02-25T09:48:06","slug":"schweiz-3000-drueber-und-drunter","status":"publish","type":"product","link":"https:\/\/pizbube.ch\/en\/shop\/schweiz-3000-drueber-und-drunter\/","title":{"rendered":"Schweiz 3000 &#8211; dr\u00fcber und drunter"},"content":{"rendered":"<p>75 hohe Gipfel f\u00fcr Wanderer und Bergsteiger<\/p>\n<p>3000 Meter, eine magische H\u00f6henmarke \u2013 sie zu erreichen ist eine<br \/>\nHerausforderung f\u00fcr alle ambitionierten Alpinwanderer. Dieses Buch bietet<br \/>\neine F\u00fclle hoher Gipfelziele in der Schweizer Bergwelt. Die Auswahl reicht<br \/>\ndabei von relativ einfachen Wegen f\u00fcr Einsteiger bis hin zu anspruchsvollen<br \/>\nTouren f\u00fcr erfahrenere Bergsteiger. Spannende Anstiege, die in der Regel<br \/>\njedoch keine Seilsicherung erfordern, spaltenreiche Gletscher vermeiden und<br \/>\nden II. Schwierigkeitsgrad nicht \u00fcberschreiten.<\/p>\n<p>Alle 75 Tourenvorschl\u00e4ge werden mit genauen Wegbeschreibungen,<br \/>\naussagekr\u00e4ftigen H\u00f6henprofilen, meist mehreren Bildern und Wanderk\u00e4rtchen mit<br \/>\neingetragenem Routenverlauf nachvollziehbar charakterisiert. Zus\u00e4tzlich<br \/>\nstehen GPS-Daten zum Download bereit. Benutzerfreundlich gestaltete Um-<br \/>\nschlagklappen liefern einen \u00dcberblick \u00fcber alle Touren mit ihren wichtigsten<br \/>\nEckpunkten wie Zeitbedarf, H\u00f6henunterschied und Schwierigkeit. Die gro\u00dfz\u00fcgige<br \/>\nAusstattung des Selection-Bandes und ex-zellente Farbbilder machen Lust darauf<br \/>\nsich auf den Weg zu machen.<\/p>\n<p>Die Autoren leben beide in der Schweiz und haben die 70 ausgew\u00e4hlten Routen<br \/>\naktuell recherchiert.<\/p>\n<p>F\u00fcr die zweite Auflage haben sie diesen Selection Band sorgf\u00e4ltig aktualisiert<br \/>\nund um f\u00fcnf neue Touren erweitert.<br \/>\n320 Seiten mit 294 Farbabbildungen, 70 H\u00f6henprofile, 59 Tourenk\u00e4rtchen im<br \/>\nMa\u00dfstab 1:75.000, eine \u00dcbersichtskarte und eine Tourenmatrix<\/p>","protected":false},"excerpt":{"rendered":"<p>75 hohe Gipfel f\u00fcr Wanderer und Bergsteiger 3000 Meter, eine magische H\u00f6henmarke \u2013 sie zu erreichen ist eine Herausforderung f\u00fcr alle ambitionierten Alpinwanderer. Dieses Buch bietet eine F\u00fclle hoher Gipfelziele in der Schweizer Bergwelt. Die Auswahl reicht dabei von relativ einfachen Wegen f\u00fcr Einsteiger bis hin zu anspruchsvollen Touren f\u00fcr erfahrenere Bergsteiger. Spannende Anstiege, die [&#8230;]\n","protected":false},"featured_media":157268,"template":"","meta":[],"product_brand":[],"product_cat":[21544],"product_tag":[],"class_list":{"0":"post-148018","1":"product","2":"type-product","3":"status-publish","4":"has-post-thumbnail","6":"product_cat-fuehrerliteratur-alpin-sommer","7":"pa_autor-jung-kriz","8":"pa_erscheinungsjahr-21586","9":"pa_region-schweiz","10":"pa_sprache-de","12":"first","13":"outofstock","14":"taxable","15":"shipping-taxable","16":"purchasable","17":"product-type-simple"},"_links":{"self":[{"href":"https:\/\/pizbube.ch\/en\/wp-json\/wp\/v2\/product\/148018","targetHints":{"allow":["GET"]}}],"collection":[{"href":"https:\/\/pizbube.ch\/en\/wp-json\/wp\/v2\/product"}],"about":[{"href":"https:\/\/pizbube.ch\/en\/wp-json\/wp\/v2\/types\/product"}],"wp:featuredmedia":[{"embeddable":true,"href":"https:\/\/pizbube.ch\/en\/wp-json\/wp\/v2\/media\/157268"}],"wp:attachment":[{"href":"https:\/\/pizbube.ch\/en\/wp-json\/wp\/v2\/media?parent=148018"}],"wp:term":[{"taxonomy":"product_brand","embeddable":true,"href":"https:\/\/pizbube.ch\/en\/wp-json\/wp\/v2\/product_brand?post=148018"},{"taxonomy":"product_cat","embeddable":true,"href":"https:\/\/pizbube.ch\/en\/wp-json\/wp\/v2\/product_cat?post=148018"},{"taxonomy":"product_tag","embeddable":true,"href":"https:\/\/pizbube.ch\/en\/wp-json\/wp\/v2\/product_tag?post=148018"}],"curies":[{"name":"wp","href":"https:\/\/api.w.org\/{rel}","templated":true}]}}