{"id":148020,"date":"2021-01-15T10:56:32","date_gmt":"2021-01-15T10:56:32","guid":{"rendered":"https:\/\/codengine3.ch\/?product=import-placeholder-for-207829"},"modified":"2023-01-25T10:53:10","modified_gmt":"2023-01-25T09:53:10","slug":"vaincre-ses-peurs","status":"publish","type":"product","link":"https:\/\/pizbube.ch\/en\/shop\/vaincre-ses-peurs\/","title":{"rendered":"Vaincre ses peurs"},"content":{"rendered":"<p>Comment atteindre ses objectifs les plus fous en apprenant \u00e0 surmonter ses<br \/>\ncraintes et ses doutes. De grands noms de l\u2019alpinisme et de l\u2019escalade<br \/>\nt\u00e9moignent.<\/p>\n<p>Dans cet ouvrage, des alpinistes et des grimpeurs de haut niveau, ainsi que<br \/>\ndes entra\u00eeneurs sp\u00e9cialis\u00e9s, abordent librement la mani\u00e8re dont ils surmontent<br \/>\nleur peur et leurs doutes dans des situations critiques.<\/p>\n<p>Outre des conseils permettant d\u2019apaiser l\u2019anxi\u00e9t\u00e9 ressentie par celles et ceux<br \/>\nqui se confrontent au vide et \u00e0 la verticalit\u00e9, \u00ab Vaincre ses peurs \u00bb \u00e9largit<br \/>\nle propos en sugg\u00e9rant des moyens efficaces pour lutter contre tout ce qui<br \/>\npeut nous angoisser au quotidien : peur de l\u2019\u00e9chec, de se lancer dans une<br \/>\nreconversion professionnelle, de prendre l\u2019avion, de parler en public, de<br \/>\ns\u2019engager ou de prendre des risques, quels qu\u2019ils soient.<\/p>\n<p>Autohypnose, hyperconscience, visualisation, concentration, analyse des<br \/>\nmotivations et bien d\u2019autres moyens de surmonter ces craintes naturelles sont<br \/>\nici longuement \u00e9voqu\u00e9s au fil des chapitres.<\/p>\n<p>Un livre prodigieusement stimulant !<\/p>\n<p>Un ouvrage qui ne manquera pas d\u2019int\u00e9resser les adeptes de l\u2019escalade et de<br \/>\nl\u2019alpinisme mais aussi tous ceux qui souhaitent progresser dans leur vie<br \/>\npersonnelle.<\/p>","protected":false},"excerpt":{"rendered":"<p>Comment atteindre ses objectifs les plus fous en apprenant \u00e0 surmonter ses craintes et ses doutes. De grands noms de l\u2019alpinisme et de l\u2019escalade t\u00e9moignent. Dans cet ouvrage, des alpinistes et des grimpeurs de haut niveau, ainsi que des entra\u00eeneurs sp\u00e9cialis\u00e9s, abordent librement la mani\u00e8re dont ils surmontent leur peur et leurs doutes dans des [&#8230;]\n","protected":false},"featured_media":38568,"template":"","meta":[],"product_brand":[],"product_cat":[21538],"product_tag":[],"class_list":{"0":"post-148020","1":"product","2":"type-product","3":"status-publish","4":"has-post-thumbnail","6":"product_cat-lehrbuecher","7":"pa_autor-van-voorst","8":"pa_erscheinungsjahr-21586","9":"pa_region-klettertechnik","10":"pa_sprache-fr","12":"first","13":"instock","14":"taxable","15":"shipping-taxable","16":"purchasable","17":"product-type-simple"},"_links":{"self":[{"href":"https:\/\/pizbube.ch\/en\/wp-json\/wp\/v2\/product\/148020","targetHints":{"allow":["GET"]}}],"collection":[{"href":"https:\/\/pizbube.ch\/en\/wp-json\/wp\/v2\/product"}],"about":[{"href":"https:\/\/pizbube.ch\/en\/wp-json\/wp\/v2\/types\/product"}],"wp:featuredmedia":[{"embeddable":true,"href":"https:\/\/pizbube.ch\/en\/wp-json\/wp\/v2\/media\/38568"}],"wp:attachment":[{"href":"https:\/\/pizbube.ch\/en\/wp-json\/wp\/v2\/media?parent=148020"}],"wp:term":[{"taxonomy":"product_brand","embeddable":true,"href":"https:\/\/pizbube.ch\/en\/wp-json\/wp\/v2\/product_brand?post=148020"},{"taxonomy":"product_cat","embeddable":true,"href":"https:\/\/pizbube.ch\/en\/wp-json\/wp\/v2\/product_cat?post=148020"},{"taxonomy":"product_tag","embeddable":true,"href":"https:\/\/pizbube.ch\/en\/wp-json\/wp\/v2\/product_tag?post=148020"}],"curies":[{"name":"wp","href":"https:\/\/api.w.org\/{rel}","templated":true}]}}