{"id":148022,"date":"2021-01-15T10:56:32","date_gmt":"2021-01-15T10:56:32","guid":{"rendered":"https:\/\/codengine3.ch\/?product=import-placeholder-for-204604"},"modified":"2022-12-14T09:30:43","modified_gmt":"2022-12-14T08:30:43","slug":"objectif-septieme-degre-entrainement-progression-et-performance-en-escalade","status":"publish","type":"product","link":"https:\/\/pizbube.ch\/en\/shop\/objectif-septieme-degre-entrainement-progression-et-performance-en-escalade\/","title":{"rendered":"Objectif septi\u00e8me degr\u00e9 &#8211; entra\u00eenement, progression et performance en escalade"},"content":{"rendered":"<p>Nul besoin d&#8217;\u00eatre grimpeur professionnel et d\u2019y consacrer tout son temps pour<br \/>\nprogresser jusqu\u2019au mythique septi\u00e8me degr\u00e9 de l&#8217;\u00e9chelle de cotation de la<br \/>\ndifficult\u00e9 en escalade. Objectif septi\u00e8me degr\u00e9 s&#8217;adresse \u00e0 l&#8217;immense majorit\u00e9<br \/>\ndes grimpeurs, \u00e0 toutes celles et \u00e0 tous ceux qui ne parviennent pas \u00e0<br \/>\ns&#8217;\u00e9lever au-del\u00e0 du sixi\u00e8me degr\u00e9 \u2013 et ce en d\u00e9pit de leur motivation et<br \/>\nparfois d&#8217;ann\u00e9es de pratique.<\/p>\n<p>Son message est des plus encourageants : les portes du septi\u00e8me degr\u00e9 sont<br \/>\nouvertes \u00e0 tous les grimpeurs ou presque, quels que soient leur \u00e2ge et leur<br \/>\ndisponibilit\u00e9. Il suffit qu&#8217;ils soient d\u00e9cid\u00e9s \u00e0 structurer leur pratique et<br \/>\nleur entra\u00eenement selon quelques principes simples, mais g\u00e9n\u00e9ralement ignor\u00e9s.<\/p>","protected":false},"excerpt":{"rendered":"<p>Nul besoin d&#8217;\u00eatre grimpeur professionnel et d\u2019y consacrer tout son temps pour progresser jusqu\u2019au mythique septi\u00e8me degr\u00e9 de l&#8217;\u00e9chelle de cotation de la difficult\u00e9 en escalade. Objectif septi\u00e8me degr\u00e9 s&#8217;adresse \u00e0 l&#8217;immense majorit\u00e9 des grimpeurs, \u00e0 toutes celles et \u00e0 tous ceux qui ne parviennent pas \u00e0 s&#8217;\u00e9lever au-del\u00e0 du sixi\u00e8me degr\u00e9 \u2013 et ce [&#8230;]\n","protected":false},"featured_media":32773,"template":"","meta":[],"product_brand":[],"product_cat":[21538],"product_tag":[],"class_list":{"0":"post-148022","1":"product","2":"type-product","3":"status-publish","4":"has-post-thumbnail","6":"product_cat-lehrbuecher","7":"pa_autor-hoerst","8":"pa_erscheinungsjahr-21546","9":"pa_region-klettertechnik","10":"pa_sprache-fr","12":"first","13":"onbackorder","14":"taxable","15":"shipping-taxable","16":"purchasable","17":"product-type-simple"},"_links":{"self":[{"href":"https:\/\/pizbube.ch\/en\/wp-json\/wp\/v2\/product\/148022","targetHints":{"allow":["GET"]}}],"collection":[{"href":"https:\/\/pizbube.ch\/en\/wp-json\/wp\/v2\/product"}],"about":[{"href":"https:\/\/pizbube.ch\/en\/wp-json\/wp\/v2\/types\/product"}],"wp:featuredmedia":[{"embeddable":true,"href":"https:\/\/pizbube.ch\/en\/wp-json\/wp\/v2\/media\/32773"}],"wp:attachment":[{"href":"https:\/\/pizbube.ch\/en\/wp-json\/wp\/v2\/media?parent=148022"}],"wp:term":[{"taxonomy":"product_brand","embeddable":true,"href":"https:\/\/pizbube.ch\/en\/wp-json\/wp\/v2\/product_brand?post=148022"},{"taxonomy":"product_cat","embeddable":true,"href":"https:\/\/pizbube.ch\/en\/wp-json\/wp\/v2\/product_cat?post=148022"},{"taxonomy":"product_tag","embeddable":true,"href":"https:\/\/pizbube.ch\/en\/wp-json\/wp\/v2\/product_tag?post=148022"}],"curies":[{"name":"wp","href":"https:\/\/api.w.org\/{rel}","templated":true}]}}