{"id":148023,"date":"2021-01-15T10:56:32","date_gmt":"2021-01-15T10:56:32","guid":{"rendered":"https:\/\/codengine3.ch\/?product=import-placeholder-for-200331"},"modified":"2021-01-15T10:56:37","modified_gmt":"2021-01-15T10:56:37","slug":"the-outsiders-new-outdoor-creativity","status":"publish","type":"product","link":"https:\/\/pizbube.ch\/en\/shop\/the-outsiders-new-outdoor-creativity\/","title":{"rendered":"The Outsiders &#8211; New Outdoor Creativity"},"content":{"rendered":"<p>Products, brands, and ideas that capture the evolving ethos of today\u2019s outdoor<br \/>\nand lifestyle entrepreneurs.<\/p>\n<p>More and more of us are turning to the great outdoors when seeking peace,<br \/>\nbalance, and a touch of adventure to offset our daily grind. The Outsiders<br \/>\nshowcases the outlook and passions of the new creative scene that has emerged<br \/>\nand draws inspiration from this development along with its original products,<br \/>\nbrands, and ideas.<\/p>\n<p>The book captures the refreshing and evolving ethos of today\u2019s smartly<br \/>\nsuccessful outdoor and lifestyle entrepreneurs and features interviews with<br \/>\nkey players from across the outdoor sector. Catering to modern globetrotters,<br \/>\nthese innovators are rethinking the ways in which the fundamental challenges<br \/>\nposed by the wilderness meet the aesthetic needs of design-literate<br \/>\nadventurers. The results are often radical, but always likeable with the<br \/>\noccasional romantic or ironic wink.<\/p>\n<p>Immer mehr Kreative folgen der Sehnsucht nach Reisen, Abenteuer und Natur. So<br \/>\nist eine Szene entstanden, die neue Outdoor-Produkte gestaltet, bestehende<br \/>\nbesser macht und von ihren Erlebnissen auf ihre eigene Weise berichtet.<\/p>\n<p>Drau\u00dfen zu sein, das bedeutet, Wind, Sonne, Wasser, Wald, K\u00e4lte, W\u00e4rme zu<br \/>\nsp\u00fcren, klare Luft zu atmen. Du nimmst deine Thermoskanne mit, dein Zelt, ein<br \/>\nMesser, deinen Hund, vielleicht eine Axt, ein Notizbuch, und los geht&#8217;s: mit<br \/>\nCampingbus, Mountainbike, Motorrad, Kanu oder eben einfach zu Fu\u00df. Diese<br \/>\nSehnsucht zieht urbane Nomaden und Kreative aus aller Welt in ihren Bann &#8211; von<br \/>\nPortland und Berlin bis Helsinki, Kapstadt und Tokio.<br \/>\nThe Outsiders dokumentiert das Lebensgef\u00fchl all derer, die nach Ruhe, Balance<br \/>\nund ein wenig Abenteuer als Abwechslung zu ihrem Alltag suchen. Es geht um<br \/>\nMobilit\u00e4t und das Sich-Konzentrieren auf die wesentlichen Dinge sowie die<br \/>\nsmarte, sehr erfolgreiche Outdoor- und Lifestyle-Industrie, die sich aus<br \/>\ndieser kreativen Szene heraus entwickelt hat.  <\/p>\n<p>Eine ganze Reihe neuer Marken und Manufakturen pr\u00e4gen ein erfrischend<br \/>\nzeitgem\u00e4\u00dfes Bild vom Globetrotter und Abenteurer. Ihre hier im Buch<br \/>\nversammelten Produkte und Projekte sind leichter, besser, schicker, radikaler,<br \/>\nhaltbarer und verbinden Handwerk mit Hightech, aber auch mit Illustration,<br \/>\nFotografie, Grafik-, -Produkt- und Modedesign. Die praktischen Anforderungen<br \/>\nder Wildnis treffen auf die \u00e4sthetischen Bed\u00fcrfnisse der designaffinen<br \/>\nStadtmenschen &#8211; stimmungsvoll, sympathisch und mit einem romantischen,<br \/>\nteilweise auch ironischen Augenzwinkern.<br \/>\n\u00c4hnlich wie bei Gestaltens Velo-B\u00fcchern werden hier Produkte vorgestellt,<br \/>\nPersonen portr\u00e4tiert, Stimmungen eingefangen und Illustrationen sowie<br \/>\ngrafische Arbeiten pr\u00e4sentiert. Genauso sehr zeigt The Outsiders aber auch,<br \/>\nwie ein allgemein bekanntes Thema scheinbar jahrelang einen Dornr\u00f6schenschlaf<br \/>\ngehalten hat und jetzt von einigen inspirierten Menschen, die die Welt von<br \/>\neiner anderen Seite sehen und unseren Alltag hinterfragen, wach gek\u00fcsst werden<br \/>\nkann. Die dabei entstehenden Ideen, Produkte und kreativen L\u00f6sungen sind eine<br \/>\nBereicherung, die unser Leben spannender machen.<\/p>","protected":false},"excerpt":{"rendered":"<ul>\n<li><a href=\"https:\/\/vimeo.com\/89922420\" target=\"_blank\" rel=\"noopener\">Video: Trailer The Outsiders\u2014New Outdoor Creativity<\/a><\/li>\n<\/ul>","protected":false},"featured_media":26576,"template":"","meta":[],"product_brand":[],"product_cat":[21542],"product_tag":[],"class_list":{"0":"post-148023","1":"product","2":"type-product","3":"status-publish","4":"has-post-thumbnail","6":"product_cat-sachbuecher-dokumentationen","7":"pa_autor-bowman-ehmann-klanten","8":"pa_erscheinungsjahr-21550","9":"pa_region-deutschland","10":"pa_sprache-en","12":"first","13":"instock","14":"taxable","15":"shipping-taxable","16":"purchasable","17":"product-type-simple"},"_links":{"self":[{"href":"https:\/\/pizbube.ch\/en\/wp-json\/wp\/v2\/product\/148023","targetHints":{"allow":["GET"]}}],"collection":[{"href":"https:\/\/pizbube.ch\/en\/wp-json\/wp\/v2\/product"}],"about":[{"href":"https:\/\/pizbube.ch\/en\/wp-json\/wp\/v2\/types\/product"}],"wp:featuredmedia":[{"embeddable":true,"href":"https:\/\/pizbube.ch\/en\/wp-json\/wp\/v2\/media\/26576"}],"wp:attachment":[{"href":"https:\/\/pizbube.ch\/en\/wp-json\/wp\/v2\/media?parent=148023"}],"wp:term":[{"taxonomy":"product_brand","embeddable":true,"href":"https:\/\/pizbube.ch\/en\/wp-json\/wp\/v2\/product_brand?post=148023"},{"taxonomy":"product_cat","embeddable":true,"href":"https:\/\/pizbube.ch\/en\/wp-json\/wp\/v2\/product_cat?post=148023"},{"taxonomy":"product_tag","embeddable":true,"href":"https:\/\/pizbube.ch\/en\/wp-json\/wp\/v2\/product_tag?post=148023"}],"curies":[{"name":"wp","href":"https:\/\/api.w.org\/{rel}","templated":true}]}}