{"id":148025,"date":"2021-01-15T10:56:32","date_gmt":"2021-01-15T10:56:32","guid":{"rendered":"https:\/\/codengine3.ch\/?product=import-placeholder-for-208767"},"modified":"2021-01-15T17:57:36","modified_gmt":"2021-01-15T17:57:36","slug":"petzl-la-promesse-des-profondeurs","status":"publish","type":"product","link":"https:\/\/pizbube.ch\/en\/shop\/petzl-la-promesse-des-profondeurs\/","title":{"rendered":"Petzl, la promesse des profondeurs"},"content":{"rendered":"<p>La saga d\u2019une marque embl\u00e9matique racont\u00e9e comme un roman. Des premi\u00e8res<br \/>\n\u00e9chelles de sp\u00e9l\u00e9ologie jusqu\u2019\u00e0 la lampe frontale \u00e0 \u00e9clairage auto-adaptable,<br \/>\nl\u2019histoire de Petzl est une succession d\u2019inventions qui ont r\u00e9volutionn\u00e9<br \/>\nl\u2019acc\u00e8s \u00e0 la verticalit\u00e9.<\/p>\n<p>Tr\u00e8s rarement mis en lumi\u00e8re, le mat\u00e9riel de montagne repr\u00e9sente bien plus<br \/>\nqu\u2019un simple accessoire au harnais des alpinistes. Son \u00e9volution t\u00e9moigne de<br \/>\nl\u2019intelligence des grimpeurs pour venir \u00e0 bout d\u2019obstacles toujours plus<br \/>\ndifficiles et incarne aussi des choix \u00e9thiques. Bref, ces outils traduisent le<br \/>\nrapport de leurs utilisateurs au monde vertical.  <\/p>\n<p>Depuis quarante ans, l\u2019entreprise Petzl et ses fondateurs font partie des<br \/>\nacteurs de la grande histoire de la montagne. H\u00e9ritiers de l\u2019\u00e2ge d\u2019or de la<br \/>\nsp\u00e9l\u00e9ologie \u2013 dont Fernand Petzl fut une figure majeure \u2013 le fabricant a<br \/>\nexplor\u00e9 diff\u00e9rents milieux de la verticalit\u00e9 : le rocher, la glace, la neige,<br \/>\nla nuit\u2026 Il a aussi transpos\u00e9 son savoir-faire dans les domaines du secours et<br \/>\ndes travaux en hauteur.  <\/p>\n<p>Raconter l\u2019aventure Petzl, c\u2019est comme suivre une \u00e9quipe de sp\u00e9l\u00e9ologues qui<br \/>\nd\u00e9couvre un r\u00e9seau de souterrains, de galeries, de puits et en parall\u00e8le doit<br \/>\ninventer les moyens de sa progression. C\u2019est aussi la saga d\u2019une famille<br \/>\npartie de presque rien pour construire, gr\u00e2ce \u00e0 son inventivit\u00e9, une<br \/>\nentreprise \u00e0 la renomm\u00e9e mondiale.<\/p>\n<p>Format : 23 x 23 cm; 272 pages, 350 photographies couleur<\/p>","protected":false},"excerpt":{"rendered":"<ul>\n<li><a href=\"https:\/\/youtu.be\/TAyDZCM7pRs\" target=\"_blank\" rel=\"noopener\">Video: La saga Petzl <\/a><\/li>\n<\/ul>","protected":false},"featured_media":41297,"template":"","meta":[],"product_brand":[],"product_cat":[21542],"product_tag":[],"class_list":{"0":"post-148025","1":"product","2":"type-product","3":"status-publish","4":"has-post-thumbnail","6":"product_cat-sachbuecher-dokumentationen","7":"pa_autor-cuenot-bodeau","8":"pa_erscheinungsjahr-21621","9":"pa_region-frankreich","10":"pa_sprache-fr","12":"first","13":"instock","14":"taxable","15":"shipping-taxable","16":"purchasable","17":"product-type-simple"},"_links":{"self":[{"href":"https:\/\/pizbube.ch\/en\/wp-json\/wp\/v2\/product\/148025","targetHints":{"allow":["GET"]}}],"collection":[{"href":"https:\/\/pizbube.ch\/en\/wp-json\/wp\/v2\/product"}],"about":[{"href":"https:\/\/pizbube.ch\/en\/wp-json\/wp\/v2\/types\/product"}],"wp:featuredmedia":[{"embeddable":true,"href":"https:\/\/pizbube.ch\/en\/wp-json\/wp\/v2\/media\/41297"}],"wp:attachment":[{"href":"https:\/\/pizbube.ch\/en\/wp-json\/wp\/v2\/media?parent=148025"}],"wp:term":[{"taxonomy":"product_brand","embeddable":true,"href":"https:\/\/pizbube.ch\/en\/wp-json\/wp\/v2\/product_brand?post=148025"},{"taxonomy":"product_cat","embeddable":true,"href":"https:\/\/pizbube.ch\/en\/wp-json\/wp\/v2\/product_cat?post=148025"},{"taxonomy":"product_tag","embeddable":true,"href":"https:\/\/pizbube.ch\/en\/wp-json\/wp\/v2\/product_tag?post=148025"}],"curies":[{"name":"wp","href":"https:\/\/api.w.org\/{rel}","templated":true}]}}