{"id":148036,"date":"2021-01-15T10:56:32","date_gmt":"2021-01-15T10:56:32","guid":{"rendered":"https:\/\/codengine3.ch\/?product=import-placeholder-for-208177"},"modified":"2021-01-15T17:51:03","modified_gmt":"2021-01-15T17:51:03","slug":"gimme-kraft-air","status":"publish","type":"product","link":"https:\/\/pizbube.ch\/en\/shop\/gimme-kraft-air\/","title":{"rendered":"Gimme Kraft AIR"},"content":{"rendered":"<p>\nKlettere besser, f\u00fchle Dich besser. Klettertraining trifft Gesundheit!<\/p>\n<p>MOBILISATION. STABILISATON. KR\u00c4FTIGUNG.<\/p>\n<p>Drei S\u00e4ulen f\u00fcr ein Power-Halleluja, das Deinen K\u00f6rper auf allen Ebenen<br \/>\nvorw\u00e4rts bringt und Dich nicht nur zu einem besseren, sondern auch zu einem<br \/>\nges\u00fcnderen Kletterer macht: Weil es vor allem um Ausgewogenheit geht.<\/p>\n<p>Simon Friedrich, unser Physiotherapeut, bietet Dir diesbez\u00fcglich die besten<br \/>\nTrainingswerkzeuge an. Und Du schmiedest auf dieser Basis Deinen eigenen Plan,<br \/>\negal ob Anf\u00e4nger oder Fortgeschrittener. Dein Bonus: Bessere Regeneration,<br \/>\nerh\u00f6hte Beweglichkeit, geringere Verletzungsanf\u00e4lligkeit, schnellere Erfolge<br \/>\nund mehr Spa\u00df beim Klettern.<\/p>\n<p>Climb Better, Feel Better. Climbing Training Meets Good Health.<\/p>\n<p>MOBILITY. STABILITY. STRENGTH.<\/p>\n<p>Climbing training, trinity is still your name! A great leap forward for your<br \/>\nentire body on so many levels, making you not only a better climber, but also<br \/>\na more healthy one: Because it\u2019s all about balance and equilibrium.<\/p>\n<p>After an initial phase of rapid improvement, climbers usually hit a<br \/>\nfrustrating performance plateau and a barrier to progress. When you only<br \/>\nstrengthen your strengths you will most definitely get stuck! With some<br \/>\nvariety in your training however, you can build a solid foundation to yield<br \/>\nmore success and break through the barrier. So here is a collection of the<br \/>\nbest exercises to systematically develop mobility, stability and strength.<br \/>\nThis will not only help to prevent injuries but also take climbing skills to<br \/>\nthe next level.<\/p>\n<p>Simon Friedrich, our physiotherapist, offers you the best training exercises<br \/>\nand enables you to use them \u2013 your perfect basis to build your own workout<br \/>\nroutine, no matter if you\u2019re a newbie or a fitness buff. The bonus benefits:<br \/>\nFaster recovery, better mobility, less prone to injuries, more success, and<br \/>\nmore fun at climbing.  <\/p>","protected":false},"excerpt":{"rendered":"<ul>\n<li><a href=\"https:\/\/vimeo.com\/170163782\" target=\"_blank\" rel=\"noopener\">Video: Trailer Gimme Kraft AIR<\/a><\/li>\n<\/ul>","protected":false},"featured_media":39591,"template":"","meta":[],"product_brand":[],"product_cat":[21538],"product_tag":[],"class_list":{"0":"post-148036","1":"product","2":"type-product","3":"status-publish","4":"has-post-thumbnail","6":"product_cat-lehrbuecher","7":"pa_autor-friedrich-huch","8":"pa_erscheinungsjahr-21571","9":"pa_region-klettertechnik","10":"pa_sprache-de-en","12":"first","13":"outofstock","14":"taxable","15":"shipping-taxable","16":"purchasable","17":"product-type-simple"},"_links":{"self":[{"href":"https:\/\/pizbube.ch\/en\/wp-json\/wp\/v2\/product\/148036","targetHints":{"allow":["GET"]}}],"collection":[{"href":"https:\/\/pizbube.ch\/en\/wp-json\/wp\/v2\/product"}],"about":[{"href":"https:\/\/pizbube.ch\/en\/wp-json\/wp\/v2\/types\/product"}],"wp:featuredmedia":[{"embeddable":true,"href":"https:\/\/pizbube.ch\/en\/wp-json\/wp\/v2\/media\/39591"}],"wp:attachment":[{"href":"https:\/\/pizbube.ch\/en\/wp-json\/wp\/v2\/media?parent=148036"}],"wp:term":[{"taxonomy":"product_brand","embeddable":true,"href":"https:\/\/pizbube.ch\/en\/wp-json\/wp\/v2\/product_brand?post=148036"},{"taxonomy":"product_cat","embeddable":true,"href":"https:\/\/pizbube.ch\/en\/wp-json\/wp\/v2\/product_cat?post=148036"},{"taxonomy":"product_tag","embeddable":true,"href":"https:\/\/pizbube.ch\/en\/wp-json\/wp\/v2\/product_tag?post=148036"}],"curies":[{"name":"wp","href":"https:\/\/api.w.org\/{rel}","templated":true}]}}