{"id":148039,"date":"2021-01-15T10:56:33","date_gmt":"2021-01-15T10:56:33","guid":{"rendered":"https:\/\/codengine3.ch\/?product=import-placeholder-for-200333"},"modified":"2021-01-15T10:56:37","modified_gmt":"2021-01-15T10:56:37","slug":"dolomiten-8-suedwestliche-dolomiten-von-falcade-bis-feltre","status":"publish","type":"product","link":"https:\/\/pizbube.ch\/en\/shop\/dolomiten-8-suedwestliche-dolomiten-von-falcade-bis-feltre\/","title":{"rendered":"Dolomiten 8 &#8211; S\u00fcdwestliche Dolomiten &#8211; Von Falcade bis Feltre"},"content":{"rendered":"<p>S\u00fcdwestliche Dolomiten \u2013 Von Falcade bis Feltre<br \/>\n56 Touren<\/p>\n<p>Fantastische Gipfelziele und Bergeinsamkeit \u2013 ganz im S\u00fcdwesten, zwischen<br \/>\nFalcade und Feltre, sind die Dolomiten noch ein Geheimtipp! Hier finden sich<br \/>\nwahre Highlights wie die klangvolle Marmolata (oder auf Italienisch:<br \/>\nMarmolada), h\u00f6chster Gebirgsstock der Dolomiten, und die monumentale<br \/>\nPalagruppe. Obwohl so bekannt, lassen sich hier viele wunderbare<br \/>\nWanderm\u00f6glichkeiten abseits des Trubels entdecken.<\/p>\n<p>Fast noch beeindruckender als diese Felsenpracht sind die noch weiter im S\u00fcden<br \/>\ngelegenen Feltriner Dolomiten, die Monti del Sole und das Piavetal mit ihrer<br \/>\nungeheuren Vielfalt an Landschaftsformen und Natursch\u00f6nheiten. Sie geh\u00f6ren zum<br \/>\nNationalpark der Belluneser Dolomiten \u2013 und hier trifft man auf ein noch<br \/>\nweitgehend unangetastetes, wildes Bergland. Der Rother Wanderf\u00fchrer \u00bbDolomiten<br \/>\n8\u00ab stellt 56 Touren vor \u2013 von einfachen markierten Wege bis zu anspruchsvollen<br \/>\nRouten f\u00fcr Entdecker.<\/p>\n<p>Exakte Wegbeschreibungen, detaillierte Kartenausschnitte mit eingezeichnetem<br \/>\nRoutenverlauf und aussagekr\u00e4ftige H\u00f6henprofile erleichtern die Planung und<br \/>\nDurchf\u00fchrung der Touren. GPS-Tracks stehen zum Download von der Internetseite<br \/>\ndes Bergverlag Rother bereit.<\/p>\n<p>Dolomiten-Spezialist und bew\u00e4hrter Bergbuchautor Franz Hauleitner hat eine<br \/>\nbreite Tourenauswahl zusammengestellt, die den Wanderurlaub unvergesslich<br \/>\nmachen. Seine Rother Wanderf\u00fchrer \u00bbDolomiten 1\u00ab bis \u00bbDolomiten 8\u00ab decken das<br \/>\ngesamte Dolomitengebiet mit insgesamt 430 Wandervorschl\u00e4gen komplett ab.<br \/>\nZusammen mit den Wanderf\u00fchrern \u00fcber die zehn \u00bbDolomiten-H\u00f6henwege\u00ab ist ihm ein<br \/>\nMeilenstein in der auf Wanderer ausgerichteten Darstellung der Dolomitenregion<br \/>\ngelungen.<\/p>\n<p>1. Auflage 2018; 208 Seiten mit 128 Farbabbildungen<br \/>\n56 H\u00f6henprofile, 56 Wanderk\u00e4rtchen im Ma\u00dfstab 1:25.000, 1:50.000 und 1:75.000,<br \/>\nzwei \u00dcbersichtskarten im Ma\u00dfstab 1:500.000 und 1:600.000, GPS-Tracks zum<br \/>\nDownload  <\/p>","protected":false},"excerpt":{"rendered":"<ul>\n<li><a href=\"https:\/\/pizbube.ch\/wp-content\/uploads\/attachments\/a_002\/1F6DBF87CA4FCB4822166B547CF9741F.pdf\" target=\"_blank\" rel=\"noopener\">PDF: dolomiten_8_inhalt.pdf<\/a><\/li>\n<\/ul>","protected":false},"featured_media":26581,"template":"","meta":[],"product_brand":[],"product_cat":[21605],"product_tag":[],"class_list":{"0":"post-148039","1":"product","2":"type-product","3":"status-publish","4":"has-post-thumbnail","6":"product_cat-wanderfuehrer-trekking","7":"pa_autor-hauleitner","8":"pa_erscheinungsjahr-21546","9":"pa_region-italien","10":"pa_sprache-de","12":"first","13":"instock","14":"taxable","15":"shipping-taxable","16":"purchasable","17":"product-type-simple"},"_links":{"self":[{"href":"https:\/\/pizbube.ch\/en\/wp-json\/wp\/v2\/product\/148039","targetHints":{"allow":["GET"]}}],"collection":[{"href":"https:\/\/pizbube.ch\/en\/wp-json\/wp\/v2\/product"}],"about":[{"href":"https:\/\/pizbube.ch\/en\/wp-json\/wp\/v2\/types\/product"}],"wp:featuredmedia":[{"embeddable":true,"href":"https:\/\/pizbube.ch\/en\/wp-json\/wp\/v2\/media\/26581"}],"wp:attachment":[{"href":"https:\/\/pizbube.ch\/en\/wp-json\/wp\/v2\/media?parent=148039"}],"wp:term":[{"taxonomy":"product_brand","embeddable":true,"href":"https:\/\/pizbube.ch\/en\/wp-json\/wp\/v2\/product_brand?post=148039"},{"taxonomy":"product_cat","embeddable":true,"href":"https:\/\/pizbube.ch\/en\/wp-json\/wp\/v2\/product_cat?post=148039"},{"taxonomy":"product_tag","embeddable":true,"href":"https:\/\/pizbube.ch\/en\/wp-json\/wp\/v2\/product_tag?post=148039"}],"curies":[{"name":"wp","href":"https:\/\/api.w.org\/{rel}","templated":true}]}}