{"id":148041,"date":"2021-01-15T10:56:33","date_gmt":"2021-01-15T10:56:33","guid":{"rendered":"https:\/\/codengine3.ch\/?product=import-placeholder-for-207942"},"modified":"2021-06-22T10:15:07","modified_gmt":"2021-06-22T08:15:07","slug":"dolomiten-7-suedoestliche-dolomiten-cortina-bis-belluno","status":"publish","type":"product","link":"https:\/\/pizbube.ch\/en\/shop\/dolomiten-7-suedoestliche-dolomiten-cortina-bis-belluno\/","title":{"rendered":"Dolomiten 7. S\u00fcd\u00f6stliche Dolomiten &#8211; Cortina bis Belluno"},"content":{"rendered":"<p>S\u00fcd\u00f6stliche Dolomiten \u2013 Cortina bis Belluno<br \/>\n56 Touren<\/p>\n<p>Die Dolomiten sind ein gro\u00dfartiges, wunderbar vielgestaltiges Felsrevier im<br \/>\nHerzen der S\u00fcdalpen: bewaldete Mittelgebirge, m\u00e4rchenhaft sch\u00f6ne L\u00e4rchen- und<br \/>\nWiesenbezirke zwischen den Felskolossen, tiefe Schluchten, malerische T\u00e4ler,<br \/>\nvertr\u00e4umte Bergseen, pr\u00e4chtige Aussichtspunkte und auch leicht erreichbare<br \/>\nGipfel.<\/p>\n<p>Der Rother Wanderf\u00fchrer Dolomiten 7 beschreibt den S\u00fcdbereich der \u00d6stlichen<br \/>\nDolomiten, den Bergraum zwischen Cordevole- und Piavetal, Cortina und Belluno.<br \/>\nMiteinbezogen sind die aus Dolomitgestein geformten Gebiete der S\u00fcdlichen<br \/>\nKarnischen Alpen sowie das Mittelgebirge der Venetianischen Voralpen.<br \/>\nKerngebiet aber sind die Berge rings um den Talkessel von Forno di Zoldo,<br \/>\neines der gro\u00dfartigsten Tourenzentren der Dolomiten, ja der Alpen. Forno ist<br \/>\nEintrittspforte in den Nationalpark Belluneser Dolomiten und wird von sieben,<br \/>\nin das Weltnaturerbe der UNESCO aufgenommenen Gruppen \u2013 Bosconero, Rite,<br \/>\nPelmo, Civetta, Moiazza, Tamer, Pramp\u00e8r \u2013 flankiert.<\/p>\n<p>Der Wiener Dolomiten-Spezialist Franz Hauleitner stellt in seinem Werk eine<br \/>\nrepr\u00e4sentative Auswahl von 56 Unternehmungen vor. Viele von ihnen sind<br \/>\nunschwierig und folgen markierten Wegen. Andere wiederum stellen an \u00dcbung,<br \/>\nAusdauer und Orientierungsverm\u00f6gen erh\u00f6hte Anspr\u00fcche. Der Mangel an<br \/>\nSt\u00fctzpunkten und die im Vergleich zu den Norddolomiten gr\u00f6\u00dferen<br \/>\nH\u00f6henunterschiede zwischen T\u00e4lern und Gipfeln werden in l\u00e4ngeren,<br \/>\nanspruchsvolleren Unternehmungen und in einer gr\u00f6\u00dferen Anzahl mehrt\u00e4giger<br \/>\nWanderungen sichtbar.<\/p>\n<p>Tourensteckbriefe, ausf\u00fchrliche Wegbeschreibungen, aussagekr\u00e4ftige<br \/>\nH\u00f6henprofile und detaillierte Kartenausschnitte im Ma\u00dfstab 1:50.000 machen<br \/>\nalle Tourenvorschl\u00e4ge leicht und sicher nachvollziehbar. Die farbige<br \/>\nSchwierigkeitsbewertung erleichtert die Auswahl der Ziele und zahlreiche<br \/>\nFarbfotos wecken die Wanderlust. GPS-Daten stehen zum Download bereit.<\/p>\n<p>1. Auflage 2015; 192 Seiten mit 133 Farbabbildungen, 56 H\u00f6henprofile, 56<br \/>\nWanderk\u00e4rtchen im Ma\u00dfstab 1:50.000, zwei \u00dcbersichtskarten<\/p>","protected":false},"excerpt":{"rendered":"<ul>\n<li><a href=\"https:\/\/pizbube.ch\/wp-content\/uploads\/attachments\/a_027\/B508023AB80A2391F4E3796841DCE976.pdf\" target=\"_blank\" rel=\"noopener\">PDF: dolomiten_7_inhalt.pdf<\/a><\/li>\n<\/ul>","protected":false},"featured_media":38890,"template":"","meta":[],"product_brand":[],"product_cat":[21605],"product_tag":[],"class_list":{"0":"post-148041","1":"product","2":"type-product","3":"status-publish","4":"has-post-thumbnail","6":"product_cat-wanderfuehrer-trekking","7":"pa_autor-hauleitner","8":"pa_erscheinungsjahr-21597","9":"pa_region-italien","10":"pa_sprache-de","12":"first","13":"instock","14":"taxable","15":"shipping-taxable","16":"purchasable","17":"product-type-simple"},"_links":{"self":[{"href":"https:\/\/pizbube.ch\/en\/wp-json\/wp\/v2\/product\/148041","targetHints":{"allow":["GET"]}}],"collection":[{"href":"https:\/\/pizbube.ch\/en\/wp-json\/wp\/v2\/product"}],"about":[{"href":"https:\/\/pizbube.ch\/en\/wp-json\/wp\/v2\/types\/product"}],"wp:featuredmedia":[{"embeddable":true,"href":"https:\/\/pizbube.ch\/en\/wp-json\/wp\/v2\/media\/38890"}],"wp:attachment":[{"href":"https:\/\/pizbube.ch\/en\/wp-json\/wp\/v2\/media?parent=148041"}],"wp:term":[{"taxonomy":"product_brand","embeddable":true,"href":"https:\/\/pizbube.ch\/en\/wp-json\/wp\/v2\/product_brand?post=148041"},{"taxonomy":"product_cat","embeddable":true,"href":"https:\/\/pizbube.ch\/en\/wp-json\/wp\/v2\/product_cat?post=148041"},{"taxonomy":"product_tag","embeddable":true,"href":"https:\/\/pizbube.ch\/en\/wp-json\/wp\/v2\/product_tag?post=148041"}],"curies":[{"name":"wp","href":"https:\/\/api.w.org\/{rel}","templated":true}]}}