{"id":148044,"date":"2021-01-15T10:56:33","date_gmt":"2021-01-15T10:56:33","guid":{"rendered":"https:\/\/codengine3.ch\/?product=import-placeholder-for-205259"},"modified":"2021-01-15T14:39:54","modified_gmt":"2021-01-15T14:39:54","slug":"wanderkarte-285-t-domodossola-1-50-000","status":"publish","type":"product","link":"https:\/\/pizbube.ch\/en\/shop\/wanderkarte-285-t-domodossola-1-50-000\/","title":{"rendered":"Wanderkarte 285 T Domodossola 1: 50 000"},"content":{"rendered":"<p>swisstopo publiziert eine neue Ausflugskarten im Massstab 1:50 000 f\u00fcr die<br \/>\nRegion Domodossola. Wanderer finden darin aktualisierte Fusswege durch den<br \/>\nNationalpark Val Grande f\u00fcr die Region Domodossola.  <\/p>\n<p>Der Nationalpark Val Grande ist als eine der Regionen in Italien bekannt, die<br \/>\nsich ihre Urspr\u00fcnglichkeit bewahrt haben. Die Wanderkarte 285T ist das<br \/>\nErgebnis der Zusammenarbeit zwischen swisstopo und Bernhard Herold Thelesklaf,<br \/>\ndem Autor des F\u00fchrers f\u00fcr den Nationalpark Val Grande, der zeitgleich im<br \/>\nRotpunktverlag erscheint.<br \/>\nNaturliebhaber finden auf der Karte Domodossola (285T) aktuelle Fusswanderwege<br \/>\nund Vorschl\u00e4ge f\u00fcr Ausfl\u00fcge in der Region. Buslinien und Haltestellen<br \/>\n\u00f6ffentlicher Transportmittel sowie Unterk\u00fcnfte ausserhalb der Ortschaften sind<br \/>\nebenfalls eingetragen.<\/p>","protected":false},"excerpt":{"rendered":"<p>swisstopo publiziert eine neue Ausflugskarten im Massstab 1:50 000 f\u00fcr die Region Domodossola. Wanderer finden darin aktualisierte Fusswege durch den Nationalpark Val Grande f\u00fcr die Region Domodossola. Der Nationalpark Val Grande ist als eine der Regionen in Italien bekannt, die sich ihre Urspr\u00fcnglichkeit bewahrt haben. Die Wanderkarte 285T ist das Ergebnis der Zusammenarbeit zwischen swisstopo [&#8230;]\n","protected":false},"featured_media":41312,"template":"","meta":[],"product_brand":[],"product_cat":[21543],"product_tag":[],"class_list":{"0":"post-148044","1":"product","2":"type-product","3":"status-publish","4":"has-post-thumbnail","6":"product_cat-landkarten","7":"pa_autor-swisstopo","8":"pa_erscheinungsjahr-21621","9":"pa_region-schweiz","10":"pa_sprache-d","11":"pa_sprache-i","13":"first","14":"instock","15":"taxable","16":"shipping-taxable","17":"purchasable","18":"product-type-simple"},"_links":{"self":[{"href":"https:\/\/pizbube.ch\/en\/wp-json\/wp\/v2\/product\/148044","targetHints":{"allow":["GET"]}}],"collection":[{"href":"https:\/\/pizbube.ch\/en\/wp-json\/wp\/v2\/product"}],"about":[{"href":"https:\/\/pizbube.ch\/en\/wp-json\/wp\/v2\/types\/product"}],"wp:featuredmedia":[{"embeddable":true,"href":"https:\/\/pizbube.ch\/en\/wp-json\/wp\/v2\/media\/41312"}],"wp:attachment":[{"href":"https:\/\/pizbube.ch\/en\/wp-json\/wp\/v2\/media?parent=148044"}],"wp:term":[{"taxonomy":"product_brand","embeddable":true,"href":"https:\/\/pizbube.ch\/en\/wp-json\/wp\/v2\/product_brand?post=148044"},{"taxonomy":"product_cat","embeddable":true,"href":"https:\/\/pizbube.ch\/en\/wp-json\/wp\/v2\/product_cat?post=148044"},{"taxonomy":"product_tag","embeddable":true,"href":"https:\/\/pizbube.ch\/en\/wp-json\/wp\/v2\/product_tag?post=148044"}],"curies":[{"name":"wp","href":"https:\/\/api.w.org\/{rel}","templated":true}]}}