{"id":148045,"date":"2021-01-15T10:56:33","date_gmt":"2021-01-15T10:56:33","guid":{"rendered":"https:\/\/codengine3.ch\/?product=import-placeholder-for-207601"},"modified":"2021-06-25T15:26:19","modified_gmt":"2021-06-25T13:26:19","slug":"alte-valli-di-lanzo-125000-blatt-17","status":"publish","type":"product","link":"https:\/\/pizbube.ch\/en\/shop\/alte-valli-di-lanzo-125000-blatt-17\/","title":{"rendered":"Alte Valli di Lanzo 1:25&#8217;000 (Blatt 17)"},"content":{"rendered":"<p>Carte de Randonn\u00e9e &#8211; Wanderkarte &#8211; Hiking Map Blatt 17<br \/>\nVal Grande &#8211; Val d&#8217;Ala &#8211; Val di Vi\u00f9 (Italien: Piemont)<\/p>\n<p>gefaltete Karte (doppelseitig)<br \/>\nGPS-kompatibel<br \/>\nFu\u00df- und Wanderwege, Klettersteige und Seilbahnen<br \/>\nCampingpl\u00e4tze und Unterk\u00fcnfte<br \/>\nNaturschutzgebiete und touristisch interessante Punkte<br \/>\nmit kleinem Wanderf\u00fchrer &#8211; Tour della Bessanese<\/p>\n<p>(Sprachausgabe: italienisch\/franz\u00f6sich\/englisch)<br \/>\nLegende in deutsch<\/p>","protected":false},"excerpt":{"rendered":"<p>Carte de Randonn\u00e9e &#8211; Wanderkarte &#8211; Hiking Map Blatt 17 Val Grande &#8211; Val d&#8217;Ala &#8211; Val di Vi\u00f9 (Italien: Piemont) gefaltete Karte (doppelseitig) GPS-kompatibel Fu\u00df- und Wanderwege, Klettersteige und Seilbahnen Campingpl\u00e4tze und Unterk\u00fcnfte Naturschutzgebiete und touristisch interessante Punkte mit kleinem Wanderf\u00fchrer &#8211; Tour della Bessanese (Sprachausgabe: italienisch\/franz\u00f6sich\/englisch) Legende in deutsch<\/p>","protected":false},"featured_media":157762,"template":"","meta":[],"product_brand":[],"product_cat":[21543],"product_tag":[],"class_list":{"0":"post-148045","1":"product","2":"type-product","3":"status-publish","4":"has-post-thumbnail","6":"product_cat-landkarten","7":"pa_autor-escursionista","8":"pa_erscheinungsjahr-21558","9":"pa_region-italien","10":"pa_sprache-de","12":"first","13":"instock","14":"taxable","15":"shipping-taxable","16":"purchasable","17":"product-type-simple"},"_links":{"self":[{"href":"https:\/\/pizbube.ch\/en\/wp-json\/wp\/v2\/product\/148045","targetHints":{"allow":["GET"]}}],"collection":[{"href":"https:\/\/pizbube.ch\/en\/wp-json\/wp\/v2\/product"}],"about":[{"href":"https:\/\/pizbube.ch\/en\/wp-json\/wp\/v2\/types\/product"}],"wp:featuredmedia":[{"embeddable":true,"href":"https:\/\/pizbube.ch\/en\/wp-json\/wp\/v2\/media\/157762"}],"wp:attachment":[{"href":"https:\/\/pizbube.ch\/en\/wp-json\/wp\/v2\/media?parent=148045"}],"wp:term":[{"taxonomy":"product_brand","embeddable":true,"href":"https:\/\/pizbube.ch\/en\/wp-json\/wp\/v2\/product_brand?post=148045"},{"taxonomy":"product_cat","embeddable":true,"href":"https:\/\/pizbube.ch\/en\/wp-json\/wp\/v2\/product_cat?post=148045"},{"taxonomy":"product_tag","embeddable":true,"href":"https:\/\/pizbube.ch\/en\/wp-json\/wp\/v2\/product_tag?post=148045"}],"curies":[{"name":"wp","href":"https:\/\/api.w.org\/{rel}","templated":true}]}}