{"id":148046,"date":"2021-01-15T10:56:33","date_gmt":"2021-01-15T10:56:33","guid":{"rendered":"https:\/\/codengine3.ch\/?product=import-placeholder-for-206301"},"modified":"2021-01-15T14:47:56","modified_gmt":"2021-01-15T14:47:56","slug":"varallo-verbania-lago-dorta-150000","status":"publish","type":"product","link":"https:\/\/pizbube.ch\/en\/shop\/varallo-verbania-lago-dorta-150000\/","title":{"rendered":"Varallo-Verbania-Lago d`Orta 1:50`000"},"content":{"rendered":"<p>Wandern, Rad, Skitouren &#8211; Blatt 97  <\/p>\n<p>4in1 Wanderkarte &#8211; Deutsch \/ Englisch \/ Italienisch, mit Aktiv Guide, Karten;<br \/>\nmit Download-M\u00f6glichkeit Kompass-App  <\/p>\n<p>Die 4in1 Wanderkarte ist jetzt noch \u00fcbersichtlicher und besser lesbar. Die<br \/>\nWanderkarten aus den Top-Wanderregionen sind mit einer zus\u00e4tzlichen Karte im<br \/>\nDetailma\u00dfstab ausgestattet. Der Aktiv Guide informiert Sie rund um das Thema<br \/>\nOutdoor und die kostenlose App f\u00fcr unterwegs gibt es auch noch dazu. Das<br \/>\nbildet die perfekte Grundlage f\u00fcr die Planung einer Wandertour.  <\/p>\n<p>Die pr\u00e4zise Kartografie zeigt alle begehbaren Wanderwege inklusive<br \/>\nKlassifizierung. Informationen wie Schwimmb\u00e4der, Klettersteige,<br \/>\nKinderspielpl\u00e4tze, H\u00fctten und vieles mehr sind in der Karte ebenfalls<br \/>\nenthalten. Dank der rei\u00df- und wetterfesten Papierqualit\u00e4t ist die Karte bei<br \/>\njedem Wetter ein treuer Begleiter.  <\/p>","protected":false},"excerpt":{"rendered":"<p>Wandern, Rad, Skitouren &#8211; Blatt 97 4in1 Wanderkarte &#8211; Deutsch \/ Englisch \/ Italienisch, mit Aktiv Guide, Karten; mit Download-M\u00f6glichkeit Kompass-App Die 4in1 Wanderkarte ist jetzt noch \u00fcbersichtlicher und besser lesbar. Die Wanderkarten aus den Top-Wanderregionen sind mit einer zus\u00e4tzlichen Karte im Detailma\u00dfstab ausgestattet. Der Aktiv Guide informiert Sie rund um das Thema Outdoor und [&#8230;]\n","protected":false},"featured_media":26252,"template":"","meta":[],"product_brand":[],"product_cat":[21543],"product_tag":[],"class_list":{"0":"post-148046","1":"product","2":"type-product","3":"status-publish","4":"has-post-thumbnail","6":"product_cat-landkarten","7":"pa_autor-kompass","8":"pa_erscheinungsjahr-21586","9":"pa_region-italien","10":"pa_sprache-de-it","12":"first","13":"instock","14":"taxable","15":"shipping-taxable","16":"purchasable","17":"product-type-simple"},"_links":{"self":[{"href":"https:\/\/pizbube.ch\/en\/wp-json\/wp\/v2\/product\/148046","targetHints":{"allow":["GET"]}}],"collection":[{"href":"https:\/\/pizbube.ch\/en\/wp-json\/wp\/v2\/product"}],"about":[{"href":"https:\/\/pizbube.ch\/en\/wp-json\/wp\/v2\/types\/product"}],"wp:featuredmedia":[{"embeddable":true,"href":"https:\/\/pizbube.ch\/en\/wp-json\/wp\/v2\/media\/26252"}],"wp:attachment":[{"href":"https:\/\/pizbube.ch\/en\/wp-json\/wp\/v2\/media?parent=148046"}],"wp:term":[{"taxonomy":"product_brand","embeddable":true,"href":"https:\/\/pizbube.ch\/en\/wp-json\/wp\/v2\/product_brand?post=148046"},{"taxonomy":"product_cat","embeddable":true,"href":"https:\/\/pizbube.ch\/en\/wp-json\/wp\/v2\/product_cat?post=148046"},{"taxonomy":"product_tag","embeddable":true,"href":"https:\/\/pizbube.ch\/en\/wp-json\/wp\/v2\/product_tag?post=148046"}],"curies":[{"name":"wp","href":"https:\/\/api.w.org\/{rel}","templated":true}]}}