{"id":148047,"date":"2021-01-15T10:56:33","date_gmt":"2021-01-15T10:56:33","guid":{"rendered":"https:\/\/codengine3.ch\/?product=import-placeholder-for-205793"},"modified":"2024-05-21T13:59:38","modified_gmt":"2024-05-21T11:59:38","slug":"val-grande-wege-in-die-einsamkeit","status":"publish","type":"product","link":"https:\/\/pizbube.ch\/en\/shop\/val-grande-wege-in-die-einsamkeit\/","title":{"rendered":"Val Grande &#8211; Wege in die Einsamkeit"},"content":{"rendered":"<p>Einsam, wild, romantisch &#8211; der Nationalpark Val Grande, am Westufer des Lago<br \/>\nMaggiore gelegen, ist etwas ganz Einzigartiges.<\/p>\n<p>Hoch ragende Berggipfel, steil abfallende Felsen, tiefe Schluchten, klare<br \/>\nBergb\u00e4che, dichte Kastanien- und Buchenw\u00e4lder, verlassene und zerfallene<br \/>\nAlph\u00fctten, der Wanderer erlebt eine besondere Landschaft &#8211; das gro\u00dfartige<br \/>\nPanorama der Walliser Berge und des Berner Oberlands, traumhafte Ausblicke auf<br \/>\nden Lago Maggiore und die Ebene von Varese und Mailand.<br \/>\nM\u00f6glichkeiten genug, von ganz leicht bis schwer &#8211; f\u00fcr Romantiker, f\u00fcr<br \/>\nLeistungsfreudige, f\u00fcr Gro\u00dfe und Kleine, Gem\u00fctliche und Extreme. Wer die<br \/>\nEinsamkeit sucht &#8211; hier gibt es sie noch.<\/p>\n<p>Der Bildband macht neugierig auf dieses wundersch\u00f6ne und bisher wenig bekannte<br \/>\nGebiet &#8211; seine Natur und seine Geschichte. Anhand von bildhaften<br \/>\nTourenbeschreibungen &#8218;erlebt&#8216; der Leser die Faszination dieser gro\u00dfartigen<br \/>\nLandschaft.<\/p>","protected":false},"excerpt":{"rendered":"<p>Einsam, wild, romantisch &#8211; der Nationalpark Val Grande, am Westufer des Lago Maggiore gelegen, ist etwas ganz Einzigartiges. Hoch ragende Berggipfel, steil abfallende Felsen, tiefe Schluchten, klare Bergb\u00e4che, dichte Kastanien- und Buchenw\u00e4lder, verlassene und zerfallene Alph\u00fctten, der Wanderer erlebt eine besondere Landschaft &#8211; das gro\u00dfartige Panorama der Walliser Berge und des Berner Oberlands, traumhafte Ausblicke [&#8230;]\n","protected":false},"featured_media":34614,"template":"","meta":[],"product_brand":[],"product_cat":[21542],"product_tag":[],"class_list":{"0":"post-148047","1":"product","2":"type-product","3":"status-publish","4":"has-post-thumbnail","6":"product_cat-sachbuecher-dokumentationen","7":"pa_autor-platen-ruck","8":"pa_erscheinungsjahr-21693","9":"pa_region-italien","10":"pa_sprache-de","12":"first","13":"outofstock","14":"taxable","15":"shipping-taxable","16":"purchasable","17":"product-type-simple"},"_links":{"self":[{"href":"https:\/\/pizbube.ch\/en\/wp-json\/wp\/v2\/product\/148047","targetHints":{"allow":["GET"]}}],"collection":[{"href":"https:\/\/pizbube.ch\/en\/wp-json\/wp\/v2\/product"}],"about":[{"href":"https:\/\/pizbube.ch\/en\/wp-json\/wp\/v2\/types\/product"}],"wp:featuredmedia":[{"embeddable":true,"href":"https:\/\/pizbube.ch\/en\/wp-json\/wp\/v2\/media\/34614"}],"wp:attachment":[{"href":"https:\/\/pizbube.ch\/en\/wp-json\/wp\/v2\/media?parent=148047"}],"wp:term":[{"taxonomy":"product_brand","embeddable":true,"href":"https:\/\/pizbube.ch\/en\/wp-json\/wp\/v2\/product_brand?post=148047"},{"taxonomy":"product_cat","embeddable":true,"href":"https:\/\/pizbube.ch\/en\/wp-json\/wp\/v2\/product_cat?post=148047"},{"taxonomy":"product_tag","embeddable":true,"href":"https:\/\/pizbube.ch\/en\/wp-json\/wp\/v2\/product_tag?post=148047"}],"curies":[{"name":"wp","href":"https:\/\/api.w.org\/{rel}","templated":true}]}}