{"id":148049,"date":"2021-01-15T10:56:33","date_gmt":"2021-01-15T10:56:33","guid":{"rendered":"https:\/\/codengine3.ch\/?product=import-placeholder-for-208678"},"modified":"2025-06-11T09:27:02","modified_gmt":"2025-06-11T07:27:02","slug":"nationalpark-val-grande-2","status":"publish","type":"product","link":"https:\/\/pizbube.ch\/en\/shop\/nationalpark-val-grande-2\/","title":{"rendered":"Nationalpark Val Grande"},"content":{"rendered":"<p>Unterwegs in der Wildnis zwischen Domodossola und Lago Maggiore<\/p>\n<p>Die `gr\u00f6\u00dfte Wildnis Italiens` ist eine ehemalige Kulturlandschaft, die seit 60<br \/>\nJahren nicht mehr bewirtschaftet wird. \u00dcbrig geblieben sind alte Wege und<br \/>\nromantische H\u00fctten in einer grandiosen Landschaft.<\/p>\n<p>Der 1992 geschaffene Nationalpark Val Grande befindet sich zwischen<br \/>\nDomodossola und dem Lago Maggiore, wenige Kilometer von der Schweizer Grenze<br \/>\nentfernt. Er gilt als das gr\u00f6\u00dfte Wildnisgebiet Italiens und des gesamten<br \/>\nAlpenbogens.<br \/>\nNach sieben Jahrhunderten intensiver alp- und forstwirtschaftlicher Nutzung<br \/>\nentv\u00f6lkerte sich das Gebiet nach dem Zweiten Weltkrieg vollst\u00e4ndig. Seither<br \/>\nwird es nicht mehr bewirtschaftet, und die einstige alpine Kulturlandschaft<br \/>\nverwandelt sich sukzessive in eine `Wildnis`.<\/p>\n<p>Dieser Wanderf\u00fchrer beschreibt 15 ein- bis viert\u00e4gige Trekkingtouren von<br \/>\neinfach bis schwierig durch die beeindruckende Voralpenlandschaft. \u00dcbernachtet<br \/>\nwird gr\u00f6\u00dftenteils in einfachen, aber idyllischen Schutzh\u00fctten. Zu den<br \/>\nn\u00fctzlichen Angaben zur Planung der Touren kommen Informationen \u00fcber die St\u00e4dte<br \/>\nVerbania und Domodossola am Rand des Val Grande.<\/p>\n<p>Die 4. Auflage des Wanderf\u00fchrers enth\u00e4lt neue Fotos, neue Routen und eine neue<br \/>\nEtappierung der bestehenden Routen. Dazu wurden alle Informationen zu<br \/>\n\u00dcbernachtungs- und Verpflegungsm\u00f6glichkeiten aktualisiert sowie die Angaben<br \/>\nzum \u00f6ffentlichen Transport auf den neusten Stand gebracht. Zu den n\u00fctzlichen<br \/>\nAngaben zur Planung der Touren kommen Informationen \u00fcber die St\u00e4dte Verbania<br \/>\nund Domodossola, \u00fcber die wechselvolle Geschichte des Val Grande und<br \/>\nGeschichten von Partisanen, Eremiten, Schmugglern und K\u00f6hlern.<\/p>\n<p>6. Auflage 2025,<br \/>\n296 Seiten, 19.0 \u00d7 12.0 cm, Klappenbroschur;<br \/>\nMit Farbfotos, Routenskizzen und Serviceteil<\/p>","protected":false},"excerpt":{"rendered":"<p>Unterwegs in der Wildnis zwischen Domodossola und Lago Maggiore Die `gr\u00f6\u00dfte Wildnis Italiens` ist eine ehemalige Kulturlandschaft, die seit 60 Jahren nicht mehr bewirtschaftet wird. \u00dcbrig geblieben sind alte Wege und romantische H\u00fctten in einer grandiosen Landschaft. Der 1992 geschaffene Nationalpark Val Grande befindet sich zwischen Domodossola und dem Lago Maggiore, wenige Kilometer von der [&#8230;]\n","protected":false},"featured_media":157317,"template":"","meta":[],"product_brand":[],"product_cat":[21605],"product_tag":[],"class_list":{"0":"post-148049","1":"product","2":"type-product","3":"status-publish","4":"has-post-thumbnail","6":"product_cat-wanderfuehrer-trekking","7":"pa_autor-herold-shaw","8":"pa_erscheinungsjahr-27415","9":"pa_region-italien","10":"pa_sprache-de","12":"first","13":"instock","14":"taxable","15":"shipping-taxable","16":"purchasable","17":"product-type-simple"},"_links":{"self":[{"href":"https:\/\/pizbube.ch\/en\/wp-json\/wp\/v2\/product\/148049","targetHints":{"allow":["GET"]}}],"collection":[{"href":"https:\/\/pizbube.ch\/en\/wp-json\/wp\/v2\/product"}],"about":[{"href":"https:\/\/pizbube.ch\/en\/wp-json\/wp\/v2\/types\/product"}],"wp:featuredmedia":[{"embeddable":true,"href":"https:\/\/pizbube.ch\/en\/wp-json\/wp\/v2\/media\/157317"}],"wp:attachment":[{"href":"https:\/\/pizbube.ch\/en\/wp-json\/wp\/v2\/media?parent=148049"}],"wp:term":[{"taxonomy":"product_brand","embeddable":true,"href":"https:\/\/pizbube.ch\/en\/wp-json\/wp\/v2\/product_brand?post=148049"},{"taxonomy":"product_cat","embeddable":true,"href":"https:\/\/pizbube.ch\/en\/wp-json\/wp\/v2\/product_cat?post=148049"},{"taxonomy":"product_tag","embeddable":true,"href":"https:\/\/pizbube.ch\/en\/wp-json\/wp\/v2\/product_tag?post=148049"}],"curies":[{"name":"wp","href":"https:\/\/api.w.org\/{rel}","templated":true}]}}