{"id":148053,"date":"2021-01-15T10:56:33","date_gmt":"2021-01-15T10:56:33","guid":{"rendered":"https:\/\/codengine3.ch\/?product=import-placeholder-for-200335"},"modified":"2021-01-15T10:56:38","modified_gmt":"2021-01-15T10:56:38","slug":"die-eroberung-des-mount-everest","status":"publish","type":"product","link":"https:\/\/pizbube.ch\/en\/shop\/die-eroberung-des-mount-everest\/","title":{"rendered":"Die Eroberung des Mount Everest"},"content":{"rendered":"<p>Mit Originalfotografien von der legend\u00e4ren Erstbesteigung<\/p>\n<p>Den Gipfel des mit 8.848 Metern h\u00f6chsten Berges der Erde, des Mount Everest,<br \/>\nzu erklimmen, geh\u00f6rt zu den gr\u00f6\u00dften Menschheitstr\u00e4umen. Die Ersten, denen die<br \/>\nVerwirklichung dieses Traumes gelang, waren am 29. Mai 1953 Sir Edmund Hillary<br \/>\nund sein Sherpa Norbu Tenzing Norgay. George Lowe begleitete als junger Mann<br \/>\nHillary und Norgay bei dieser triumphalen Erstbesteigung und dokumentierte die<br \/>\nSchl\u00fcsselmomente in zahlreichen grandiosen Fotografien, atemberaubenden<br \/>\nLandschaftstableaus und intensiven Portr\u00e4ts.<\/p>\n<p>Zum 60. Jahrestag dieses historischen Ereignisses versammelt der einzigartige<br \/>\nBand exklusives und zum Gro\u00dfteil erstmals ver\u00f6ffentlichtes Bildmaterial aus<br \/>\ndem privaten Archiv des heute legend\u00e4ren Bergsteigers und Fotografen Lowe. Die<br \/>\naufwendig bearbeiteten Aufnahmen schaffen ein Gef\u00fchl der Unmittelbarkeit,<br \/>\nlassen sp\u00fcren, was f\u00fcr eine ungeheure Herausforderung die Erstbesteigung war<br \/>\nund welche Faszination auch heute noch vom Mount Everest ausgeht. George Lowes<br \/>\npers\u00f6nliche Erinnerungen an diese au\u00dfergew\u00f6hnliche Reise zum Gipfel der Welt<br \/>\nbegleiten die Bilder und machen dieses Buch zu einem echten Leseabenteuer.<\/p>","protected":false},"excerpt":{"rendered":"<p>Mit Originalfotografien von der legend\u00e4ren Erstbesteigung Den Gipfel des mit 8.848 Metern h\u00f6chsten Berges der Erde, des Mount Everest, zu erklimmen, geh\u00f6rt zu den gr\u00f6\u00dften Menschheitstr\u00e4umen. Die Ersten, denen die Verwirklichung dieses Traumes gelang, waren am 29. Mai 1953 Sir Edmund Hillary und sein Sherpa Norbu Tenzing Norgay. George Lowe begleitete als junger Mann Hillary [&#8230;]\n","protected":false},"featured_media":26577,"template":"","meta":[],"product_brand":[],"product_cat":[21542],"product_tag":[],"class_list":{"0":"post-148053","1":"product","2":"type-product","3":"status-publish","4":"has-post-thumbnail","6":"product_cat-sachbuecher-dokumentationen","7":"pa_autor-lowe-lewis-jones","8":"pa_erscheinungsjahr-21568","9":"pa_region-asien","10":"pa_sprache-de","12":"first","13":"outofstock","14":"taxable","15":"shipping-taxable","16":"purchasable","17":"product-type-simple"},"_links":{"self":[{"href":"https:\/\/pizbube.ch\/en\/wp-json\/wp\/v2\/product\/148053","targetHints":{"allow":["GET"]}}],"collection":[{"href":"https:\/\/pizbube.ch\/en\/wp-json\/wp\/v2\/product"}],"about":[{"href":"https:\/\/pizbube.ch\/en\/wp-json\/wp\/v2\/types\/product"}],"wp:featuredmedia":[{"embeddable":true,"href":"https:\/\/pizbube.ch\/en\/wp-json\/wp\/v2\/media\/26577"}],"wp:attachment":[{"href":"https:\/\/pizbube.ch\/en\/wp-json\/wp\/v2\/media?parent=148053"}],"wp:term":[{"taxonomy":"product_brand","embeddable":true,"href":"https:\/\/pizbube.ch\/en\/wp-json\/wp\/v2\/product_brand?post=148053"},{"taxonomy":"product_cat","embeddable":true,"href":"https:\/\/pizbube.ch\/en\/wp-json\/wp\/v2\/product_cat?post=148053"},{"taxonomy":"product_tag","embeddable":true,"href":"https:\/\/pizbube.ch\/en\/wp-json\/wp\/v2\/product_tag?post=148053"}],"curies":[{"name":"wp","href":"https:\/\/api.w.org\/{rel}","templated":true}]}}