{"id":148055,"date":"2021-01-15T10:56:33","date_gmt":"2021-01-15T10:56:33","guid":{"rendered":"https:\/\/codengine3.ch\/?product=import-placeholder-for-202701"},"modified":"2024-08-10T11:35:54","modified_gmt":"2024-08-10T09:35:54","slug":"everest-goettinmutter-der-erde","status":"publish","type":"product","link":"https:\/\/pizbube.ch\/en\/shop\/everest-goettinmutter-der-erde\/","title":{"rendered":"Everest G\u00f6ttinmutter der Erde"},"content":{"rendered":"<p>Zum f\u00fcnfzigsten Jahrestag der Erstbesteigung im Mai 2003 legt der anerkannte Everest-Historiker Jochen Hemmleb seine Monografie des h\u00f6chsten Gipfels der Welt vor und setzt damit der Flut von subjektiv berichtenden Everest-B\u00fcchern der letzten Jahre nicht nur eine objektive Besteigungsgeschichte, sondern auch eine umfassende W\u00fcrdigung des Berges aus den verschiedensten Blickwinkeln entgegen.<\/p>\n<p>Wenn Jochen Hemmleb von seiner sachbezogenen Warte aus die vielen Seiten dieses Berges beleuchtet, kommt auch die Geologie oder die Literaturgeschichte zu Wort, der Mount Everest als Film- und Theaterstar zu Ehren und der Leser auf seine Kosten<\/p>\n<p><span class=\"value\">Jochen Hemmleb ist der Experte und &#171;Spiritus rector&#187; der &#171;1999 Mallory &amp; Irvine Expedition&#187;. Er ist Geologe in Frankfurt am Main, Bergsteiger und Alpinhistoriker. Er besitzt die weltweit gr\u00f6\u00dfte Sammlung von Everest-Dokumenten. Elf Jahre seines Lebens verwandte er darauf, das Geheimnis um Mallory und Irvine in detektivischer Kleinarbeit zu l\u00fcften. Schlie\u00dflich konnte er das Suchareal auf wenige hundert Quadratmeter eingrenzen.<\/span><\/p>","protected":false},"excerpt":{"rendered":"<p>Zum f\u00fcnfzigsten Jahrestag der Erstbesteigung im Mai 2003 legt der anerkannte Everest-Historiker Jochen Hemmleb seine Monografie des h\u00f6chsten Gipfels der Welt vor und setzt damit der Flut von subjektiv berichtenden Everest-B\u00fcchern der letzten Jahre nicht nur eine objektive Besteigungsgeschichte, sondern auch eine umfassende W\u00fcrdigung des Berges aus den verschiedensten Blickwinkeln entgegen. Wenn Jochen Hemmleb von [&#8230;]\n","protected":false},"featured_media":174321,"template":"","meta":[],"product_brand":[],"product_cat":[21542],"product_tag":[],"class_list":{"0":"post-148055","1":"product","2":"type-product","3":"status-publish","4":"has-post-thumbnail","6":"product_cat-sachbuecher-dokumentationen","7":"pa_autor-hemmleb","8":"pa_erscheinungsjahr-22144","9":"pa_region-asien","10":"pa_sprache-de","12":"first","13":"instock","14":"taxable","15":"shipping-taxable","16":"purchasable","17":"product-type-simple"},"_links":{"self":[{"href":"https:\/\/pizbube.ch\/en\/wp-json\/wp\/v2\/product\/148055","targetHints":{"allow":["GET"]}}],"collection":[{"href":"https:\/\/pizbube.ch\/en\/wp-json\/wp\/v2\/product"}],"about":[{"href":"https:\/\/pizbube.ch\/en\/wp-json\/wp\/v2\/types\/product"}],"wp:featuredmedia":[{"embeddable":true,"href":"https:\/\/pizbube.ch\/en\/wp-json\/wp\/v2\/media\/174321"}],"wp:attachment":[{"href":"https:\/\/pizbube.ch\/en\/wp-json\/wp\/v2\/media?parent=148055"}],"wp:term":[{"taxonomy":"product_brand","embeddable":true,"href":"https:\/\/pizbube.ch\/en\/wp-json\/wp\/v2\/product_brand?post=148055"},{"taxonomy":"product_cat","embeddable":true,"href":"https:\/\/pizbube.ch\/en\/wp-json\/wp\/v2\/product_cat?post=148055"},{"taxonomy":"product_tag","embeddable":true,"href":"https:\/\/pizbube.ch\/en\/wp-json\/wp\/v2\/product_tag?post=148055"}],"curies":[{"name":"wp","href":"https:\/\/api.w.org\/{rel}","templated":true}]}}