{"id":148056,"date":"2021-01-15T10:56:33","date_gmt":"2021-01-15T10:56:33","guid":{"rendered":"https:\/\/codengine3.ch\/?product=import-placeholder-for-207443"},"modified":"2023-12-07T14:20:40","modified_gmt":"2023-12-07T13:20:40","slug":"mount-everest-der-berg-der-rekorde","status":"publish","type":"product","link":"https:\/\/pizbube.ch\/en\/shop\/mount-everest-der-berg-der-rekorde\/","title":{"rendered":"Mount Everest &#8211; Der Berg der Rekorde"},"content":{"rendered":"<p>Der Everest hat viele Geschichten zu erz\u00e4hlen. Von Triumphen, Trag\u00f6dien und<br \/>\n\u00fcbermenschlichen Leistungen.<br \/>\nZum 60. Jubil\u00e4um der Erstbesteigung erinnert dieser grandios bebildert Band an<br \/>\ndie legend\u00e4rsten Begehungen und Bergsteiger am Berg der Berge: an Edmund<br \/>\nHillary, George Mallory und die Sherpas im Hintergrund, an den \u00e4ltesten<br \/>\nGipfelbezwinger, der erste Versuch einer Skiabfahrt u.v.m. Ein spannendes<br \/>\nErinnerungsalbum f\u00fcr alle Berg- und Everestfans.<\/p>\n<p>Der Berg der Berge: Der Mount Everest hat viele Geschichten zu erz\u00e4hlen. Von<br \/>\nTriumphen, Trag\u00f6dien und \u00fcbermenschlichen Leistungen. Zum 60. Jubil\u00e4um der<br \/>\nErstbesteigung erinnert dieser Bildband an die legend\u00e4rsten Begehungen und<br \/>\nBergsteiger am Berg der Berge: an den \u00e4ltesten Menschen am Gipfel, den ersten<br \/>\nVersuch einer Skiabfahrt, die Besteigung durch einen Blinden sowie an Edmund<br \/>\nHillary, Tenzing Norgay, George Mallory, Reinhold Messner und viele mehr.<\/p>","protected":false},"excerpt":{"rendered":"<p>Der Everest hat viele Geschichten zu erz\u00e4hlen. Von Triumphen, Trag\u00f6dien und \u00fcbermenschlichen Leistungen. Zum 60. Jubil\u00e4um der Erstbesteigung erinnert dieser grandios bebildert Band an die legend\u00e4rsten Begehungen und Bergsteiger am Berg der Berge: an Edmund Hillary, George Mallory und die Sherpas im Hintergrund, an den \u00e4ltesten Gipfelbezwinger, der erste Versuch einer Skiabfahrt u.v.m. Ein spannendes [&#8230;]\n","protected":false},"featured_media":37459,"template":"","meta":[],"product_brand":[],"product_cat":[21542],"product_tag":[],"class_list":{"0":"post-148056","1":"product","2":"type-product","3":"status-publish","4":"has-post-thumbnail","6":"product_cat-sachbuecher-dokumentationen","7":"pa_autor-nagrath","8":"pa_erscheinungsjahr-21568","9":"pa_region-asien","10":"pa_sprache-de","12":"first","13":"outofstock","14":"taxable","15":"shipping-taxable","16":"purchasable","17":"product-type-simple"},"_links":{"self":[{"href":"https:\/\/pizbube.ch\/en\/wp-json\/wp\/v2\/product\/148056","targetHints":{"allow":["GET"]}}],"collection":[{"href":"https:\/\/pizbube.ch\/en\/wp-json\/wp\/v2\/product"}],"about":[{"href":"https:\/\/pizbube.ch\/en\/wp-json\/wp\/v2\/types\/product"}],"wp:featuredmedia":[{"embeddable":true,"href":"https:\/\/pizbube.ch\/en\/wp-json\/wp\/v2\/media\/37459"}],"wp:attachment":[{"href":"https:\/\/pizbube.ch\/en\/wp-json\/wp\/v2\/media?parent=148056"}],"wp:term":[{"taxonomy":"product_brand","embeddable":true,"href":"https:\/\/pizbube.ch\/en\/wp-json\/wp\/v2\/product_brand?post=148056"},{"taxonomy":"product_cat","embeddable":true,"href":"https:\/\/pizbube.ch\/en\/wp-json\/wp\/v2\/product_cat?post=148056"},{"taxonomy":"product_tag","embeddable":true,"href":"https:\/\/pizbube.ch\/en\/wp-json\/wp\/v2\/product_tag?post=148056"}],"curies":[{"name":"wp","href":"https:\/\/api.w.org\/{rel}","templated":true}]}}