{"id":148057,"date":"2021-01-15T10:56:33","date_gmt":"2021-01-15T10:56:33","guid":{"rendered":"https:\/\/codengine3.ch\/?product=import-placeholder-for-203812"},"modified":"2022-10-28T08:59:27","modified_gmt":"2022-10-28T06:59:27","slug":"everest-solo-der-glaeserne-horizont","status":"publish","type":"product","link":"https:\/\/pizbube.ch\/en\/shop\/everest-solo-der-glaeserne-horizont\/","title":{"rendered":"Everest solo &#8211; Der gl\u00e4serne Horizont"},"content":{"rendered":"<p>Der gl\u00e4serne Horizont: so stellt sich das gewaltige Massiv des Mount Everest<br \/>\ndem Bergsteiger dar, wenn er, wie Reinhold Messner von Lhasa kommend, nach<br \/>\n1000 Kilometern Jeepfahrt durch das rotchinesische Tibet und nach wochenlangen<br \/>\nFu\u00dfm\u00e4rschen von Nomadencamp zu Nomadencamp, sich den Schneegipfeln des<br \/>\nHimalaja n\u00e4hert.<\/p>\n<p>Seit seinem Alleingang 1978 zum Nanga Parbat (8125 m) wei\u00df Messner, da\u00df auch<br \/>\ndie Besteigung des Everest, des mit 8846 Metern h\u00f6chsten Berges der Welt,<br \/>\nallein m\u00f6glich ist. Messner handelt sofort, und es gelingt ihm, f\u00fcr sich eine<br \/>\nExpeditionsgenehmigung f\u00fcr die Zeit von Juni bis Ende August 1980 zu erwirken.<br \/>\nSchon einmal stand Reinhold Messner auf dem Gipfel des Everest. Das war 1978.<br \/>\nNun wird er ein zweites Mal gehen, wieder ohne k\u00fcnstlichen Sauerstoff, aber<br \/>\ndiesmal auch ohne Kletterpartner, ohne feste Lagerkette, ohne Tr\u00e4ger und \u00fcber<br \/>\neine neue Route auf der tibetischen Seite.<\/p>\n<p>Messners Bericht \u00fcber die alpinistische Sensation seiner Solobesteigung<br \/>\nschildert nicht nur den Kampf ums \u00dcberleben angesichts der gewaltigen<br \/>\nHerausforderungen der Natur, wie Monsunst\u00fcrme, Gletscherspalten und die<br \/>\nsauerstoffarme Luft in 8000 Meter H\u00f6he, sondern vor allem auch die Abenteuer<br \/>\nder Psyche an den Grenzen menschlicher Belastbarkeit und das mystische Erleben<br \/>\nder Einsamkeit in eisiger Natur.<\/p>\n<p>4. Auflage 2009<\/p>","protected":false},"excerpt":{"rendered":"<p>Der gl\u00e4serne Horizont: so stellt sich das gewaltige Massiv des Mount Everest dem Bergsteiger dar, wenn er, wie Reinhold Messner von Lhasa kommend, nach 1000 Kilometern Jeepfahrt durch das rotchinesische Tibet und nach wochenlangen Fu\u00dfm\u00e4rschen von Nomadencamp zu Nomadencamp, sich den Schneegipfeln des Himalaja n\u00e4hert. Seit seinem Alleingang 1978 zum Nanga Parbat (8125 m) wei\u00df [&#8230;]\n","protected":false},"featured_media":164214,"template":"","meta":[],"product_brand":[],"product_cat":[21542],"product_tag":[],"class_list":{"0":"post-148057","1":"product","2":"type-product","3":"status-publish","4":"has-post-thumbnail","6":"product_cat-sachbuecher-dokumentationen","7":"pa_autor-messner","8":"pa_erscheinungsjahr-21693","9":"pa_region-asien","10":"pa_sprache-de","12":"first","13":"instock","14":"taxable","15":"shipping-taxable","16":"purchasable","17":"product-type-simple"},"_links":{"self":[{"href":"https:\/\/pizbube.ch\/en\/wp-json\/wp\/v2\/product\/148057","targetHints":{"allow":["GET"]}}],"collection":[{"href":"https:\/\/pizbube.ch\/en\/wp-json\/wp\/v2\/product"}],"about":[{"href":"https:\/\/pizbube.ch\/en\/wp-json\/wp\/v2\/types\/product"}],"wp:featuredmedia":[{"embeddable":true,"href":"https:\/\/pizbube.ch\/en\/wp-json\/wp\/v2\/media\/164214"}],"wp:attachment":[{"href":"https:\/\/pizbube.ch\/en\/wp-json\/wp\/v2\/media?parent=148057"}],"wp:term":[{"taxonomy":"product_brand","embeddable":true,"href":"https:\/\/pizbube.ch\/en\/wp-json\/wp\/v2\/product_brand?post=148057"},{"taxonomy":"product_cat","embeddable":true,"href":"https:\/\/pizbube.ch\/en\/wp-json\/wp\/v2\/product_cat?post=148057"},{"taxonomy":"product_tag","embeddable":true,"href":"https:\/\/pizbube.ch\/en\/wp-json\/wp\/v2\/product_tag?post=148057"}],"curies":[{"name":"wp","href":"https:\/\/api.w.org\/{rel}","templated":true}]}}