{"id":148058,"date":"2021-01-15T10:56:33","date_gmt":"2021-01-15T10:56:33","guid":{"rendered":"https:\/\/codengine3.ch\/?product=import-placeholder-for-202485"},"modified":"2021-01-15T12:36:41","modified_gmt":"2021-01-15T12:36:41","slug":"everest-himmel-hoelle-himalaya-hoerbuch","status":"publish","type":"product","link":"https:\/\/pizbube.ch\/en\/shop\/everest-himmel-hoelle-himalaya-hoerbuch\/","title":{"rendered":"Everest Himmel H\u00f6lle Himalaya (H\u00f6rbuch)"},"content":{"rendered":"<p>Der Bezwinger aller 14 Achttausender erz\u00e4hlt die Geschichte der Everest-<br \/>\nBesteigungen von den ersten, schlecht ausger\u00fcsteten Expeditionen gegen Ende<br \/>\ndes 19. Jahrhunderts bis hin zu den kommerziell organisierten (Massen-)Touren<br \/>\nin den letzten Jahren. Messner gelingt dabei ein spannender \u00dcberblick. Er<br \/>\nberichtet von Grenzg\u00e4ngern nicht aus der Distanz eines unbeteiligten<br \/>\nBeobachters, sondern aus der eigenen Erfahrung von Todesn\u00e4he, der jeder<br \/>\nBergsteiger in \u00fcber 8000 Meter H\u00f6he ausgesetzt ist. H\u00f6rbuch CD<\/p>","protected":false},"excerpt":{"rendered":"<p>Der Bezwinger aller 14 Achttausender erz\u00e4hlt die Geschichte der Everest- Besteigungen von den ersten, schlecht ausger\u00fcsteten Expeditionen gegen Ende des 19. Jahrhunderts bis hin zu den kommerziell organisierten (Massen-)Touren in den letzten Jahren. Messner gelingt dabei ein spannender \u00dcberblick. Er berichtet von Grenzg\u00e4ngern nicht aus der Distanz eines unbeteiligten Beobachters, sondern aus der eigenen Erfahrung [&#8230;]\n","protected":false},"featured_media":29877,"template":"","meta":[],"product_brand":[],"product_cat":[21628],"product_tag":[],"class_list":{"0":"post-148058","1":"product","2":"type-product","3":"status-publish","4":"has-post-thumbnail","6":"product_cat-video-dvd-multimedia","7":"pa_autor-messner","8":"pa_erscheinungsjahr-22144","9":"pa_region-asien","10":"pa_sprache-de","12":"first","13":"instock","14":"taxable","15":"shipping-taxable","16":"purchasable","17":"product-type-simple"},"_links":{"self":[{"href":"https:\/\/pizbube.ch\/en\/wp-json\/wp\/v2\/product\/148058","targetHints":{"allow":["GET"]}}],"collection":[{"href":"https:\/\/pizbube.ch\/en\/wp-json\/wp\/v2\/product"}],"about":[{"href":"https:\/\/pizbube.ch\/en\/wp-json\/wp\/v2\/types\/product"}],"wp:featuredmedia":[{"embeddable":true,"href":"https:\/\/pizbube.ch\/en\/wp-json\/wp\/v2\/media\/29877"}],"wp:attachment":[{"href":"https:\/\/pizbube.ch\/en\/wp-json\/wp\/v2\/media?parent=148058"}],"wp:term":[{"taxonomy":"product_brand","embeddable":true,"href":"https:\/\/pizbube.ch\/en\/wp-json\/wp\/v2\/product_brand?post=148058"},{"taxonomy":"product_cat","embeddable":true,"href":"https:\/\/pizbube.ch\/en\/wp-json\/wp\/v2\/product_cat?post=148058"},{"taxonomy":"product_tag","embeddable":true,"href":"https:\/\/pizbube.ch\/en\/wp-json\/wp\/v2\/product_tag?post=148058"}],"curies":[{"name":"wp","href":"https:\/\/api.w.org\/{rel}","templated":true}]}}