{"id":148060,"date":"2021-01-15T10:56:33","date_gmt":"2021-01-15T10:56:33","guid":{"rendered":"https:\/\/codengine3.ch\/?product=import-placeholder-for-200545"},"modified":"2021-01-15T10:58:40","modified_gmt":"2021-01-15T10:58:40","slug":"on-va-marcher-sur-leverest-everest-summit-of-desire-dvd","status":"publish","type":"product","link":"https:\/\/pizbube.ch\/en\/shop\/on-va-marcher-sur-leverest-everest-summit-of-desire-dvd\/","title":{"rendered":"On Va Marcher Sur L&#8217;Everest \/ Everest: Summit of Desire DVD"},"content":{"rendered":"<p>Avril 2015&#8230; On va marcher sur l&#8217;Everest un film de Fran\u00e7ois Damilano&#8230;<br \/>\nQuelques mots de Fran\u00e7ois&#8230; Ascension versant Tib\u00e9tain Chine, Ar\u00eate Nord<br \/>\nEst&#8230; Des cordes fixes sont pos\u00e9es par les Sherpas de la rimaye au sommet.<br \/>\nLes camps de base et d&#8217;altitudes sont transport\u00e9s et mont\u00e9s par les Sherpas.<br \/>\nLes Sherpas accompagnent les clients jusqu&#8217;au sommet et portent les 2<br \/>\nbouteilles d&#8217;oxyg\u00e8ne suppl\u00e9mentaires n\u00e9cessaires \u00e0 son client pour monter au<br \/>\nsommet et descendre de la montagne&#8230;<\/p>\n<p>Everest: Summit of Desire reveals what climbing the world&#8217;s highest mountain<br \/>\nis really like and shows how modern expeditions give amateur mountaineers the<br \/>\nchance to tackle this famous peak.<br \/>\nThe film contains outstanding footage of as ascent from the northern side;<br \/>\nTibet.<\/p>\n<p>Francois Damilano with Sophie Lavaud.<br \/>\nFrench with English subtitles; 52 minutes; format 16\/9.<\/p>","protected":false},"excerpt":{"rendered":"<ul>\n<li><a href=\"https:\/\/youtu.be\/ilMPlkWXzHI\" target=\"_blank\" rel=\"noopener\">Video: TEMPLATE PIZ Attachment > Webvideo > Youtube [KOPIE]<\/a><\/li>\n<\/ul>\n","protected":false},"featured_media":27241,"template":"","meta":[],"product_brand":[],"product_cat":[21628],"product_tag":[],"class_list":{"0":"post-148060","1":"product","2":"type-product","3":"status-publish","4":"has-post-thumbnail","6":"product_cat-video-dvd-multimedia","7":"pa_autor-damilano","8":"pa_erscheinungsjahr-21550","9":"pa_region-asien","10":"pa_sprache-fr-en","12":"first","13":"instock","14":"taxable","15":"shipping-taxable","16":"purchasable","17":"product-type-simple"},"_links":{"self":[{"href":"https:\/\/pizbube.ch\/en\/wp-json\/wp\/v2\/product\/148060","targetHints":{"allow":["GET"]}}],"collection":[{"href":"https:\/\/pizbube.ch\/en\/wp-json\/wp\/v2\/product"}],"about":[{"href":"https:\/\/pizbube.ch\/en\/wp-json\/wp\/v2\/types\/product"}],"wp:featuredmedia":[{"embeddable":true,"href":"https:\/\/pizbube.ch\/en\/wp-json\/wp\/v2\/media\/27241"}],"wp:attachment":[{"href":"https:\/\/pizbube.ch\/en\/wp-json\/wp\/v2\/media?parent=148060"}],"wp:term":[{"taxonomy":"product_brand","embeddable":true,"href":"https:\/\/pizbube.ch\/en\/wp-json\/wp\/v2\/product_brand?post=148060"},{"taxonomy":"product_cat","embeddable":true,"href":"https:\/\/pizbube.ch\/en\/wp-json\/wp\/v2\/product_cat?post=148060"},{"taxonomy":"product_tag","embeddable":true,"href":"https:\/\/pizbube.ch\/en\/wp-json\/wp\/v2\/product_tag?post=148060"}],"curies":[{"name":"wp","href":"https:\/\/api.w.org\/{rel}","templated":true}]}}