{"id":148061,"date":"2021-01-15T10:56:33","date_gmt":"2021-01-15T10:56:33","guid":{"rendered":"https:\/\/codengine3.ch\/?product=import-placeholder-for-208028"},"modified":"2024-04-13T13:48:12","modified_gmt":"2024-04-13T11:48:12","slug":"everest-expeditionen-zum-endpunkt","status":"publish","type":"product","link":"https:\/\/pizbube.ch\/en\/shop\/everest-expeditionen-zum-endpunkt\/","title":{"rendered":"Everest &#8211; Expeditionen zum Endpunkt"},"content":{"rendered":"<p>Zum Jubil\u00e4um: die Faszination des h\u00f6chsten Berges der Welt und seine<br \/>\nBesteigungen \u2022 Die Everest-Erstbesteigung am 29. Mai 1953 mit Original-<br \/>\nKommentaren von Sir Edmund Hillary \u2022 Reinhold Messners Everest-Expedition 1978<br \/>\nund CD mit Originalaufnahmen von seinem Aufstieg \u2022 Aktuelle Chronik: alle<br \/>\nGipfelbesteigungen bis 2013.<\/p>\n<p>2013 j\u00e4hrt sich die Erstbesteigung des Mount Everest durch Sir Edmund Hillary<br \/>\nzum 60. Mal. Kritisch und selbstreflektiert beschreibt Messner die Besteigung<br \/>\ndes Achttausenders. Angefangen beim \u201eGipfel des Selbstbetrugs\u201c geht er auf die<br \/>\nGeschichte des Everest und die eisige Rivalit\u00e4t ein. Ein Kapitel widmet<br \/>\nMessner dem \u201eKonsumberg\u201c, der durch den ansteigenden Bergsteiger-Tourismus in<br \/>\nden letzten Jahren entstanden ist. Messner zeigt die 16 verschiedenen Routen,<br \/>\ndie auf den Mount Everest f\u00fchren.<\/p>\n<p>Neben den sehr pers\u00f6nlichen Einblicken in Reinhold Messners Sicht auf den<br \/>\nMount Everest und die Bergbezwinger, beeindrucken vor allem die Fotos, die die<br \/>\nAusma\u00dfe des h\u00f6chsten Berges der Welt zeigen. Diese stammen zu einem Gro\u00dfteil<br \/>\naus Messners Privatarchiv. Mit einer Chronik der Vorkommnisse rund um den<br \/>\nMount Everest bis 2012 schlie\u00dft das Buch ab.<\/p>\n<p>256 Seiten, 146 Farbfotos, 2 Zeichnungen, 22.6 x 26.9 cm, Laminierter Pappband<br \/>\nmit CD<\/p>","protected":false},"excerpt":{"rendered":"<p>Zum Jubil\u00e4um: die Faszination des h\u00f6chsten Berges der Welt und seine Besteigungen \u2022 Die Everest-Erstbesteigung am 29. Mai 1953 mit Original- Kommentaren von Sir Edmund Hillary \u2022 Reinhold Messners Everest-Expedition 1978 und CD mit Originalaufnahmen von seinem Aufstieg \u2022 Aktuelle Chronik: alle Gipfelbesteigungen bis 2013. 2013 j\u00e4hrt sich die Erstbesteigung des Mount Everest durch Sir [&#8230;]\n","protected":false},"featured_media":39148,"template":"","meta":[],"product_brand":[],"product_cat":[21542],"product_tag":[],"class_list":{"0":"post-148061","1":"product","2":"type-product","3":"status-publish","4":"has-post-thumbnail","6":"product_cat-sachbuecher-dokumentationen","7":"pa_autor-messner","8":"pa_erscheinungsjahr-21568","9":"pa_region-asien","10":"pa_sprache-de","12":"first","13":"onbackorder","14":"taxable","15":"shipping-taxable","16":"purchasable","17":"product-type-simple"},"_links":{"self":[{"href":"https:\/\/pizbube.ch\/en\/wp-json\/wp\/v2\/product\/148061","targetHints":{"allow":["GET"]}}],"collection":[{"href":"https:\/\/pizbube.ch\/en\/wp-json\/wp\/v2\/product"}],"about":[{"href":"https:\/\/pizbube.ch\/en\/wp-json\/wp\/v2\/types\/product"}],"wp:featuredmedia":[{"embeddable":true,"href":"https:\/\/pizbube.ch\/en\/wp-json\/wp\/v2\/media\/39148"}],"wp:attachment":[{"href":"https:\/\/pizbube.ch\/en\/wp-json\/wp\/v2\/media?parent=148061"}],"wp:term":[{"taxonomy":"product_brand","embeddable":true,"href":"https:\/\/pizbube.ch\/en\/wp-json\/wp\/v2\/product_brand?post=148061"},{"taxonomy":"product_cat","embeddable":true,"href":"https:\/\/pizbube.ch\/en\/wp-json\/wp\/v2\/product_cat?post=148061"},{"taxonomy":"product_tag","embeddable":true,"href":"https:\/\/pizbube.ch\/en\/wp-json\/wp\/v2\/product_tag?post=148061"}],"curies":[{"name":"wp","href":"https:\/\/api.w.org\/{rel}","templated":true}]}}