{"id":148067,"date":"2021-01-15T10:56:34","date_gmt":"2021-01-15T10:56:34","guid":{"rendered":"https:\/\/codengine3.ch\/?product=import-placeholder-for-208768"},"modified":"2022-12-02T11:33:34","modified_gmt":"2022-12-02T10:33:34","slug":"schweiz-sportiv-sporty-switzerland","status":"publish","type":"product","link":"https:\/\/pizbube.ch\/en\/shop\/schweiz-sportiv-sporty-switzerland\/","title":{"rendered":"Schweiz sportiv &#8211; sporty Switzerland"},"content":{"rendered":"<p>Ebenso ber\u00fchmt wie f\u00fcr seine Tourismusplakate ist die Schweiz als touristische<br \/>\nDestination der ersten Stunde f\u00fcr seine Postkarten und f\u00fcr den Wintersport,<br \/>\nder hier seine Wiege hat. Ob Curling, Eishockey oder Skij\u00f6ring, ob auf<br \/>\nSchlittschuhen Schlitten, Bobs oder Skiern, ab der zweiten H\u00e4lfte des 19.<br \/>\nJahrhunderts begann der Siegeszug jener Sportarten, die auf Eis und Schnee<br \/>\nausge\u00fcbt, Menschen aus aller Welt in die winterliche Idylle der Schweiz<br \/>\nlockten.<\/p>\n<p>Dieses nostalgisches Postkartenbuch mit heraustrennbaren Postkarten zeigt die<br \/>\nsch\u00f6nsten und originellsten Motive und Schaupl\u00e4tze der zur\u00fcckliegenden<br \/>\nJahrzehnte. Begleitet werden die heraustrennbaren Postkarten von einem Essay,<br \/>\nder die Geschichte des Schweizer Wintersports und der damit verbundenen<br \/>\nPostkarten- und Souvenirs erhellt.<\/p>\n<p>40 Postkarten (38 zum Heraustrennen)<br \/>\n24 Seiten Begleittext in deutscher und englischer Sprache<\/p>","protected":false},"excerpt":{"rendered":"<p>Ebenso ber\u00fchmt wie f\u00fcr seine Tourismusplakate ist die Schweiz als touristische Destination der ersten Stunde f\u00fcr seine Postkarten und f\u00fcr den Wintersport, der hier seine Wiege hat. Ob Curling, Eishockey oder Skij\u00f6ring, ob auf Schlittschuhen Schlitten, Bobs oder Skiern, ab der zweiten H\u00e4lfte des 19. Jahrhunderts begann der Siegeszug jener Sportarten, die auf Eis und [&#8230;]\n","protected":false},"featured_media":41299,"template":"","meta":[],"product_brand":[],"product_cat":[21853],"product_tag":[],"class_list":{"0":"post-148067","1":"product","2":"type-product","3":"status-publish","4":"has-post-thumbnail","6":"product_cat-ansichtskarten","7":"pa_autor-graf","8":"pa_erscheinungsjahr-21568","9":"pa_region-schweiz","10":"pa_sprache-de","12":"first","13":"instock","14":"taxable","15":"shipping-taxable","16":"purchasable","17":"product-type-simple"},"_links":{"self":[{"href":"https:\/\/pizbube.ch\/en\/wp-json\/wp\/v2\/product\/148067","targetHints":{"allow":["GET"]}}],"collection":[{"href":"https:\/\/pizbube.ch\/en\/wp-json\/wp\/v2\/product"}],"about":[{"href":"https:\/\/pizbube.ch\/en\/wp-json\/wp\/v2\/types\/product"}],"wp:featuredmedia":[{"embeddable":true,"href":"https:\/\/pizbube.ch\/en\/wp-json\/wp\/v2\/media\/41299"}],"wp:attachment":[{"href":"https:\/\/pizbube.ch\/en\/wp-json\/wp\/v2\/media?parent=148067"}],"wp:term":[{"taxonomy":"product_brand","embeddable":true,"href":"https:\/\/pizbube.ch\/en\/wp-json\/wp\/v2\/product_brand?post=148067"},{"taxonomy":"product_cat","embeddable":true,"href":"https:\/\/pizbube.ch\/en\/wp-json\/wp\/v2\/product_cat?post=148067"},{"taxonomy":"product_tag","embeddable":true,"href":"https:\/\/pizbube.ch\/en\/wp-json\/wp\/v2\/product_tag?post=148067"}],"curies":[{"name":"wp","href":"https:\/\/api.w.org\/{rel}","templated":true}]}}