{"id":148068,"date":"2021-01-15T10:56:34","date_gmt":"2021-01-15T10:56:34","guid":{"rendered":"https:\/\/codengine3.ch\/?product=import-placeholder-for-208034"},"modified":"2022-12-08T08:32:57","modified_gmt":"2022-12-08T07:32:57","slug":"schoene-schweiz-beautiful-switzerland","status":"publish","type":"product","link":"https:\/\/pizbube.ch\/en\/shop\/schoene-schweiz-beautiful-switzerland\/","title":{"rendered":"Sch\u00f6ne Schweiz \/ Beautiful Switzerland"},"content":{"rendered":"<p>Farbenfroh und nostalgisch. Die sch\u00f6nsten Schweizer Tourismusplakate als<br \/>\nPostkartenbuch zum Herausnehmen und Verschicken. Mit dreisprachigem<br \/>\nBegleittext in Deutsch, Englisch und Franz\u00f6sisch.<\/p>\n<p>Sch\u00f6ne Schweiz ein Postkartenbuch, das 40 heraustrennbare Postkarten enth\u00e4lt.<br \/>\nDie H\u00f6hepunkte aus vier Jahrzehnten (1920 &#8211; 1960) Schweizer Plakatkunst: von A<br \/>\nwie Ascona bis Z wie Zermatt.<\/p>\n<p>40 Postkarten zum Heraustrennen<br \/>\n23 Seiten Begleittext<br \/>\nDeutsch und Englisch<\/p>","protected":false},"excerpt":{"rendered":"<p>Farbenfroh und nostalgisch. Die sch\u00f6nsten Schweizer Tourismusplakate als Postkartenbuch zum Herausnehmen und Verschicken. Mit dreisprachigem Begleittext in Deutsch, Englisch und Franz\u00f6sisch. Sch\u00f6ne Schweiz ein Postkartenbuch, das 40 heraustrennbare Postkarten enth\u00e4lt. Die H\u00f6hepunkte aus vier Jahrzehnten (1920 &#8211; 1960) Schweizer Plakatkunst: von A wie Ascona bis Z wie Zermatt. 40 Postkarten zum Heraustrennen 23 Seiten Begleittext [&#8230;]\n","protected":false},"featured_media":39156,"template":"","meta":[],"product_brand":[],"product_cat":[21853],"product_tag":[],"class_list":{"0":"post-148068","1":"product","2":"type-product","3":"status-publish","4":"has-post-thumbnail","6":"product_cat-ansichtskarten","7":"pa_autor-graf","8":"pa_erscheinungsjahr-21621","9":"pa_region-schweiz","10":"pa_sprache-de","12":"first","13":"outofstock","14":"taxable","15":"shipping-taxable","16":"purchasable","17":"product-type-simple"},"_links":{"self":[{"href":"https:\/\/pizbube.ch\/en\/wp-json\/wp\/v2\/product\/148068","targetHints":{"allow":["GET"]}}],"collection":[{"href":"https:\/\/pizbube.ch\/en\/wp-json\/wp\/v2\/product"}],"about":[{"href":"https:\/\/pizbube.ch\/en\/wp-json\/wp\/v2\/types\/product"}],"wp:featuredmedia":[{"embeddable":true,"href":"https:\/\/pizbube.ch\/en\/wp-json\/wp\/v2\/media\/39156"}],"wp:attachment":[{"href":"https:\/\/pizbube.ch\/en\/wp-json\/wp\/v2\/media?parent=148068"}],"wp:term":[{"taxonomy":"product_brand","embeddable":true,"href":"https:\/\/pizbube.ch\/en\/wp-json\/wp\/v2\/product_brand?post=148068"},{"taxonomy":"product_cat","embeddable":true,"href":"https:\/\/pizbube.ch\/en\/wp-json\/wp\/v2\/product_cat?post=148068"},{"taxonomy":"product_tag","embeddable":true,"href":"https:\/\/pizbube.ch\/en\/wp-json\/wp\/v2\/product_tag?post=148068"}],"curies":[{"name":"wp","href":"https:\/\/api.w.org\/{rel}","templated":true}]}}