{"id":148069,"date":"2021-01-15T10:56:34","date_gmt":"2021-01-15T10:56:34","guid":{"rendered":"https:\/\/codengine3.ch\/?product=import-placeholder-for-207132"},"modified":"2021-01-15T14:55:27","modified_gmt":"2021-01-15T14:55:27","slug":"berge-montagne-montagna-mountains-1895-1930","status":"publish","type":"product","link":"https:\/\/pizbube.ch\/en\/shop\/berge-montagne-montagna-mountains-1895-1930\/","title":{"rendered":"Berge &#8211; Montagne &#8211; Montagna &#8211; Mountains. 1895-1930"},"content":{"rendered":"<p>Eine Auswahl alter Ansichtskarten \/ Postkarten aus den Bergen vom Mont Blanc<br \/>\n\u00fcber die Walliser- und Berner Alpen, \u00fcber den Pal\u00fc, Meran und die Dolomiten<br \/>\nbis zum Watzmann aus der Jahrhundertwende (19. Jh. &#8211; 20. Jh.)  <\/p>\n<p>Eine Auswahl aus den Jahren 1895 bis 1930 ist jetzt in einem knapp 6 cm dicken<br \/>\nund gut 500 seitigen Buch versammelt. 766 Farbpostkarten aus den Alpen,<br \/>\nerg\u00e4nzt um 48 Panoramen, lassen die Belle Epoque und die 1920er Jahre wieder<br \/>\naufleben. Natur und Kultur, Sommer und Winter, Touristen und Trachtenm\u00e4dchen,<br \/>\nHotels und H\u00fctten, Schlittler und Skifahrer, Kutschen und Aufz\u00fcge, Alpinisten<br \/>\nund Kurg\u00e4ste: eine heile, abenteuerliche, wundersame Welt. Und unglaublich<br \/>\nfarbig. Ein Buch wie eine Reise in eine Vergangenheit, als die Hotelreklamen<br \/>\nnoch die Zentralheizung und die eigene Post hervorheben mussten&#8230;<br \/>\n527 S., Farb. Abb., Karten<br \/>\nMit ausklappbaren Seiten  <\/p>","protected":false},"excerpt":{"rendered":"<p>Eine Auswahl alter Ansichtskarten \/ Postkarten aus den Bergen vom Mont Blanc \u00fcber die Walliser- und Berner Alpen, \u00fcber den Pal\u00fc, Meran und die Dolomiten bis zum Watzmann aus der Jahrhundertwende (19. Jh. &#8211; 20. Jh.) Eine Auswahl aus den Jahren 1895 bis 1930 ist jetzt in einem knapp 6 cm dicken und gut 500 [&#8230;]\n","protected":false},"featured_media":36744,"template":"","meta":[],"product_brand":[],"product_cat":[21580],"product_tag":[],"class_list":{"0":"post-148069","1":"product","2":"type-product","3":"status-publish","4":"has-post-thumbnail","6":"product_cat-kunst-kultur","7":"pa_autor-walter-couzy","8":"pa_erscheinungsjahr-21610","9":"pa_region-schweiz","10":"pa_sprache-d","11":"pa_sprache-e","12":"pa_sprache-f","13":"pa_sprache-i","15":"first","16":"instock","17":"taxable","18":"shipping-taxable","19":"purchasable","20":"product-type-simple"},"_links":{"self":[{"href":"https:\/\/pizbube.ch\/en\/wp-json\/wp\/v2\/product\/148069","targetHints":{"allow":["GET"]}}],"collection":[{"href":"https:\/\/pizbube.ch\/en\/wp-json\/wp\/v2\/product"}],"about":[{"href":"https:\/\/pizbube.ch\/en\/wp-json\/wp\/v2\/types\/product"}],"wp:featuredmedia":[{"embeddable":true,"href":"https:\/\/pizbube.ch\/en\/wp-json\/wp\/v2\/media\/36744"}],"wp:attachment":[{"href":"https:\/\/pizbube.ch\/en\/wp-json\/wp\/v2\/media?parent=148069"}],"wp:term":[{"taxonomy":"product_brand","embeddable":true,"href":"https:\/\/pizbube.ch\/en\/wp-json\/wp\/v2\/product_brand?post=148069"},{"taxonomy":"product_cat","embeddable":true,"href":"https:\/\/pizbube.ch\/en\/wp-json\/wp\/v2\/product_cat?post=148069"},{"taxonomy":"product_tag","embeddable":true,"href":"https:\/\/pizbube.ch\/en\/wp-json\/wp\/v2\/product_tag?post=148069"}],"curies":[{"name":"wp","href":"https:\/\/api.w.org\/{rel}","templated":true}]}}