{"id":148073,"date":"2021-01-15T10:56:34","date_gmt":"2021-01-15T10:56:34","guid":{"rendered":"https:\/\/codengine3.ch\/?product=import-placeholder-for-200338"},"modified":"2021-01-15T10:56:39","modified_gmt":"2021-01-15T10:56:39","slug":"glarner-alpen-alpine-touren","status":"publish","type":"product","link":"https:\/\/pizbube.ch\/en\/shop\/glarner-alpen-alpine-touren\/","title":{"rendered":"Glarner Alpen &#8211; Alpine Touren"},"content":{"rendered":"<p>Walensee bis T\u00f6di &#8211; Grandiose Routen weitab vom Tourismusstrom<\/p>\n<p>Dieser Alpinf\u00fchrer umfasst fast 1000 Routenbeschreibungen im Gebiet zwischen<br \/>\nder Linthebene \u00fcber den T\u00f6di bis ins Vorderrheintal (Surselva).<br \/>\nDie Glarner Alpen spielten in der Bergsteigergeschichte von Anfang an eine<br \/>\nwichtige Rolle (z.B. erstes Exkursionsgebiet des SAC im neunzehnten<br \/>\nJahrhundert) und sie haben von ihrer Urspr\u00fcnglichkeit und Wildheit bis heute<br \/>\nnichts eingeb\u00fcsst.<\/p>\n<p>Die Autoren konzentrierten sich vor allem auf die alpinen Routen, die f\u00fcr<br \/>\njeden Geschmack etwas bieten. Erstmals werden in jedem der elf Teilgebiete<br \/>\nzwei bis drei Highlights beschrieben, als spezielle Tipps der Autoren. Die<br \/>\nRegion bietet grandiose Landschaften und jede Menge Routen weitab vom<br \/>\nTouristenstrom.<\/p>\n<p>584 Seiten, 45 Farbfotos, 6 Fotos schwarz-weiss, 11 \u00dcbersichtskarten, 2<br \/>\nKartenausschnitte, 111 Routenfotos, 17&#215;10.5cm, Hardcover, 11. Auflage<\/p>","protected":false},"excerpt":{"rendered":"<p>Walensee bis T\u00f6di &#8211; Grandiose Routen weitab vom Tourismusstrom Dieser Alpinf\u00fchrer umfasst fast 1000 Routenbeschreibungen im Gebiet zwischen der Linthebene \u00fcber den T\u00f6di bis ins Vorderrheintal (Surselva). Die Glarner Alpen spielten in der Bergsteigergeschichte von Anfang an eine wichtige Rolle (z.B. erstes Exkursionsgebiet des SAC im neunzehnten Jahrhundert) und sie haben von ihrer Urspr\u00fcnglichkeit und [&#8230;]\n","protected":false},"featured_media":26588,"template":"","meta":[],"product_brand":[],"product_cat":[21544],"product_tag":[],"class_list":{"0":"post-148073","1":"product","2":"type-product","3":"status-publish","4":"has-post-thumbnail","6":"product_cat-fuehrerliteratur-alpin-sommer","7":"pa_autor-rhyner-jenny-leuzinger","8":"pa_erscheinungsjahr-21568","9":"pa_region-schweiz","10":"pa_sprache-de","12":"first","13":"instock","14":"taxable","15":"shipping-taxable","16":"purchasable","17":"product-type-simple"},"_links":{"self":[{"href":"https:\/\/pizbube.ch\/en\/wp-json\/wp\/v2\/product\/148073","targetHints":{"allow":["GET"]}}],"collection":[{"href":"https:\/\/pizbube.ch\/en\/wp-json\/wp\/v2\/product"}],"about":[{"href":"https:\/\/pizbube.ch\/en\/wp-json\/wp\/v2\/types\/product"}],"wp:featuredmedia":[{"embeddable":true,"href":"https:\/\/pizbube.ch\/en\/wp-json\/wp\/v2\/media\/26588"}],"wp:attachment":[{"href":"https:\/\/pizbube.ch\/en\/wp-json\/wp\/v2\/media?parent=148073"}],"wp:term":[{"taxonomy":"product_brand","embeddable":true,"href":"https:\/\/pizbube.ch\/en\/wp-json\/wp\/v2\/product_brand?post=148073"},{"taxonomy":"product_cat","embeddable":true,"href":"https:\/\/pizbube.ch\/en\/wp-json\/wp\/v2\/product_cat?post=148073"},{"taxonomy":"product_tag","embeddable":true,"href":"https:\/\/pizbube.ch\/en\/wp-json\/wp\/v2\/product_tag?post=148073"}],"curies":[{"name":"wp","href":"https:\/\/api.w.org\/{rel}","templated":true}]}}