{"id":148075,"date":"2021-01-15T10:56:34","date_gmt":"2021-01-15T10:56:34","guid":{"rendered":"https:\/\/codengine3.ch\/?product=import-placeholder-for-201359"},"modified":"2025-01-07T10:19:20","modified_gmt":"2025-01-07T09:19:20","slug":"glarner-sagen","status":"publish","type":"product","link":"https:\/\/pizbube.ch\/en\/shop\/glarner-sagen\/","title":{"rendered":"Glarner Sagen"},"content":{"rendered":"<p>145 Sagen wurden von den Herausgebern zusammengetragen und nach regionalen<br \/>\nGesichtspunkten geordnet. Sie schildern die W\u00fcnsche und \u00c4ngste der<br \/>\nmenschlichen Seele, viele entstammen tr\u00e4umen. Wildheuer, J\u00e4ger und \u00c4lpler, die<br \/>\ntagelang keinen Menschen sahen und viel Zeit hatten, an Dinge zu denken, die<br \/>\nihre Seelen gefangen hielten, spielen dabei eine wichtige Rolle. Viele Sagen<br \/>\nkommen in \u00e4hnlicher Form in anderen Alpenregionen vor. Dass in der frauenlosen<br \/>\nAlph\u00fctte eine Puppe hergestellt wurde, die dann ein unheimliches Eigenleben zu<br \/>\nf\u00fchren begann, erz\u00e4hlen sich auch Sennen aus anderen Bergt\u00e4lern. Die Sage von<br \/>\nder Versch\u00fcttung der Alp am Gl\u00e4rnisch hat mit der Sage von der Bl\u00fcemlisalp ein<br \/>\nGegenst\u00fcck.<\/p>\n<p>Hat die Sage in unserer aufgekl\u00e4rten Zeit noch einen Sinn? Das steigende<br \/>\nInteresse an Sagen zeigt auf, dass viele Menschen auf der Suche sind nach<br \/>\nDingen, die sich nicht auf Anhieb wissenschaftlich erkl\u00e4ren lassen. Die<br \/>\nExistenz all dieser Sagen beweist, dass dies nicht nur eine Erscheinung der<br \/>\nheutigen Zeit ist, sondern dass man sich auch in fr\u00fcheren Zeiten f\u00fcr heimliche<br \/>\nund unheimliche Geschichten interessierte. Historisch Interessierte erhalten<br \/>\ndurch die Sagen einen grossartigen Einblick in die Gedankenwelt fr\u00fcherer<br \/>\nGenerationen.<\/p>\n<p>320 Seiten, <span class=\"value\">Mit zahlreichen Abbildungen<\/span><\/p>","protected":false},"excerpt":{"rendered":"<p>145 Sagen wurden von den Herausgebern zusammengetragen und nach regionalen Gesichtspunkten geordnet. Sie schildern die W\u00fcnsche und \u00c4ngste der menschlichen Seele, viele entstammen tr\u00e4umen. Wildheuer, J\u00e4ger und \u00c4lpler, die tagelang keinen Menschen sahen und viel Zeit hatten, an Dinge zu denken, die ihre Seelen gefangen hielten, spielen dabei eine wichtige Rolle. Viele Sagen kommen in [&#8230;]\n","protected":false},"featured_media":177978,"template":"","meta":[],"product_brand":[],"product_cat":[21580,21542],"product_tag":[],"class_list":{"0":"post-148075","1":"product","2":"type-product","3":"status-publish","4":"has-post-thumbnail","6":"product_cat-kunst-kultur","7":"product_cat-sachbuecher-dokumentationen","8":"pa_autor-freuler-thuerer","9":"pa_erscheinungsjahr-27013","10":"pa_region-schweiz","11":"pa_sprache-de","13":"first","14":"instock","15":"taxable","16":"shipping-taxable","17":"purchasable","18":"product-type-simple"},"_links":{"self":[{"href":"https:\/\/pizbube.ch\/en\/wp-json\/wp\/v2\/product\/148075","targetHints":{"allow":["GET"]}}],"collection":[{"href":"https:\/\/pizbube.ch\/en\/wp-json\/wp\/v2\/product"}],"about":[{"href":"https:\/\/pizbube.ch\/en\/wp-json\/wp\/v2\/types\/product"}],"wp:featuredmedia":[{"embeddable":true,"href":"https:\/\/pizbube.ch\/en\/wp-json\/wp\/v2\/media\/177978"}],"wp:attachment":[{"href":"https:\/\/pizbube.ch\/en\/wp-json\/wp\/v2\/media?parent=148075"}],"wp:term":[{"taxonomy":"product_brand","embeddable":true,"href":"https:\/\/pizbube.ch\/en\/wp-json\/wp\/v2\/product_brand?post=148075"},{"taxonomy":"product_cat","embeddable":true,"href":"https:\/\/pizbube.ch\/en\/wp-json\/wp\/v2\/product_cat?post=148075"},{"taxonomy":"product_tag","embeddable":true,"href":"https:\/\/pizbube.ch\/en\/wp-json\/wp\/v2\/product_tag?post=148075"}],"curies":[{"name":"wp","href":"https:\/\/api.w.org\/{rel}","templated":true}]}}