{"id":148076,"date":"2021-01-15T10:56:34","date_gmt":"2021-01-15T10:56:34","guid":{"rendered":"https:\/\/codengine3.ch\/?product=import-placeholder-for-202046"},"modified":"2024-04-22T12:52:44","modified_gmt":"2024-04-22T10:52:44","slug":"toedi-sehnsucht-und-traum","status":"publish","type":"product","link":"https:\/\/pizbube.ch\/en\/shop\/toedi-sehnsucht-und-traum\/","title":{"rendered":"T\u00f6di, Sehnsucht und Traum"},"content":{"rendered":"<p>Die Ein\u00f6de zwischen dem Glarnerland und Graub\u00fcnden hat Alpinisten und Naturforscher, Theologen und Politiker, Maler und Dichter gefesselt.<\/p>\n<p><span class=\"value\">Der T\u00f6di hat Spuren im Leben der Menschen hinterlassen, die von ihm tr\u00e4umten und die sich aufmachten, seine Grate, Gletscherbr\u00fcche und wilden W\u00e4nde zu erforschen und zu bezwingen. Eine eigenartige Tragik scheint ihre Schicksale zu verbinden. Sechs Mal versuchte Pater Placidus a Spescha aus Trun zu Beginn des 19. Jahrhunderts den Gipfel zu erreichen, f\u00fcnf Mal der Arzt und Politiker Johannes Hegetschweiler aus St\u00e4fa am Z\u00fcrichsee. Beide scheiterten. Es waren einheimische G\u00e4msj\u00e4ger und Hirten, die schliesslich die Erstbesteigung schafften: Placi Curschellas und Augustin Bisquolm 1824 von S\u00fcden, Vater und Sohn V\u00f6geli mit Thomas Thut 1837 von Norden. Eine Woche sp\u00e4ter f\u00fchrten die drei Linthaler einen ersten Gast auf den T\u00f6di: den Sekret\u00e4r der Z\u00fcrcher Armen-pflege Friedrich von D\u00fcrler. Drei Jahre sp\u00e4ter st\u00fcrzte von D\u00fcrler zu Tode am harmlosen Uetliberg bei Z\u00fcrich. <\/span><\/p>\n<p><span class=\"value\">Doch haben die Erstbesteiger wirklich den Gipfel des Piz Russein oder des Glarner T\u00f6di betreten oder haben sie nur auf dem flachen Grat sitzend Brot und Speck verzehrt und die atemberaubende Aussicht bewundert? Hochgelehrte Nachsteiger haben die Leistung der G\u00e4msj\u00e4ger und Hirten in Frage gestellt unter ihnen Rudolf Theodor Simler, Gr\u00fcnder und erster Zentralpr\u00e4sident des Schweizer Alpen-Clubs. Am T\u00f6di l\u00e4sst sich die Sozialgeschichte des Alpinismus verfolgen, von den Anf\u00e4ngen bis in die Gegenwart. Der T\u00f6di, \u00abBerg von g\u00f6ttlicher Majest\u00e4t\u00bb nannte ihn der grosse Alpinist Ludwig Purtscheller, hat Dichter und K\u00fcnstler fasziniert und ihr Werk beeinflusst. <\/span><\/p>\n<p>Gebunden, 176 Seiten<\/p>","protected":false},"excerpt":{"rendered":"<p>Die Ein\u00f6de zwischen dem Glarnerland und Graub\u00fcnden hat Alpinisten und Naturforscher, Theologen und Politiker, Maler und Dichter gefesselt. Der T\u00f6di hat Spuren im Leben der Menschen hinterlassen, die von ihm tr\u00e4umten und die sich aufmachten, seine Grate, Gletscherbr\u00fcche und wilden W\u00e4nde zu erforschen und zu bezwingen. Eine eigenartige Tragik scheint ihre Schicksale zu verbinden. Sechs [&#8230;]\n","protected":false},"featured_media":172649,"template":"","meta":[],"product_brand":[],"product_cat":[21542],"product_tag":[],"class_list":{"0":"post-148076","1":"product","2":"type-product","3":"status-publish","4":"has-post-thumbnail","6":"product_cat-sachbuecher-dokumentationen","7":"pa_autor-zopfi","8":"pa_erscheinungsjahr-21750","9":"pa_region-schweiz","10":"pa_sprache-de","12":"first","13":"instock","14":"taxable","15":"shipping-taxable","16":"purchasable","17":"product-type-simple"},"_links":{"self":[{"href":"https:\/\/pizbube.ch\/en\/wp-json\/wp\/v2\/product\/148076","targetHints":{"allow":["GET"]}}],"collection":[{"href":"https:\/\/pizbube.ch\/en\/wp-json\/wp\/v2\/product"}],"about":[{"href":"https:\/\/pizbube.ch\/en\/wp-json\/wp\/v2\/types\/product"}],"wp:featuredmedia":[{"embeddable":true,"href":"https:\/\/pizbube.ch\/en\/wp-json\/wp\/v2\/media\/172649"}],"wp:attachment":[{"href":"https:\/\/pizbube.ch\/en\/wp-json\/wp\/v2\/media?parent=148076"}],"wp:term":[{"taxonomy":"product_brand","embeddable":true,"href":"https:\/\/pizbube.ch\/en\/wp-json\/wp\/v2\/product_brand?post=148076"},{"taxonomy":"product_cat","embeddable":true,"href":"https:\/\/pizbube.ch\/en\/wp-json\/wp\/v2\/product_cat?post=148076"},{"taxonomy":"product_tag","embeddable":true,"href":"https:\/\/pizbube.ch\/en\/wp-json\/wp\/v2\/product_tag?post=148076"}],"curies":[{"name":"wp","href":"https:\/\/api.w.org\/{rel}","templated":true}]}}