{"id":148077,"date":"2021-01-15T10:56:34","date_gmt":"2021-01-15T10:56:34","guid":{"rendered":"https:\/\/codengine3.ch\/?product=import-placeholder-for-201812"},"modified":"2021-01-15T12:04:48","modified_gmt":"2021-01-15T12:04:48","slug":"glarner-ueberschreitungen","status":"publish","type":"product","link":"https:\/\/pizbube.ch\/en\/shop\/glarner-ueberschreitungen\/","title":{"rendered":"Glarner \u00dcberschreitungen"},"content":{"rendered":"<p>\n18 ein- und zweit\u00e4gige Wanderungen zu Geschichte und Gegenwart eines engen<br \/>\nTales.  <\/p>\n<p>Schiefertafeln, Fu\u00dfballer, bedruckte T\u00fcechli, Ziger, Eis, ein Riese und<br \/>\nviele(s) mehr sind vom Glarnerland in die Welt aufgebrochen; Kurg\u00e4ste,<br \/>\nverschiedene Armeen, Autotouristen und die Pest in das enge Tal eingefallen.<br \/>\nDie \u00bbGlarner \u00dcberschreitungen\u00ab f\u00fchren zu den Tatorten des stetigen Ein und Aus<br \/>\nin diesem attraktiven Wandergebiet vor den Toren Z\u00fcrichs, das mit dem<br \/>\n\u00f6ffentliche Verkehr optimal erschlossen ist.  <\/p>\n<p>18 ein- der zweit\u00e4gige Wanderungen zeigen uns verborgene und \u00fcberraschende<br \/>\nSeiten des engen Tals: Seine es die Arbeiterk\u00e4mpfe w\u00e4hrend der Bl\u00fcte der<br \/>\nGlarner Textilindustrie, die Hoffnungen und das Leide der unz\u00e4hligen<br \/>\nAuswanderer im letzten Jahrhundert, die noblen G\u00e4ste im einst legend\u00e4ren Bad<br \/>\nStachelberg oder der Weg des Glarner Schiefers in die weite Welt.<br \/>\n3., \u00fcberarbeitete Aufl. 2007  <\/p>","protected":false},"excerpt":{"rendered":"<p>18 ein- und zweit\u00e4gige Wanderungen zu Geschichte und Gegenwart eines engen Tales. Schiefertafeln, Fu\u00dfballer, bedruckte T\u00fcechli, Ziger, Eis, ein Riese und viele(s) mehr sind vom Glarnerland in die Welt aufgebrochen; Kurg\u00e4ste, verschiedene Armeen, Autotouristen und die Pest in das enge Tal eingefallen. Die \u00bbGlarner \u00dcberschreitungen\u00ab f\u00fchren zu den Tatorten des stetigen Ein und Aus in [&#8230;]\n","protected":false},"featured_media":29198,"template":"","meta":[],"product_brand":[],"product_cat":[21605],"product_tag":[],"class_list":{"0":"post-148077","1":"product","2":"type-product","3":"status-publish","4":"has-post-thumbnail","6":"product_cat-wanderfuehrer-trekking","7":"pa_autor-meienberg","8":"pa_erscheinungsjahr-21842","9":"pa_region-schweiz","10":"pa_sprache-de","12":"first","13":"outofstock","14":"taxable","15":"shipping-taxable","16":"purchasable","17":"product-type-simple"},"_links":{"self":[{"href":"https:\/\/pizbube.ch\/en\/wp-json\/wp\/v2\/product\/148077","targetHints":{"allow":["GET"]}}],"collection":[{"href":"https:\/\/pizbube.ch\/en\/wp-json\/wp\/v2\/product"}],"about":[{"href":"https:\/\/pizbube.ch\/en\/wp-json\/wp\/v2\/types\/product"}],"wp:featuredmedia":[{"embeddable":true,"href":"https:\/\/pizbube.ch\/en\/wp-json\/wp\/v2\/media\/29198"}],"wp:attachment":[{"href":"https:\/\/pizbube.ch\/en\/wp-json\/wp\/v2\/media?parent=148077"}],"wp:term":[{"taxonomy":"product_brand","embeddable":true,"href":"https:\/\/pizbube.ch\/en\/wp-json\/wp\/v2\/product_brand?post=148077"},{"taxonomy":"product_cat","embeddable":true,"href":"https:\/\/pizbube.ch\/en\/wp-json\/wp\/v2\/product_cat?post=148077"},{"taxonomy":"product_tag","embeddable":true,"href":"https:\/\/pizbube.ch\/en\/wp-json\/wp\/v2\/product_tag?post=148077"}],"curies":[{"name":"wp","href":"https:\/\/api.w.org\/{rel}","templated":true}]}}