{"id":148078,"date":"2021-01-15T10:56:34","date_gmt":"2021-01-15T10:56:34","guid":{"rendered":"https:\/\/codengine3.ch\/?product=import-placeholder-for-202312"},"modified":"2021-01-15T12:35:13","modified_gmt":"2021-01-15T12:35:13","slug":"jugendtagebuch","status":"publish","type":"product","link":"https:\/\/pizbube.ch\/en\/shop\/jugendtagebuch\/","title":{"rendered":"Jugendtagebuch"},"content":{"rendered":"<p>&#8218;&#8230;gestern bis 1 Uhr nicht geschlafen; ich sah Sterne vom Himmel st\u00fcrzen. Ich<br \/>\nlese wenig mehr; mein ganzes Sinnen geh\u00f6rt den Bergen. Karten, Clubf\u00fchrer u.<br \/>\nDas Klettern im Vels habe ich immer zur Hand&#8216;. Dokument einer ungew\u00f6nlichen<br \/>\nIch- Werdung des Glarner Autors.  <\/p>","protected":false},"excerpt":{"rendered":"<p>&#8218;&#8230;gestern bis 1 Uhr nicht geschlafen; ich sah Sterne vom Himmel st\u00fcrzen. Ich lese wenig mehr; mein ganzes Sinnen geh\u00f6rt den Bergen. Karten, Clubf\u00fchrer u. Das Klettern im Vels habe ich immer zur Hand&#8216;. Dokument einer ungew\u00f6nlichen Ich- Werdung des Glarner Autors.<\/p>","protected":false},"featured_media":29689,"template":"","meta":[],"product_brand":[],"product_cat":[21629],"product_tag":[],"class_list":{"0":"post-148078","1":"product","2":"type-product","3":"status-publish","4":"has-post-thumbnail","6":"product_cat-belletristik","7":"pa_autor-hohl","8":"pa_erscheinungsjahr-22060","9":"pa_region-schweiz","10":"pa_sprache-de","12":"first","13":"instock","14":"taxable","15":"shipping-taxable","16":"purchasable","17":"product-type-simple"},"_links":{"self":[{"href":"https:\/\/pizbube.ch\/en\/wp-json\/wp\/v2\/product\/148078","targetHints":{"allow":["GET"]}}],"collection":[{"href":"https:\/\/pizbube.ch\/en\/wp-json\/wp\/v2\/product"}],"about":[{"href":"https:\/\/pizbube.ch\/en\/wp-json\/wp\/v2\/types\/product"}],"wp:featuredmedia":[{"embeddable":true,"href":"https:\/\/pizbube.ch\/en\/wp-json\/wp\/v2\/media\/29689"}],"wp:attachment":[{"href":"https:\/\/pizbube.ch\/en\/wp-json\/wp\/v2\/media?parent=148078"}],"wp:term":[{"taxonomy":"product_brand","embeddable":true,"href":"https:\/\/pizbube.ch\/en\/wp-json\/wp\/v2\/product_brand?post=148078"},{"taxonomy":"product_cat","embeddable":true,"href":"https:\/\/pizbube.ch\/en\/wp-json\/wp\/v2\/product_cat?post=148078"},{"taxonomy":"product_tag","embeddable":true,"href":"https:\/\/pizbube.ch\/en\/wp-json\/wp\/v2\/product_tag?post=148078"}],"curies":[{"name":"wp","href":"https:\/\/api.w.org\/{rel}","templated":true}]}}