{"id":148080,"date":"2021-01-15T10:56:34","date_gmt":"2021-01-15T10:56:34","guid":{"rendered":"https:\/\/codengine3.ch\/?product=import-placeholder-for-204565"},"modified":"2021-01-15T14:34:30","modified_gmt":"2021-01-15T14:34:30","slug":"toedi-spuren","status":"publish","type":"product","link":"https:\/\/pizbube.ch\/en\/shop\/toedi-spuren\/","title":{"rendered":"T\u00f6di-Spuren"},"content":{"rendered":"<p>Jubil\u00e4umsbuch 150 Jahre SAC Sektion T\u00f6di<\/p>\n<p>Am 30. Juli 1861 bestieg Dr. Rudolf Theodor Simler mit dem Bergf\u00fchrer Gabriel<br \/>\nZweifel den Piz Russein, den h\u00f6chsten Gipfel des T\u00f6dimassivs. Seine<br \/>\nBeobachtung, dass dieses Gebiet noch weitgehend unerforscht war, gab ihm die<br \/>\nIdee zur Gr\u00fcndung eines Alpen-Clubs. Dieser wurde am 19. April 1863 in Olten<br \/>\nins Leben gerufen. Bereits am 3. Mai 1863 fand in Glarus die<br \/>\nGr\u00fcndungsversammlung der SAC Sektion T\u00f6di statt.  <\/p>\n<p>Die Glarner Sektion war aber nicht nur Mitbegr\u00fcnderin des Schweizer Alpen-<br \/>\nClubs, sie pr\u00e4gte die Geschichte des Alpinismus in der Schweiz und im<br \/>\nGlarnerland auch mit zahlreichen Pionierleistungen.  <\/p>\n<p>Das Jubil\u00e4umsbuch w\u00fcrdigt die bemerkenswerte Geschichte der aktiven und<br \/>\ninnovativen Glarner Sektion \u2013 nicht als trockene Chronik, sondern als<br \/>\nspannendes Werk \u00fcber die SAC Sektion T\u00f6di gestern, heute und morgen sowie \u00fcber<br \/>\nden Alpinismus im Kanton Glarus. Glarnerinnen und Glarner erz\u00e4hlen zudem, wie<br \/>\ndie Berge sie gepr\u00e4gt haben.<br \/>\nUmfang: 200 Seiten mit zahlreichen Abbildungen, gebunden<\/p>","protected":false},"excerpt":{"rendered":"<p>Jubil\u00e4umsbuch 150 Jahre SAC Sektion T\u00f6di Am 30. Juli 1861 bestieg Dr. Rudolf Theodor Simler mit dem Bergf\u00fchrer Gabriel Zweifel den Piz Russein, den h\u00f6chsten Gipfel des T\u00f6dimassivs. Seine Beobachtung, dass dieses Gebiet noch weitgehend unerforscht war, gab ihm die Idee zur Gr\u00fcndung eines Alpen-Clubs. Dieser wurde am 19. April 1863 in Olten ins Leben [&#8230;]\n","protected":false},"featured_media":32671,"template":"","meta":[],"product_brand":[],"product_cat":[21542],"product_tag":[],"class_list":{"0":"post-148080","1":"product","2":"type-product","3":"status-publish","4":"has-post-thumbnail","6":"product_cat-sachbuecher-dokumentationen","7":"pa_autor-sac-sektion-toedi-hrsg","8":"pa_erscheinungsjahr-21568","9":"pa_region-schweiz","10":"pa_sprache-de","12":"first","13":"instock","14":"taxable","15":"shipping-taxable","16":"purchasable","17":"product-type-simple"},"_links":{"self":[{"href":"https:\/\/pizbube.ch\/en\/wp-json\/wp\/v2\/product\/148080","targetHints":{"allow":["GET"]}}],"collection":[{"href":"https:\/\/pizbube.ch\/en\/wp-json\/wp\/v2\/product"}],"about":[{"href":"https:\/\/pizbube.ch\/en\/wp-json\/wp\/v2\/types\/product"}],"wp:featuredmedia":[{"embeddable":true,"href":"https:\/\/pizbube.ch\/en\/wp-json\/wp\/v2\/media\/32671"}],"wp:attachment":[{"href":"https:\/\/pizbube.ch\/en\/wp-json\/wp\/v2\/media?parent=148080"}],"wp:term":[{"taxonomy":"product_brand","embeddable":true,"href":"https:\/\/pizbube.ch\/en\/wp-json\/wp\/v2\/product_brand?post=148080"},{"taxonomy":"product_cat","embeddable":true,"href":"https:\/\/pizbube.ch\/en\/wp-json\/wp\/v2\/product_cat?post=148080"},{"taxonomy":"product_tag","embeddable":true,"href":"https:\/\/pizbube.ch\/en\/wp-json\/wp\/v2\/product_tag?post=148080"}],"curies":[{"name":"wp","href":"https:\/\/api.w.org\/{rel}","templated":true}]}}