{"id":148081,"date":"2021-01-15T10:56:34","date_gmt":"2021-01-15T10:56:34","guid":{"rendered":"https:\/\/codengine3.ch\/?product=import-placeholder-for-208686"},"modified":"2025-05-02T12:38:40","modified_gmt":"2025-05-02T10:38:40","slug":"hochtouren-topofuehrer-urner-glarner-tessiner-alpen","status":"publish","type":"product","link":"https:\/\/pizbube.ch\/en\/shop\/hochtouren-topofuehrer-urner-glarner-tessiner-alpen\/","title":{"rendered":"Hochtouren Topof\u00fchrer Urner, Glarner, Tessiner Alpen"},"content":{"rendered":"<p>65 Touren in Fels und Eis zwischen Monte Leone und Calanda<br \/>\nMit Simplon und Binntal<br \/>\n120 Alternativrouten und Varianten \/ Wandergipfel \/ Trekkings<\/p>\n<p>Druckfrisch auf den Sommer 2018 erscheint der vierte Hochtouren-Topof\u00fchrer<br \/>\n\u00fcber die Urner, Glarner und Tessiner Alpen und dem angrenzenden Binntal, dem<br \/>\nSimplongebiet und dem Gotthard-Massiv. Obwohl die Leone-Gruppe (Simplon-<br \/>\nBinntal) auf Walliser Boden steht, passen die Touren vom Charakter besser in<br \/>\ndiesen F\u00fchrer.<\/p>\n<p>W\u00e4hrend im Walliser und Berner Hochtouren-Topof\u00fchrer oft grosse Gletscher die<br \/>\nLandschaft pr\u00e4gen, beschreiben die Autoren in diesen Gebieten auch Gipfel,<br \/>\nderen Zu- und Abstiege kaum oder gar nicht mehr \u00fcber Gletscher f\u00fchren. Auf<br \/>\nSteigeisen und den Pickel kann je nach Schneeverh\u00e4ltnissen dann g\u00e4nzlich<br \/>\nverzichtet werden. Gerade diese Touren haben ihren Reiz am Anfang oder Ende<br \/>\nder Hochtourensaison, wenn noch oder bereits wieder Schnee liegt und die<br \/>\nSeilschaft oft alleine am Berg ist.<\/p>\n<p>Einmal mehr hat das Autorenteam neben markanten und bekannten Tourenzielen<br \/>\nauch viele Touren, die wenig begangen sind, in den Auswahlf\u00fchrer aufgenommen.<br \/>\nDie eingezeichneten Routen auf den 1:25 000 Landeskarten (swisstopo), die<br \/>\nerg\u00e4nzenden Routenskizzen (Topos) und aktuelle Fotos lassen erkennen, dass die<br \/>\nAutoren mit Bleistift und Notizblock im Gel\u00e4nde unterwegs waren.<\/p>\n<p>Der F\u00fcher wurde komplett \u00fcberarbeitet, der aktuellen Situation am Berg angepasst (Gletscherschwund, Felsausbr\u00fcche)<br \/>\nund mit weiteren, seit der Zweitausgabe, zus\u00e4tzlichen Alternativ-Touren, Varianten erg\u00e4nzt.<br \/>\nS\u00e4mtliche Landeskartenauschnitte wurden erneuert. Ein erweitertes Inhaltsverzeichnis sowie neue Bilder verhelfen dem beliebten Hochtourenf\u00fchrer zu neuem Glanz.<\/p>\n<p>3. Auflage, 2022<br \/>\n65 Touren in Fels und Eis zwischen Monte Leone und Calanda mit Simplon und Binntal<br \/>\n408 Seiten, 13 x 18 cm, 4-farbig, Softcover<\/p>","protected":false},"excerpt":{"rendered":"<ul>\n<li><a href=\"https:\/\/pizbube.ch\/wp-content\/uploads\/attachments\/a_031\/F089CB0DE0F0BC224B10031F5F8B278E.pdf\" target=\"_blank\" rel=\"noopener\">PDF: Routenverzeichnis_Hochtourenf\u00fchrer_Urner_Glarner_Tessiner_2018.pdf<\/a><\/li>\n<li><a href=\"https:\/\/pizbube.ch\/wp-content\/uploads\/attachments\/a_031\/F49BC6A4BBDA55D64B867D809C58B504.pdf\" target=\"_blank\" rel=\"noopener\">PDF: Leseprobe_Hochtouren_Topof\u00fchrer_Urner_Glarner_Tessiner Alpen.pdf<\/a><\/li>\n<\/ul>","protected":false},"featured_media":161682,"template":"","meta":[],"product_brand":[],"product_cat":[21544],"product_tag":[],"class_list":{"0":"post-148081","1":"product","2":"type-product","3":"status-publish","4":"has-post-thumbnail","6":"product_cat-fuehrerliteratur-alpin-sommer","7":"pa_autor-silbernagel-wullschleger","8":"pa_erscheinungsjahr-27013","9":"pa_region-schweiz","10":"pa_sprache-de","12":"first","13":"instock","14":"taxable","15":"shipping-taxable","16":"purchasable","17":"product-type-simple"},"_links":{"self":[{"href":"https:\/\/pizbube.ch\/en\/wp-json\/wp\/v2\/product\/148081","targetHints":{"allow":["GET"]}}],"collection":[{"href":"https:\/\/pizbube.ch\/en\/wp-json\/wp\/v2\/product"}],"about":[{"href":"https:\/\/pizbube.ch\/en\/wp-json\/wp\/v2\/types\/product"}],"wp:featuredmedia":[{"embeddable":true,"href":"https:\/\/pizbube.ch\/en\/wp-json\/wp\/v2\/media\/161682"}],"wp:attachment":[{"href":"https:\/\/pizbube.ch\/en\/wp-json\/wp\/v2\/media?parent=148081"}],"wp:term":[{"taxonomy":"product_brand","embeddable":true,"href":"https:\/\/pizbube.ch\/en\/wp-json\/wp\/v2\/product_brand?post=148081"},{"taxonomy":"product_cat","embeddable":true,"href":"https:\/\/pizbube.ch\/en\/wp-json\/wp\/v2\/product_cat?post=148081"},{"taxonomy":"product_tag","embeddable":true,"href":"https:\/\/pizbube.ch\/en\/wp-json\/wp\/v2\/product_tag?post=148081"}],"curies":[{"name":"wp","href":"https:\/\/api.w.org\/{rel}","templated":true}]}}