{"id":148083,"date":"2021-01-15T10:56:34","date_gmt":"2021-01-15T10:56:34","guid":{"rendered":"https:\/\/codengine3.ch\/?product=import-placeholder-for-207309"},"modified":"2024-10-23T09:49:15","modified_gmt":"2024-10-23T07:49:15","slug":"traumtouren-25-aussergewoehnliche-skidurchquerungen-in-den-alpen","status":"publish","type":"product","link":"https:\/\/pizbube.ch\/en\/shop\/traumtouren-25-aussergewoehnliche-skidurchquerungen-in-den-alpen\/","title":{"rendered":"Traumtouren &#8211; 25 aussergew\u00f6hnliche Skidurchquerungen in den Alpen"},"content":{"rendered":"<p>\u00dcber alle Berge in Pulver und Firn: das gro\u00dfe Touren-Portfolio f\u00fcr alle<br \/>\nSkitourenfans Skitouren erfreuen sich immer gr\u00f6\u00dferer Beliebtheit und der Trend<br \/>\ngeht dabei hin zum langen Skitourenwochenende oder einer ganzen<br \/>\nHochtourenwoche, w\u00e4hrend der man von H\u00fctte zu H\u00fctte mit Tourenski und<br \/>\nentsprechender Ausr\u00fcstung durch die wunderwei\u00dfe Bergwelt zieht.<\/p>\n<p>Dieser gro\u00dfz\u00fcgig illustrierte, moderne Bildband bringt ein reizvolles<br \/>\nPortfolio attraktiver Mehrtagestouren und au\u00dfergew\u00f6hnlicher Tagesrunden, in<br \/>\ndem Skitouren-Einsteiger, Variantenfreaks und Freerider ebenso neue Ziele<br \/>\nfinden wie ambitionierte Skibergsteiger.<\/p>\n<p>Neben klassischen Skidurchquerungen wie der Haute Route oder der Skiroute<br \/>\nHoch-Tirol werden auch komplett neue Runden wie der Nockberge-Trail in K\u00e4rnten<br \/>\nvorgestellt. Schwerpunkt sind jedoch eigens vom Autor in Zusammenarbeit mit<br \/>\nlokalen Guides kreierte Durchquerungen, die das Beste aus jedem Gebiet<br \/>\nverbinden und die es so noch nicht gab. Ebenso animierende wie informierende<br \/>\nTextreportagen und ausf\u00fchrliche Infobl\u00f6cke mit allen wichtigen Fakten zur<br \/>\npers\u00f6nlichen Tourenplanung sowie \u00dcbersichtskarten zu jeder Tour machen es<br \/>\nleicht, diese Skitourentr\u00e4ume zu verwirklichen.<\/p>\n<p>15 Touren in den \u00f6sterreichischen Alpen, f\u00fcnf Touren in S\u00fcdtirol\/Italien, f\u00fcnf<br \/>\nWestalpen-Touren (Schweiz und Frankreich)<\/p>\n<p>224 Seiten; 294 farb. Abb., 25 farb. Karten; 295 mm x 246 mm, Hardcover<\/p>","protected":false},"excerpt":{"rendered":"<p>\u00dcber alle Berge in Pulver und Firn: das gro\u00dfe Touren-Portfolio f\u00fcr alle Skitourenfans Skitouren erfreuen sich immer gr\u00f6\u00dferer Beliebtheit und der Trend geht dabei hin zum langen Skitourenwochenende oder einer ganzen Hochtourenwoche, w\u00e4hrend der man von H\u00fctte zu H\u00fctte mit Tourenski und entsprechender Ausr\u00fcstung durch die wunderwei\u00dfe Bergwelt zieht. Dieser gro\u00dfz\u00fcgig illustrierte, moderne Bildband bringt [&#8230;]\n","protected":false},"featured_media":176873,"template":"","meta":[],"product_brand":[],"product_cat":[21540],"product_tag":[],"class_list":{"0":"post-148083","1":"product","2":"type-product","3":"status-publish","4":"has-post-thumbnail","6":"product_cat-fuehrerliteratur-alpin-winter","7":"pa_autor-herbke","8":"pa_erscheinungsjahr-21586","9":"pa_region-oesterreich","10":"pa_sprache-de","12":"first","13":"instock","14":"taxable","15":"shipping-taxable","16":"purchasable","17":"product-type-simple"},"_links":{"self":[{"href":"https:\/\/pizbube.ch\/en\/wp-json\/wp\/v2\/product\/148083","targetHints":{"allow":["GET"]}}],"collection":[{"href":"https:\/\/pizbube.ch\/en\/wp-json\/wp\/v2\/product"}],"about":[{"href":"https:\/\/pizbube.ch\/en\/wp-json\/wp\/v2\/types\/product"}],"wp:featuredmedia":[{"embeddable":true,"href":"https:\/\/pizbube.ch\/en\/wp-json\/wp\/v2\/media\/176873"}],"wp:attachment":[{"href":"https:\/\/pizbube.ch\/en\/wp-json\/wp\/v2\/media?parent=148083"}],"wp:term":[{"taxonomy":"product_brand","embeddable":true,"href":"https:\/\/pizbube.ch\/en\/wp-json\/wp\/v2\/product_brand?post=148083"},{"taxonomy":"product_cat","embeddable":true,"href":"https:\/\/pizbube.ch\/en\/wp-json\/wp\/v2\/product_cat?post=148083"},{"taxonomy":"product_tag","embeddable":true,"href":"https:\/\/pizbube.ch\/en\/wp-json\/wp\/v2\/product_tag?post=148083"}],"curies":[{"name":"wp","href":"https:\/\/api.w.org\/{rel}","templated":true}]}}