{"id":148087,"date":"2021-01-15T10:56:35","date_gmt":"2021-01-15T10:56:35","guid":{"rendered":"https:\/\/codengine3.ch\/?product=import-placeholder-for-207628"},"modified":"2021-01-15T16:05:21","modified_gmt":"2021-01-15T16:05:21","slug":"golden-boulders","status":"publish","type":"product","link":"https:\/\/pizbube.ch\/en\/shop\/golden-boulders\/","title":{"rendered":"Golden Boulders"},"content":{"rendered":"<p>Der Boulder &#8211; und Kletterf\u00fchrer Hampi mit touristischen Tipps, Informationen<br \/>\nzu Land und Leuten und kleinem W\u00f6rterbuch. In Englisch und Deutsch.<br \/>\nClimbing Guidebook Hampi, India<\/p>\n<p>Hampi &#8211; unendliche Blockweiten. Dazwischen ein blauer Fluss, Palmen, Affen,<br \/>\nverzauberte Tempel. Wenn Gott, Brahma, Shiva oder Allah ein Boulderparadies<br \/>\ngeschaffen haben, dann genau hier. Im Abendlicht schimmern die Felsplateaus<br \/>\ngolden, an den darauf wie riesige Kullern liegenden Bl\u00f6cken kann herrlich<br \/>\ngebouldert werden. Viele der hohen Felsen lassen sogar Seilklettereien zu.<br \/>\nAufgrund der vielen verstreuten Felsen so weit das Auge reicht, gilt Hampi als<br \/>\ndas gr\u00f6\u00dfte Bouldergebiet der Welt. Das Buch beschreibt alle bekannten<br \/>\nKlettereien.<\/p>\n<p>Zus\u00e4tzlich zu den Topos gibt es Karten und viele Informationen zum Reisen und<br \/>\n\u00fcber Land und Leute. So kann auch der Hampif\u00fchrer als &#171;Kletterreisef\u00fchrer&#187;<br \/>\nbezeichnet werden.<\/p>\n<p>DIN \u2013 A 5 Querformat, farbig, 352 Seiten; 1. Auflage Englisch\/Deutsch<\/p>","protected":false},"excerpt":{"rendered":"<p>Der Boulder &#8211; und Kletterf\u00fchrer Hampi mit touristischen Tipps, Informationen zu Land und Leuten und kleinem W\u00f6rterbuch. In Englisch und Deutsch. Climbing Guidebook Hampi, India Hampi &#8211; unendliche Blockweiten. Dazwischen ein blauer Fluss, Palmen, Affen, verzauberte Tempel. Wenn Gott, Brahma, Shiva oder Allah ein Boulderparadies geschaffen haben, dann genau hier. Im Abendlicht schimmern die Felsplateaus [&#8230;]\n","protected":false},"featured_media":37997,"template":"","meta":[],"product_brand":[],"product_cat":[21539],"product_tag":[],"class_list":{"0":"post-148087","1":"product","2":"type-product","3":"status-publish","4":"has-post-thumbnail","6":"product_cat-fuehrerliteratur-sportklettern-bouldern","7":"pa_autor-krug-hupe","8":"pa_erscheinungsjahr-21568","9":"pa_region-asien","10":"pa_sprache-de","12":"first","13":"instock","14":"taxable","15":"shipping-taxable","16":"purchasable","17":"product-type-simple"},"_links":{"self":[{"href":"https:\/\/pizbube.ch\/en\/wp-json\/wp\/v2\/product\/148087","targetHints":{"allow":["GET"]}}],"collection":[{"href":"https:\/\/pizbube.ch\/en\/wp-json\/wp\/v2\/product"}],"about":[{"href":"https:\/\/pizbube.ch\/en\/wp-json\/wp\/v2\/types\/product"}],"wp:featuredmedia":[{"embeddable":true,"href":"https:\/\/pizbube.ch\/en\/wp-json\/wp\/v2\/media\/37997"}],"wp:attachment":[{"href":"https:\/\/pizbube.ch\/en\/wp-json\/wp\/v2\/media?parent=148087"}],"wp:term":[{"taxonomy":"product_brand","embeddable":true,"href":"https:\/\/pizbube.ch\/en\/wp-json\/wp\/v2\/product_brand?post=148087"},{"taxonomy":"product_cat","embeddable":true,"href":"https:\/\/pizbube.ch\/en\/wp-json\/wp\/v2\/product_cat?post=148087"},{"taxonomy":"product_tag","embeddable":true,"href":"https:\/\/pizbube.ch\/en\/wp-json\/wp\/v2\/product_tag?post=148087"}],"curies":[{"name":"wp","href":"https:\/\/api.w.org\/{rel}","templated":true}]}}