{"id":148089,"date":"2021-01-15T10:56:35","date_gmt":"2021-01-15T10:56:35","guid":{"rendered":"https:\/\/codengine3.ch\/?product=import-placeholder-for-200341"},"modified":"2021-01-15T10:56:41","modified_gmt":"2021-01-15T10:56:41","slug":"england-mitte","status":"publish","type":"product","link":"https:\/\/pizbube.ch\/en\/shop\/england-mitte\/","title":{"rendered":"England Mitte"},"content":{"rendered":"<p>Englands Mitte: 52 Touren Im Herzen Englands von den Cotswolds zum Peak<br \/>\nDistrict  <\/p>\n<p>Wer sich im Herzen Englands die Wanderschuhe anzieht, durchschreitet vor allem<br \/>\naltes Kulturland \u2013also typisch englische Landschaft mit fruchtbarem Weideland<br \/>\nund beeindruckenden Herrenh\u00e4usern, aber auch moorige Hochplateaus und<br \/>\neichenbewachsene Flusst\u00e4ler. Die f\u00fcr diesen Rother Wander-f\u00fchrer ausgew\u00e4hlten<br \/>\nTouren leiten die Wanderer zu einigen der Wander-Highlights in Mittelengland:<br \/>\n\u00fcber die sanften H\u00fcgel der durch Schafzucht zu Reichtum gekommenen Cotswolds<br \/>\nmit ihren kleinen Weilern, die rauen Hochplateaus und durch die tiefgr\u00fcnen<br \/>\nT\u00e4ler des Peak District National Park bis in die Grenzregion zu Wales, von den<br \/>\ngesch\u00fctzten Eichenw\u00e4ldern des Forest of Dean im S\u00fcden bis zu den aus der<br \/>\nEisenzeit stammenden Seen im Norden der Grafschaft Shropshire.  <\/p>\n<p>Das englische Wetter kann zwar durchaus die Ausr\u00fcstung herausfordern, aber<br \/>\ndaf\u00fcr gleicht die Natur den Regenreichtum mit Teppichen aus Narzissen im M\u00e4rz,<br \/>\nwilden Hyazinthen und wei\u00dfem B\u00e4rlauch im Mai, tiefgr\u00fcnem Weideland im Sommer<br \/>\nund mit in die sch\u00f6nsten Herbstfarben getauchten W\u00e4ldern im Oktober aus.<br \/>\nAufgrund der eher milden Temperaturen und der seltenen Schneef\u00e4lle l\u00e4sst es<br \/>\nsich auch im Winter gut wandern.  <\/p>\n<p>Vorgestellt wird eine Vielzahl unterschiedlicher Wanderungen, von k\u00fcrzeren<br \/>\nTouren, die man gut mit Sightseeing verbinden kann, bis hin zu<br \/>\nTageswanderungen, die auch einiges an Orientierungsverm\u00f6-gen voraussetzen.<br \/>\nAlle Tourenvorschl\u00e4ge sind leicht nachvollziehbar und mit einer zuverl\u00e4ssigen<br \/>\nWegbeschreibung, einem Kartenausschnitt mit eingetragenem Routenverlauf und<br \/>\neinem aussagekr\u00e4ftigen H\u00f6henprofil ausgestattet. GPS-Daten stehen f\u00fcr alle<br \/>\nTouren zum Download bereit.<\/p>","protected":false},"excerpt":{"rendered":"<ul>\n<li><a href=\"https:\/\/pizbube.ch\/wp-content\/uploads\/attachments\/a_002\/1FEB28B19735488B721462C164D0BAE0.pdf\" target=\"_blank\" rel=\"noopener\">PDF: england mitte_inhalt.pdf<\/a><\/li>\n<\/ul>","protected":false},"featured_media":26608,"template":"","meta":[],"product_brand":[],"product_cat":[21605],"product_tag":[],"class_list":{"0":"post-148089","1":"product","2":"type-product","3":"status-publish","4":"has-post-thumbnail","6":"product_cat-wanderfuehrer-trekking","7":"pa_autor-kreuter","8":"pa_erscheinungsjahr-21550","9":"pa_region-grossbritannien-scottland","10":"pa_sprache-de","12":"first","13":"instock","14":"taxable","15":"shipping-taxable","16":"purchasable","17":"product-type-simple"},"_links":{"self":[{"href":"https:\/\/pizbube.ch\/en\/wp-json\/wp\/v2\/product\/148089","targetHints":{"allow":["GET"]}}],"collection":[{"href":"https:\/\/pizbube.ch\/en\/wp-json\/wp\/v2\/product"}],"about":[{"href":"https:\/\/pizbube.ch\/en\/wp-json\/wp\/v2\/types\/product"}],"wp:featuredmedia":[{"embeddable":true,"href":"https:\/\/pizbube.ch\/en\/wp-json\/wp\/v2\/media\/26608"}],"wp:attachment":[{"href":"https:\/\/pizbube.ch\/en\/wp-json\/wp\/v2\/media?parent=148089"}],"wp:term":[{"taxonomy":"product_brand","embeddable":true,"href":"https:\/\/pizbube.ch\/en\/wp-json\/wp\/v2\/product_brand?post=148089"},{"taxonomy":"product_cat","embeddable":true,"href":"https:\/\/pizbube.ch\/en\/wp-json\/wp\/v2\/product_cat?post=148089"},{"taxonomy":"product_tag","embeddable":true,"href":"https:\/\/pizbube.ch\/en\/wp-json\/wp\/v2\/product_tag?post=148089"}],"curies":[{"name":"wp","href":"https:\/\/api.w.org\/{rel}","templated":true}]}}